{"id":15419,"date":"2025-02-24T22:48:53","date_gmt":"2025-02-24T21:48:53","guid":{"rendered":"https:\/\/staviori.com.pl\/product\/bizuteria-inwestycyjna-pierscionek-pxd3526w\/"},"modified":"2026-02-11T00:09:16","modified_gmt":"2026-02-10T23:09:16","slug":"bizuteria-inwestycyjna-pierscionek-pxd3526w","status":"publish","type":"product","link":"https:\/\/staviori.com.pl\/cs\/product\/bizuteria-inwestycyjna-pierscionek-pxd3526w\/","title":{"rendered":"Exkluzivn\u00ed | kr\u00e1sn\u00fd prsten z b\u00edl\u00e9ho zlata 750 s diamanty"},"content":{"rendered":"<p>Model: DDR1304W<br \/>\nWaga ok. 9,50g<\/p>\n<p>Prsten.<br \/>\nB\u00edl\u00e9 zlato 0,750.<br \/>\n73 Diamenty, szlif brylantowy, o masie ok. 0,94ct, barwa G-H, czysto\u015b\u0107 SI1.<\/p>\n<p>Szeroko\u015b\u0107 obr\u0105czki ok. 7-11 mm.<br \/>\nV\u00fd\u0161ka 4 mm.<\/p>\n<p>V\u00fdrobek v libovoln\u00e9 velikosti, dostupn\u00fd pouze na vy\u017e\u00e1d\u00e1n\u00ed, doba dod\u00e1n\u00ed cca 5 t\u00fddn\u016f.<\/p>","protected":false},"excerpt":{"rendered":"<p>Ol\u015bniewaj\u0105cy pier\u015bcionek wykonany z bia\u0142ego z\u0142ota pr\u00f3by 0,750, zachwyca nowoczesn\u0105 form\u0105 i luksusowym wyko\u0144czeniem. A\u017c 73 diamenty o \u0142\u0105cznej masie 0,94ct tworz\u0105 spektakularny blask, oplataj\u0105c harmonijnie ka\u017cdy z pas\u00f3w obr\u0105czki. Dynamiczne linie, efekt kontrastu z\u0142ota i subtelny po\u0142ysk kamieni czyni\u0105 z tego modelu prawdziwe dzie\u0142o sztuki jubilerskiej. Idealny wyb\u00f3r dla kobiety kochaj\u0105cej wyrazist\u0105 elegancj\u0119 i wyj\u0105tkowy design.<\/p>","protected":false},"featured_media":6540,"comment_status":"closed","ping_status":"closed","template":"","meta":{"om_disable_all_campaigns":false},"product_brand":[2284],"product_cat":[1803,6741,801],"product_tag":[2658,2798,2280,4757,5477,4708,5018],"class_list":{"0":"post-15419","1":"product","2":"type-product","3":"status-publish","4":"has-post-thumbnail","6":"product_brand-staviori","7":"product_cat-brylanty-exclusive","8":"product_cat-pierscionki-brylanty-exclusive","9":"product_cat-pierscionki","10":"product_tag-biale-zloto-750","11":"product_tag-bizuteria-staviori","12":"product_tag-luksusowa-bizuteria","13":"product_tag-nowoczesny-pierscionek","14":"product_tag-pierscionek-18k","15":"product_tag-pierscionek-z-diamentami","16":"product_tag-zloty-pierscionek","17":"pa_barwa-g-h","18":"pa_czystosc-si1","19":"pa_dostawca-draco","20":"pa_kamien-brylanty","21":"pa_kolor-biale","22":"pa_kruszec-zloto","23":"pa_proba-0-750","24":"pa_szerokosc-obraczki-ok-7-11mm","25":"pa_waga-950g","26":"pa_wysokosc-4mm","28":"first","29":"onbackorder","30":"purchasable","31":"product-type-simple"},"aioseo_notices":[],"_links":{"self":[{"href":"https:\/\/staviori.com.pl\/cs\/wp-json\/wp\/v2\/product\/15419","targetHints":{"allow":["GET"]}}],"collection":[{"href":"https:\/\/staviori.com.pl\/cs\/wp-json\/wp\/v2\/product"}],"about":[{"href":"https:\/\/staviori.com.pl\/cs\/wp-json\/wp\/v2\/types\/product"}],"replies":[{"embeddable":true,"href":"https:\/\/staviori.com.pl\/cs\/wp-json\/wp\/v2\/comments?post=15419"}],"wp:featuredmedia":[{"embeddable":true,"href":"https:\/\/staviori.com.pl\/cs\/wp-json\/wp\/v2\/media\/6540"}],"wp:attachment":[{"href":"https:\/\/staviori.com.pl\/cs\/wp-json\/wp\/v2\/media?parent=15419"}],"wp:term":[{"taxonomy":"product_brand","embeddable":true,"href":"https:\/\/staviori.com.pl\/cs\/wp-json\/wp\/v2\/product_brand?post=15419"},{"taxonomy":"product_cat","embeddable":true,"href":"https:\/\/staviori.com.pl\/cs\/wp-json\/wp\/v2\/product_cat?post=15419"},{"taxonomy":"product_tag","embeddable":true,"href":"https:\/\/staviori.com.pl\/cs\/wp-json\/wp\/v2\/product_tag?post=15419"}],"curies":[{"name":"wp","href":"https:\/\/api.w.org\/{rel}","templated":true}]}}