{"id":15414,"date":"2025-02-24T22:48:53","date_gmt":"2025-02-24T21:48:53","guid":{"rendered":"https:\/\/staviori.com.pl\/product\/pierscionek-z-diamentem-pxd2715\/"},"modified":"2026-02-11T00:09:51","modified_gmt":"2026-02-10T23:09:51","slug":"pierscionek-z-diamentem-pxd2715","status":"publish","type":"product","link":"https:\/\/staviori.com.pl\/cs\/product\/pierscionek-z-diamentem-pxd2715\/","title":{"rendered":"prsten se srd\u00ed\u010dky a diamanty"},"content":{"rendered":"<p>Model: PXD2715<br \/>\nWaga ok. 1,29g<\/p>\n<p>Prsten.<br \/>\n\u017dlut\u00e9, b\u00edl\u00e9 zlato 0,585.<br \/>\n1 Diament, szlif brylantowy, o masie 0,007ct, barwa H, czysto\u015b\u0107 I1.<\/p>\n<p>Szeroko\u015b\u0107 2.5 mm.<br \/>\nTlou\u0161\u0165ka 3 mm.<\/p>\n<p>Dost\u0119pna ostatnia sztuka w rozmiarze 16<\/p>","protected":false},"excerpt":{"rendered":"<p>Uroczy pier\u015bcionek z \u017c\u00f3\u0142tego i bia\u0142ego z\u0142ota 14K, ozdobiony subtelnym diamentem oraz a\u017curowym wzorem w kszta\u0142cie serduszek. Jego lekka, romantyczna forma zachwyca delikatno\u015bci\u0105 i precyzyjnym wykonaniem. L\u015bni\u0105ca powierzchnia bia\u0142ego z\u0142ota pi\u0119knie kontrastuje z ciep\u0142ym odcieniem \u017c\u00f3\u0142tego z\u0142ota, tworz\u0105c eleganck\u0105 i kobiec\u0105 kompozycj\u0119. Idealny jako symbol uczu\u0107 lub wyj\u0105tkowy prezent dla bliskiej osoby.<\/p>\n<p>Dost\u0119pna ostatnia sztuka w rozmiarze 16<\/p>","protected":false},"featured_media":20486,"comment_status":"closed","ping_status":"closed","template":"","meta":{"om_disable_all_campaigns":false},"product_brand":[2284],"product_cat":[1838,2182,801],"product_tag":[4679,4686,5482,2291,2579,4743,5018,3589],"class_list":{"0":"post-15414","1":"product","2":"type-product","3":"status-publish","4":"has-post-thumbnail","6":"product_brand-staviori","7":"product_cat-diamenty","8":"product_cat-pierscionek-z-diamentem","9":"product_cat-pierscionki","10":"product_tag-delikatny-pierscionek","11":"product_tag-pierscionek-z-diamentem","12":"product_tag-pierscionek-z-sercem","13":"product_tag-prezent-dla-niej","14":"product_tag-romantyczna-bizuteria","15":"product_tag-subtelny-pierscionek","16":"product_tag-zloty-pierscionek","17":"product_tag-zolte-i-biale-zloto","18":"pa_barwa-h-2","19":"pa_czystosc-i1","20":"pa_grubosc-3mm","21":"pa_kamien-diament","22":"pa_kolor-zolte","23":"pa_kruszec-zloto","24":"pa_proba-0-585","25":"pa_rozmiar-2356","26":"pa_szerokosc-2-5mm","27":"pa_waga-127g","29":"first","30":"instock","31":"sale","32":"purchasable","33":"product-type-variable","34":"has-default-attributes"},"aioseo_notices":[],"_links":{"self":[{"href":"https:\/\/staviori.com.pl\/cs\/wp-json\/wp\/v2\/product\/15414","targetHints":{"allow":["GET"]}}],"collection":[{"href":"https:\/\/staviori.com.pl\/cs\/wp-json\/wp\/v2\/product"}],"about":[{"href":"https:\/\/staviori.com.pl\/cs\/wp-json\/wp\/v2\/types\/product"}],"replies":[{"embeddable":true,"href":"https:\/\/staviori.com.pl\/cs\/wp-json\/wp\/v2\/comments?post=15414"}],"wp:featuredmedia":[{"embeddable":true,"href":"https:\/\/staviori.com.pl\/cs\/wp-json\/wp\/v2\/media\/20486"}],"wp:attachment":[{"href":"https:\/\/staviori.com.pl\/cs\/wp-json\/wp\/v2\/media?parent=15414"}],"wp:term":[{"taxonomy":"product_brand","embeddable":true,"href":"https:\/\/staviori.com.pl\/cs\/wp-json\/wp\/v2\/product_brand?post=15414"},{"taxonomy":"product_cat","embeddable":true,"href":"https:\/\/staviori.com.pl\/cs\/wp-json\/wp\/v2\/product_cat?post=15414"},{"taxonomy":"product_tag","embeddable":true,"href":"https:\/\/staviori.com.pl\/cs\/wp-json\/wp\/v2\/product_tag?post=15414"}],"curies":[{"name":"wp","href":"https:\/\/api.w.org\/{rel}","templated":true}]}}