{"id":15409,"date":"2025-02-24T22:48:48","date_gmt":"2025-02-24T21:48:48","guid":{"rendered":"https:\/\/staviori.com.pl\/product\/pierscionek-z-diamentem-pxd1943\/"},"modified":"2026-02-11T00:09:15","modified_gmt":"2026-02-10T23:09:15","slug":"pierscionek-z-diamentem-pxd1943","status":"publish","type":"product","link":"https:\/\/staviori.com.pl\/cs\/product\/pierscionek-z-diamentem-pxd1943\/","title":{"rendered":"z\u00e1snubn\u00ed prsten z dvoubarevn\u00e9ho zlata s 0,15ct diamantem"},"content":{"rendered":"<p>Model: PZD1943<br \/>\nHmotnost p\u0159ibli\u017en\u011b 1,90 g<\/p>\n<p>Prsten.<br \/>\n\u017dlut\u00e9, b\u00edl\u00e9 zlato 0,585.<br \/>\n1 Diament, szlif brylantowy, o masie 0,15ct, barwa G, czysto\u015b\u0107 SI1.<\/p>\n<p>Szeroko\u015b\u0107 5.5-2 mm.<br \/>\nWysoko\u015b\u0107 3.5 mm.<\/p>\n<p>K dispozici na individu\u00e1ln\u00ed objedn\u00e1vku s jak\u00fdmkoli jin\u00fdm diamantem.<br \/>\nZ\u00e1snubn\u00ed prsten<br \/>\nK dispozici jsou pouze n\u011bkter\u00e9 velikosti - zeptejte se<\/p>\n<p>Klasyka w nieco mniej tradycyjnym uj\u0119ciu pier\u015bcionka zar\u0119czynowego, w kt\u00f3rym \u0142agodne, delikatnie faluj\u0105ce linie otulaj\u0105 szlachetne refleksy diamentu o brylantowym szlifie. Efekt ten wzmocniono po\u0142\u0105czeniem ponadczasowego \u017c\u00f3\u0142tego z\u0142ota z bia\u0142ym. Kruszec wysokiej pr\u00f3by 0,585. Zachwycaj\u0105cy urod\u0105 pier\u015bcionek zar\u0119czynowy dost\u0119pny jest w wersji w innych kolorach z\u0142ota oraz z brylantem o masie 0,10 ct. i 0,25 ct.<\/p>","protected":false},"excerpt":{"rendered":"<p>Pier\u015bcionek zar\u0119czynowy w nietuzinkowym stylu, \u0142\u0105cz\u0105cy klasyk\u0119 z nowoczesnym designem. Harmonijnie splecione pasma \u017c\u00f3\u0142tego i bia\u0142ego z\u0142ota pr\u00f3by 0,585 otulaj\u0105 ol\u015bniewaj\u0105cy diament o masie 0,15 ct w szlifie brylantowym. Faluj\u0105ca linia oprawy subtelnie podkre\u015bla blask kamienia, tworz\u0105c wyj\u0105tkowo kobiec\u0105 i romantyczn\u0105 form\u0119. Idealny dla kobiet poszukuj\u0105cych elegancji z nut\u0105 indywidualno\u015bci.<\/p>","protected":false},"featured_media":20335,"comment_status":"closed","ping_status":"closed","template":"","meta":{"om_disable_all_campaigns":false},"product_brand":[2284],"product_cat":[1838,6752,2182,801],"product_tag":[2308,4823,2317,4695,4353,4668,5436,5435,4116,2522],"class_list":{"0":"post-15409","1":"product","2":"type-product","3":"status-publish","4":"has-post-thumbnail","6":"product_brand-staviori","7":"product_cat-diamenty","8":"product_cat-kolekcja-staviori-must-have","9":"product_cat-pierscionek-z-diamentem","10":"product_cat-pierscionki","11":"product_tag-biale-zloto","12":"product_tag-diament-0-15ct","13":"product_tag-elegancka-bizuteria","14":"product_tag-nietypowy-pierscionek","15":"product_tag-nowoczesny-design","16":"product_tag-pierscionek-zareczynowy","17":"product_tag-pxd1943","18":"product_tag-pzd1943","19":"product_tag-romantyczny-styl","20":"product_tag-zolte-zloto","21":"pa_barwa-g-2","22":"pa_czystosc-si1","23":"pa_dostawca-draco","24":"pa_kamien-brylant","25":"pa_kolor-biale","26":"pa_kolor-zolte","27":"pa_kruszec-zloto","28":"pa_proba-0-585","29":"pa_szerokosc-5-5-2mm","30":"pa_waga-190g","31":"pa_wysokosc-3-5mm","33":"first","34":"instock","35":"purchasable","36":"product-type-simple"},"aioseo_notices":[],"_links":{"self":[{"href":"https:\/\/staviori.com.pl\/cs\/wp-json\/wp\/v2\/product\/15409","targetHints":{"allow":["GET"]}}],"collection":[{"href":"https:\/\/staviori.com.pl\/cs\/wp-json\/wp\/v2\/product"}],"about":[{"href":"https:\/\/staviori.com.pl\/cs\/wp-json\/wp\/v2\/types\/product"}],"replies":[{"embeddable":true,"href":"https:\/\/staviori.com.pl\/cs\/wp-json\/wp\/v2\/comments?post=15409"}],"wp:featuredmedia":[{"embeddable":true,"href":"https:\/\/staviori.com.pl\/cs\/wp-json\/wp\/v2\/media\/20335"}],"wp:attachment":[{"href":"https:\/\/staviori.com.pl\/cs\/wp-json\/wp\/v2\/media?parent=15409"}],"wp:term":[{"taxonomy":"product_brand","embeddable":true,"href":"https:\/\/staviori.com.pl\/cs\/wp-json\/wp\/v2\/product_brand?post=15409"},{"taxonomy":"product_cat","embeddable":true,"href":"https:\/\/staviori.com.pl\/cs\/wp-json\/wp\/v2\/product_cat?post=15409"},{"taxonomy":"product_tag","embeddable":true,"href":"https:\/\/staviori.com.pl\/cs\/wp-json\/wp\/v2\/product_tag?post=15409"}],"curies":[{"name":"wp","href":"https:\/\/api.w.org\/{rel}","templated":true}]}}