{"id":15408,"date":"2025-02-24T22:48:48","date_gmt":"2025-02-24T21:48:48","guid":{"rendered":"https:\/\/staviori.com.pl\/product\/pierscionek-z-diamentem-pxd1935\/"},"modified":"2026-04-08T20:52:00","modified_gmt":"2026-04-08T18:52:00","slug":"pierscionek-z-diamentem-pxd1935","status":"publish","type":"product","link":"https:\/\/staviori.com.pl\/cs\/product\/pierscionek-z-diamentem-pxd1935\/","title":{"rendered":"klasick\u00fd z\u00e1snubn\u00ed prsten s 0,10ct H\/Si diamantem"},"content":{"rendered":"<p>Model: PZD1935<br \/>\nWaga ok. 1,65g<\/p>\n<p>Prsten.<br \/>\n\u017dlut\u00e9, b\u00edl\u00e9 zlato 0,585.<br \/>\n1 Diament, szlif brylantowy, o masie 0,10ct., barwa H, czysto\u015b\u0107 SI2.<\/p>\n<p>\u015arednica korony ok. 4 mm.<br \/>\nV\u00fd\u0161ka 3 mm.<\/p>\n<p>Z\u00e1snubn\u00ed prsten<br \/>\nProdukt w dowolnym rozmiarze, dost\u0119pny wy\u0142\u0105cznie na zam\u00f3wienie, czas realizacji ok. 1 tydzie\u0144.<br \/>\nK dispozici na individu\u00e1ln\u00ed objedn\u00e1vku s jak\u00fdmkoli jin\u00fdm diamantem.<\/p>","protected":false},"excerpt":{"rendered":"<p>Subtelny pier\u015bcionek zar\u0119czynowy wykonany z po\u0142\u0105czenia \u017c\u00f3\u0142tego i bia\u0142ego z\u0142ota pr\u00f3by 0,585. Zwie\u0144czony l\u015bni\u0105cym diamentem o masie 0,10 ct w klasycznym sze\u015bciokrapowym oprawieniu, przyci\u0105ga spojrzenia ponadczasowym wdzi\u0119kiem. Delikatna forma i elegancki blask czyni\u0105 go idealnym wyborem na wyj\u0105tkowy moment zar\u0119czyn.<\/p>","protected":false},"featured_media":20322,"comment_status":"closed","ping_status":"closed","template":"","meta":{"om_disable_all_campaigns":false},"product_brand":[2284,2350],"product_cat":[1838,2182,801],"product_tag":[5431,5432,4679,5030,3690,2603,4668,5434,5433,2522],"class_list":{"0":"post-15408","1":"product","2":"type-product","3":"status-publish","4":"has-post-thumbnail","6":"product_brand-staviori","7":"product_brand-verona","8":"product_cat-diamenty","9":"product_cat-pierscionek-z-diamentem","10":"product_cat-pierscionki","11":"product_tag-1321msh","12":"product_tag-bialy-zloty-pierscionek","13":"product_tag-delikatny-pierscionek","14":"product_tag-diament-0-10ct","15":"product_tag-elegancki-prezent","16":"product_tag-klasyczna-bizuteria","17":"product_tag-pierscionek-zareczynowy","18":"product_tag-pxd1935","19":"product_tag-pzd1935","20":"product_tag-zolte-zloto","21":"pa_barwa-h-2","22":"pa_czystosc-si2","23":"pa_kamien-brylant","24":"pa_kolor-zolte","25":"pa_kruszec-zloto","26":"pa_proba-0-585","27":"pa_rozmiar-2354","28":"pa_rozmiar-2355","29":"pa_srednica-korony-ok-4mm","30":"pa_waga-165g","31":"pa_wysokosc-3mm","33":"first","34":"onbackorder","35":"purchasable","36":"product-type-simple"},"aioseo_notices":[],"_links":{"self":[{"href":"https:\/\/staviori.com.pl\/cs\/wp-json\/wp\/v2\/product\/15408","targetHints":{"allow":["GET"]}}],"collection":[{"href":"https:\/\/staviori.com.pl\/cs\/wp-json\/wp\/v2\/product"}],"about":[{"href":"https:\/\/staviori.com.pl\/cs\/wp-json\/wp\/v2\/types\/product"}],"replies":[{"embeddable":true,"href":"https:\/\/staviori.com.pl\/cs\/wp-json\/wp\/v2\/comments?post=15408"}],"wp:featuredmedia":[{"embeddable":true,"href":"https:\/\/staviori.com.pl\/cs\/wp-json\/wp\/v2\/media\/20322"}],"wp:attachment":[{"href":"https:\/\/staviori.com.pl\/cs\/wp-json\/wp\/v2\/media?parent=15408"}],"wp:term":[{"taxonomy":"product_brand","embeddable":true,"href":"https:\/\/staviori.com.pl\/cs\/wp-json\/wp\/v2\/product_brand?post=15408"},{"taxonomy":"product_cat","embeddable":true,"href":"https:\/\/staviori.com.pl\/cs\/wp-json\/wp\/v2\/product_cat?post=15408"},{"taxonomy":"product_tag","embeddable":true,"href":"https:\/\/staviori.com.pl\/cs\/wp-json\/wp\/v2\/product_tag?post=15408"}],"curies":[{"name":"wp","href":"https:\/\/api.w.org\/{rel}","templated":true}]}}