{"id":15404,"date":"2025-02-24T22:48:48","date_gmt":"2025-02-24T21:48:48","guid":{"rendered":"https:\/\/staviori.com.pl\/product\/pierscionek-z-diamentem-pxd1891\/"},"modified":"2026-02-11T00:09:14","modified_gmt":"2026-02-10T23:09:14","slug":"pierscionek-z-diamentem-pxd1891","status":"publish","type":"product","link":"https:\/\/staviori.com.pl\/cs\/product\/pierscionek-z-diamentem-pxd1891\/","title":{"rendered":"zlat\u00fd prsten s mot\u00fdlem a diamantem ze \u017elut\u00e9ho zlata"},"content":{"rendered":"<p>Model: PZD1891<br \/>\nHmotnost p\u0159ibli\u017en\u011b 1,20 g<\/p>\n<p>Prsten.<br \/>\n\u017dlut\u00e9, b\u00edl\u00e9 zlato 0,585.<br \/>\n1 diamant, achtkantov\u00fd brus, hmotnost 0,005ct, barva H, \u010distota I1.<\/p>\n<p>Pr\u016fm\u011br korunky p\u0159ibli\u017en\u011b 8 \u00d7 9 mm.<br \/>\n\u0160\u00ed\u0159ka krou\u017eku p\u0159ibli\u017en\u011b 1,5 mm.<\/p>\n<p>K dispozici jsou pouze n\u011bkter\u00e9 velikosti - zeptejte se<br \/>\nW przypadku braku rozmiaru &#8211; pier\u015bcionek dost\u0119pny na zam\u00f3wienie w dowolnym rozmiarze i kolorze z\u0142ota. Termin realizacji oko\u0142o 5 tygodni.<\/p>","protected":false},"excerpt":{"rendered":"<p>Uroczy pier\u015bcionek z motywem motylka wykonany z po\u0142\u0105czenia \u017c\u00f3\u0142tego i bia\u0142ego z\u0142ota pr\u00f3by 0,585. Delikatny detal w postaci skrzyde\u0142ka zdobionego male\u0144kim diamentem dodaje mu subtelnego blasku i kobiecego wdzi\u0119ku. Symbol lekko\u015bci i wolno\u015bci zamkni\u0119ty w finezyjnej formie to idealny wyb\u00f3r na prezent pe\u0142en znaczenia. Bi\u017cuteria, kt\u00f3ra przyci\u0105ga spojrzenia swoj\u0105 eleganck\u0105 prostot\u0105 i romantycznym charakterem.<\/p>","protected":false},"featured_media":20299,"comment_status":"closed","ping_status":"closed","template":"","meta":{"om_disable_all_campaigns":false},"product_brand":[2284],"product_cat":[1838,2182,801],"product_tag":[4436,5423,5422,5424,5421,5018],"class_list":{"0":"post-15404","1":"product","2":"type-product","3":"status-publish","4":"has-post-thumbnail","6":"product_brand-staviori","7":"product_cat-diamenty","8":"product_cat-pierscionek-z-diamentem","9":"product_cat-pierscionki","10":"product_tag-bizuteria-z-diamentem","11":"product_tag-motyl-z-diamentem","12":"product_tag-pierscionek-z-motylem","13":"product_tag-pierscionek-z-zoltego-i-bialego-zlota","14":"product_tag-pxd1891","15":"product_tag-zloty-pierscionek","16":"pa_barwa-h-2","17":"pa_czystosc-i1","18":"pa_kamien-diament","19":"pa_kolor-zolte","20":"pa_kruszec-zloto","21":"pa_proba-0-585","22":"pa_rozmiar-4355","23":"pa_rozmiar-2353","24":"pa_srednica-korony-ok-8x9mm","25":"pa_szerokosc-obraczki-ok-1-5mm","26":"pa_waga-120g","28":"first","29":"instock","30":"purchasable","31":"product-type-simple"},"aioseo_notices":[],"_links":{"self":[{"href":"https:\/\/staviori.com.pl\/cs\/wp-json\/wp\/v2\/product\/15404","targetHints":{"allow":["GET"]}}],"collection":[{"href":"https:\/\/staviori.com.pl\/cs\/wp-json\/wp\/v2\/product"}],"about":[{"href":"https:\/\/staviori.com.pl\/cs\/wp-json\/wp\/v2\/types\/product"}],"replies":[{"embeddable":true,"href":"https:\/\/staviori.com.pl\/cs\/wp-json\/wp\/v2\/comments?post=15404"}],"wp:featuredmedia":[{"embeddable":true,"href":"https:\/\/staviori.com.pl\/cs\/wp-json\/wp\/v2\/media\/20299"}],"wp:attachment":[{"href":"https:\/\/staviori.com.pl\/cs\/wp-json\/wp\/v2\/media?parent=15404"}],"wp:term":[{"taxonomy":"product_brand","embeddable":true,"href":"https:\/\/staviori.com.pl\/cs\/wp-json\/wp\/v2\/product_brand?post=15404"},{"taxonomy":"product_cat","embeddable":true,"href":"https:\/\/staviori.com.pl\/cs\/wp-json\/wp\/v2\/product_cat?post=15404"},{"taxonomy":"product_tag","embeddable":true,"href":"https:\/\/staviori.com.pl\/cs\/wp-json\/wp\/v2\/product_tag?post=15404"}],"curies":[{"name":"wp","href":"https:\/\/api.w.org\/{rel}","templated":true}]}}