{"id":15398,"date":"2025-02-24T22:48:48","date_gmt":"2025-02-24T21:48:48","guid":{"rendered":"https:\/\/staviori.com.pl\/product\/bizuteria-inwestycyjna-pierscionek-pxd1799\/"},"modified":"2026-02-11T00:09:14","modified_gmt":"2026-02-10T23:09:14","slug":"bizuteria-inwestycyjna-pierscionek-pxd1799","status":"publish","type":"product","link":"https:\/\/staviori.com.pl\/cs\/product\/bizuteria-inwestycyjna-pierscionek-pxd1799\/","title":{"rendered":"Exkluzivn\u00ed | vzne\u0161en\u00fd kr\u00e1sn\u00fd \u0161irok\u00fd prsten ve dvou barv\u00e1ch 18kar\u00e1tov\u00e9ho zlata s diamanty"},"content":{"rendered":"<p>Model: DDR0754<br \/>\nHmotnost p\u0159ibli\u017en\u011b 12,90 g<\/p>\n<p>Prsten.<br \/>\nB\u00edl\u00e9, r\u016f\u017eov\u00e9 zlato 0,750.<br \/>\n70 diamant\u016f, briliantov\u00fd brus, hmotnost 0,70ct, barva G-H, \u010distota SI1.<br \/>\n\u0160\u00ed\u0159ka 11 mm.<\/p>\n<p>V\u00fdrobek v libovoln\u00e9 velikosti a zlat\u00e9 barv\u011b, dostupn\u00fd pouze na vy\u017e\u00e1d\u00e1n\u00ed, doba dod\u00e1n\u00ed cca 5 t\u00fddn\u016f.<\/p>","protected":false},"excerpt":{"rendered":"<p>Oslniv\u00fd prsten vyroben\u00fd z 18kar\u00e1tov\u00e9ho r\u016f\u017eov\u00e9ho a b\u00edl\u00e9ho zlata nejvy\u0161\u0161\u00ed kvality. Jeho modern\u00ed tvar upout\u00e1 pozornost dynamicky propleten\u00fdmi prameny, z nich\u017e dva zdob\u00ed a\u017e 70 diamant\u016f o celkov\u00e9 hmotnosti 0,70 ct. Jemn\u00e1 hra barev a t\u0159pytiv\u00fdch kamen\u016f vytv\u00e1\u0159\u00ed jedine\u010dn\u00fd efekt elegance a luxusu. Jedn\u00e1 se o \u0161perk, kter\u00fd nejen zdob\u00ed, ale tak\u00e9 podtrhuje individu\u00e1ln\u00ed styl a t\u0159\u00eddu ka\u017ed\u00e9 \u017eeny.<\/p>","protected":false},"featured_media":20363,"comment_status":"closed","ping_status":"closed","template":"","meta":{"om_disable_all_campaigns":false},"product_brand":[2284],"product_cat":[1803,6741,801],"product_tag":[2308,2311,5442,2569,5009,4708,5257,5441,2336,3724],"class_list":{"0":"post-15398","1":"product","2":"type-product","3":"status-publish","4":"has-post-thumbnail","6":"product_brand-staviori","7":"product_cat-brylanty-exclusive","8":"product_cat-pierscionki-brylanty-exclusive","9":"product_cat-pierscionki","10":"product_tag-biale-zloto","11":"product_tag-bizuteria-luksusowa","12":"product_tag-ddr0754","13":"product_tag-nowoczesna-bizuteria","14":"product_tag-pierscionek-designerski","15":"product_tag-pierscionek-z-diamentami","16":"product_tag-pierscionek-zloty","17":"product_tag-pxd1799","18":"product_tag-rozowe-zloto","19":"product_tag-staviori","20":"pa_barwa-g-h","21":"pa_czystosc-si1","22":"pa_dostawca-draco","23":"pa_kamien-brylanty","24":"pa_kolor-biale","25":"pa_kolor-rozowe","26":"pa_kruszec-zloto","27":"pa_proba-0-750","28":"pa_szerokosc-11mm","29":"pa_waga-1290g","31":"first","32":"onbackorder","33":"purchasable","34":"product-type-simple"},"aioseo_notices":[],"_links":{"self":[{"href":"https:\/\/staviori.com.pl\/cs\/wp-json\/wp\/v2\/product\/15398","targetHints":{"allow":["GET"]}}],"collection":[{"href":"https:\/\/staviori.com.pl\/cs\/wp-json\/wp\/v2\/product"}],"about":[{"href":"https:\/\/staviori.com.pl\/cs\/wp-json\/wp\/v2\/types\/product"}],"replies":[{"embeddable":true,"href":"https:\/\/staviori.com.pl\/cs\/wp-json\/wp\/v2\/comments?post=15398"}],"wp:featuredmedia":[{"embeddable":true,"href":"https:\/\/staviori.com.pl\/cs\/wp-json\/wp\/v2\/media\/20363"}],"wp:attachment":[{"href":"https:\/\/staviori.com.pl\/cs\/wp-json\/wp\/v2\/media?parent=15398"}],"wp:term":[{"taxonomy":"product_brand","embeddable":true,"href":"https:\/\/staviori.com.pl\/cs\/wp-json\/wp\/v2\/product_brand?post=15398"},{"taxonomy":"product_cat","embeddable":true,"href":"https:\/\/staviori.com.pl\/cs\/wp-json\/wp\/v2\/product_cat?post=15398"},{"taxonomy":"product_tag","embeddable":true,"href":"https:\/\/staviori.com.pl\/cs\/wp-json\/wp\/v2\/product_tag?post=15398"}],"curies":[{"name":"wp","href":"https:\/\/api.w.org\/{rel}","templated":true}]}}