{"id":15395,"date":"2025-02-24T22:48:48","date_gmt":"2025-02-24T21:48:48","guid":{"rendered":"https:\/\/staviori.com.pl\/product\/bizuteria-inwestycyjna-pierscionek-pxd1631\/"},"modified":"2026-02-11T00:09:14","modified_gmt":"2026-02-10T23:09:14","slug":"bizuteria-inwestycyjna-pierscionek-pxd1631","status":"publish","type":"product","link":"https:\/\/staviori.com.pl\/cs\/product\/bizuteria-inwestycyjna-pierscionek-pxd1631\/","title":{"rendered":"Exkluzivn\u011b | Diamantov\u00fd prsten ve tvaru kv\u011btu ze zlata 750"},"content":{"rendered":"<p>Model: DDR0627<br \/>\nHmotnost p\u0159ibli\u017en\u011b 22 g<\/p>\n<p>Prsten.<br \/>\nB\u00edl\u00e9, r\u016f\u017eov\u00e9 zlato 0,750.<br \/>\n369 diamant\u016f, briliantov\u00fd brus, hmotnost 3,97ct, barva G-H, \u010distota SI1.<\/p>\n<p>Pr\u016fm\u011br korunky p\u0159ibli\u017en\u011b 28,5 mm.<br \/>\nV\u00fd\u0161ka 15 mm.<\/p>\n<p>Mal\u00e9 \u0161perka\u0159sk\u00e9 mistrovsk\u00e9 d\u00edlo!<br \/>\nV\u00fdrobek v libovoln\u00e9 velikosti, zlat\u00e1 barva pouze na vy\u017e\u00e1d\u00e1n\u00ed, doba dod\u00e1n\u00ed cca 5 t\u00fddn\u016f.<\/p>","protected":false},"excerpt":{"rendered":"<p>Velkolep\u00fd prsten ve tvaru rozkvetl\u00e9ho kv\u011btu, vyroben\u00fd z b\u00edl\u00e9ho a r\u016f\u017eov\u00e9ho zlata nejvy\u0161\u0161\u00ed kvality 0.750. Ka\u017ed\u00fd okv\u011btn\u00ed l\u00edstek zdob\u00ed a\u017e 369 diamant\u016f o celkov\u00e9 hmotnosti t\u00e9m\u011b\u0159 4 ct, kter\u00e9 vytv\u00e1\u0159ej\u00ed ohromuj\u00edc\u00ed efekt jiskry a trojrozm\u011brn\u00e9 hloubky. Um\u011blecky navr\u017een\u00e1 forma z n\u011bj \u010din\u00ed nejen \u0161perk, ale skute\u010dn\u00e9 um\u011bleck\u00e9 d\u00edlo - ide\u00e1ln\u00ed pro milovn\u00edky luxusu a v\u00fdjime\u010dn\u00e9ho stylu.<\/p>","protected":false},"featured_media":20382,"comment_status":"closed","ping_status":"closed","template":"","meta":{"om_disable_all_campaigns":false},"product_brand":[2284],"product_cat":[1803,6741,801],"product_tag":[5447,2907,5445,4923,4928,2555,5069,5455,5448,5453,4932,5064,4711,5450,4708,5451,5454,5446,5449,5452],"class_list":{"0":"post-15395","1":"product","2":"type-product","3":"status-publish","4":"has-post-thumbnail","6":"product_brand-staviori","7":"product_cat-brylanty-exclusive","8":"product_cat-pierscionki-brylanty-exclusive","9":"product_cat-pierscionki","10":"product_tag-artistic-jewelry","11":"product_tag-bizuteria-artystyczna","12":"product_tag-ddr0627","13":"product_tag-diamantovy-prsten","14":"product_tag-diamond-ring","15":"product_tag-ekskluzywna-bizuteria","16":"product_tag-exclusive-jewelry","17":"product_tag-exkluzivni-sperky","18":"product_tag-flower-ring","19":"product_tag-kvetinovy-prsten","20":"product_tag-luxury-ring","21":"product_tag-luxusni-prsten","22":"product_tag-pierscionek-kwiat","23":"product_tag-pierscionek-luksusowy","24":"product_tag-pierscionek-z-diamentami","25":"product_tag-pierscionek-z-rozowego-i-bialego-zlota","26":"product_tag-prsten-z-bileho-a-ruzoveho-zlata","27":"product_tag-pxd1631","28":"product_tag-rose-and-white-gold-ring","29":"product_tag-umelecke-sperky","30":"pa_barwa-g-h","31":"pa_czystosc-si1","32":"pa_dostawca-draco","33":"pa_kamien-brylanty","34":"pa_kolor-biale","35":"pa_kolor-rozowe","36":"pa_kruszec-zloto","37":"pa_proba-0-750","38":"pa_srednica-korony-ok-28-5mm","39":"pa_waga-22-00g","40":"pa_wysokosc-15mm","42":"first","43":"onbackorder","44":"purchasable","45":"product-type-simple"},"aioseo_notices":[],"_links":{"self":[{"href":"https:\/\/staviori.com.pl\/cs\/wp-json\/wp\/v2\/product\/15395","targetHints":{"allow":["GET"]}}],"collection":[{"href":"https:\/\/staviori.com.pl\/cs\/wp-json\/wp\/v2\/product"}],"about":[{"href":"https:\/\/staviori.com.pl\/cs\/wp-json\/wp\/v2\/types\/product"}],"replies":[{"embeddable":true,"href":"https:\/\/staviori.com.pl\/cs\/wp-json\/wp\/v2\/comments?post=15395"}],"wp:featuredmedia":[{"embeddable":true,"href":"https:\/\/staviori.com.pl\/cs\/wp-json\/wp\/v2\/media\/20382"}],"wp:attachment":[{"href":"https:\/\/staviori.com.pl\/cs\/wp-json\/wp\/v2\/media?parent=15395"}],"wp:term":[{"taxonomy":"product_brand","embeddable":true,"href":"https:\/\/staviori.com.pl\/cs\/wp-json\/wp\/v2\/product_brand?post=15395"},{"taxonomy":"product_cat","embeddable":true,"href":"https:\/\/staviori.com.pl\/cs\/wp-json\/wp\/v2\/product_cat?post=15395"},{"taxonomy":"product_tag","embeddable":true,"href":"https:\/\/staviori.com.pl\/cs\/wp-json\/wp\/v2\/product_tag?post=15395"}],"curies":[{"name":"wp","href":"https:\/\/api.w.org\/{rel}","templated":true}]}}