{"id":15393,"date":"2025-02-24T22:48:44","date_gmt":"2025-02-24T21:48:44","guid":{"rendered":"https:\/\/staviori.com.pl\/product\/bizuteria-inwestycyjna-pierscionek-pxd1555y\/"},"modified":"2026-02-11T00:09:14","modified_gmt":"2026-02-10T23:09:14","slug":"bizuteria-inwestycyjna-pierscionek-pxd1555y","status":"publish","type":"product","link":"https:\/\/staviori.com.pl\/cs\/product\/bizuteria-inwestycyjna-pierscionek-pxd1555y\/","title":{"rendered":"Exkluzivn\u00ed | dokonal\u00fd z\u00e1snubn\u00ed prsten - 0,50 kar\u00e1tu ve zlat\u011b 750"},"content":{"rendered":"<p>Model: PXD1555Y<br \/>\nWaga ok. 4,00g<\/p>\n<p>Prsten.<br \/>\n\u017dlut\u00e9, b\u00edl\u00e9 zlato 0,750.<br \/>\n1 Diament, szlif brylantowy, o masie 0,50ct., barwa G, czysto\u015b\u0107 SI1-SI2.<\/p>\n<p>\u015arednica korony ok. 6 mm.<br \/>\nWysoko\u015b\u0107 6.5 mm.<br \/>\n\u0160\u00ed\u0159ka krou\u017eku je p\u0159ibli\u017en\u011b 3 mm.<\/p>\n<p>K dispozici na individu\u00e1ln\u00ed objedn\u00e1vku s jak\u00fdmkoli jin\u00fdm diamantem.<\/p>\n<p>Z\u00e1snubn\u00ed prsten<br \/>\nK dispozici jsou pouze n\u011bkter\u00e9 velikosti - zeptejte se<\/p>\n<p>&#8212;&#8212;&#8212;&#8212;&#8212;&#8212;&#8212;&#8212;&#8212;&#8212;<br \/>\nMi\u0119dzynarodowy certyfikat GIA\/IGI lub HRD<br \/>\nLaserov\u00e9 grav\u00edrov\u00e1n\u00ed \u010d\u00edsla certifik\u00e1tu na kruhov\u00fd objezd<\/p>","protected":false},"excerpt":{"rendered":"<p>Elegantn\u00ed z\u00e1snubn\u00ed prsten Staviori PXD1555Y zaujme svou klasickou kr\u00e1sou a vynikaj\u00edc\u00edm zpracov\u00e1n\u00edm. Jisk\u0159iv\u00fd diamant o hmotnosti 0,50 ct, barv\u011b G a \u010distot\u011b SI1-SI2 je decentn\u011b zasazen do korunky z b\u00edl\u00e9ho zlata, kter\u00e1 n\u00e1dhern\u011b zv\u00fdraz\u0148uje jeho lesk. Hladk\u00fd prsten ze \u017elut\u00e9ho 18kar\u00e1tov\u00e9ho zlata vytv\u00e1\u0159\u00ed harmonick\u00e9 spojen\u00ed modernosti a nad\u010dasov\u00e9 elegance. Je jedine\u010dn\u00fdm symbolem l\u00e1sky, kter\u00fd skv\u011ble dopln\u00ed okam\u017eik zasnouben\u00ed.<\/p>","protected":false},"featured_media":6251,"comment_status":"closed","ping_status":"closed","template":"","meta":{"om_disable_all_campaigns":false},"product_brand":[2284],"product_cat":[1803,6741,801],"product_tag":[4095,2879,2308,2311,4123,6749,3722,4928,4906,5576,4668,6748,3724,5560,4910,6747,2522],"class_list":{"0":"post-15393","1":"product","2":"type-product","3":"status-publish","4":"has-post-thumbnail","6":"product_brand-staviori","7":"product_cat-brylanty-exclusive","8":"product_cat-pierscionki-brylanty-exclusive","9":"product_cat-pierscionki","10":"product_tag-18k-gold","11":"product_tag-50ct","12":"product_tag-biale-zloto","13":"product_tag-bizuteria-luksusowa","14":"product_tag-brylant","15":"product_tag-diamant-0","16":"product_tag-diament","17":"product_tag-diamond-ring","18":"product_tag-engagement-ring","19":"product_tag-gold-ring","20":"product_tag-pierscionek-zareczynowy","21":"product_tag-prsten-se-zasnubni-diamantem","22":"product_tag-staviori","23":"product_tag-verlobungsring","24":"product_tag-zasnubni-prsten","25":"product_tag-zloto-0-750","26":"product_tag-zolte-zloto","27":"pa_barwa-g-h","28":"pa_czystosc-si1-si2","29":"pa_kamien-brylant","30":"pa_kolor-zolte","31":"pa_kruszec-zloto","32":"pa_masa-karatowa-050ct","33":"pa_okazja-idealne-na-zareczyny","34":"pa_proba-0-750","35":"pa_srednica-korony-ok-6mm","36":"pa_waga-390g","37":"pa_wysokosc-6-5mm","39":"first","40":"onbackorder","41":"purchasable","42":"product-type-simple"},"aioseo_notices":[],"_links":{"self":[{"href":"https:\/\/staviori.com.pl\/cs\/wp-json\/wp\/v2\/product\/15393","targetHints":{"allow":["GET"]}}],"collection":[{"href":"https:\/\/staviori.com.pl\/cs\/wp-json\/wp\/v2\/product"}],"about":[{"href":"https:\/\/staviori.com.pl\/cs\/wp-json\/wp\/v2\/types\/product"}],"replies":[{"embeddable":true,"href":"https:\/\/staviori.com.pl\/cs\/wp-json\/wp\/v2\/comments?post=15393"}],"wp:featuredmedia":[{"embeddable":true,"href":"https:\/\/staviori.com.pl\/cs\/wp-json\/wp\/v2\/media\/6251"}],"wp:attachment":[{"href":"https:\/\/staviori.com.pl\/cs\/wp-json\/wp\/v2\/media?parent=15393"}],"wp:term":[{"taxonomy":"product_brand","embeddable":true,"href":"https:\/\/staviori.com.pl\/cs\/wp-json\/wp\/v2\/product_brand?post=15393"},{"taxonomy":"product_cat","embeddable":true,"href":"https:\/\/staviori.com.pl\/cs\/wp-json\/wp\/v2\/product_cat?post=15393"},{"taxonomy":"product_tag","embeddable":true,"href":"https:\/\/staviori.com.pl\/cs\/wp-json\/wp\/v2\/product_tag?post=15393"}],"curies":[{"name":"wp","href":"https:\/\/api.w.org\/{rel}","templated":true}]}}