{"id":15387,"date":"2025-02-24T22:48:44","date_gmt":"2025-02-24T21:48:44","guid":{"rendered":"https:\/\/staviori.com.pl\/product\/pierscionek-z-diamentem-pxd1410\/"},"modified":"2026-02-11T00:09:14","modified_gmt":"2026-02-10T23:09:14","slug":"pierscionek-z-diamentem-pxd1410","status":"publish","type":"product","link":"https:\/\/staviori.com.pl\/cs\/product\/pierscionek-z-diamentem-pxd1410\/","title":{"rendered":"Kr\u00e1sn\u00fd z\u00e1snubn\u00ed prsten s 0,10ct diamantem ve dvou barv\u00e1ch zlata"},"content":{"rendered":"<p>Model: PXD1410<br \/>\nHmotnost p\u0159ibli\u017en\u011b 1,80 g<\/p>\n<p>Prsten.<br \/>\n\u017dlut\u00e9, b\u00edl\u00e9 zlato 0,585.<br \/>\n1 Diament, szlif brylantowy, o masie 0,10ct, barwa G, czysto\u015b\u0107 SI1.<\/p>\n<p>Szeroko\u015b\u0107 5-2 mm.<br \/>\nV\u00fd\u0161ka 3 mm.<\/p>\n<p>Mo\u017cliwo\u015b\u0107 wykonania na zam\u00f3wienie z diamentami o dowolnej czysto\u015bci i barwie.<br \/>\nZ\u00e1snubn\u00ed prsten<\/p>\n<p>K dispozici jsou pouze n\u011bkter\u00e9 velikosti - zeptejte se<\/p>\n<p>Klasyka w nieco mniej tradycyjnym uj\u0119ciu pier\u015bcionka zar\u0119czynowego, w kt\u00f3rym \u0142agodne, delikatnie faluj\u0105ce linie otulaj\u0105 szlachetne refleksy diamentu o brylantowym szlifie.<br \/>\nEfekt ten wzmocniono po\u0142\u0105czeniem ponadczasowego \u017c\u00f3\u0142tego z\u0142ota z bia\u0142ym. Zachwycaj\u0105cy urod\u0105 pier\u015bcionek zar\u0119czynowy dost\u0119pny jest w wersji w innych kolorach z\u0142ota oraz z brylantem o masie 0,15ct. i 0,25ct.<\/p>","protected":false},"excerpt":{"rendered":"<p>Subtelny, a zarazem wyrazisty pier\u015bcionek zar\u0119czynowy, kt\u00f3ry zachwyca finezyjn\u0105 lini\u0105 i eleganckim po\u0142\u0105czeniem \u017c\u00f3\u0142tego oraz bia\u0142ego z\u0142ota. Centralnie osadzony brylant o masie 0,10 ct l\u015bni szlachetnym blaskiem, otulony faluj\u0105c\u0105 form\u0105 obr\u0105czki. To idealny wyb\u00f3r dla tych, kt\u00f3rzy poszukuj\u0105 klasyki z nut\u0105 nowoczesno\u015bci i wyj\u0105tkowego charakteru.<\/p>","protected":false},"featured_media":6177,"comment_status":"closed","ping_status":"closed","template":"","meta":{"om_disable_all_campaigns":false},"product_brand":[2284],"product_cat":[1838,6752,2182,801],"product_tag":[4678,4672,4673,4686,4668,3598,3589],"class_list":{"0":"post-15387","1":"product","2":"type-product","3":"status-publish","4":"has-post-thumbnail","6":"product_brand-staviori","7":"product_cat-diamenty","8":"product_cat-kolekcja-staviori-must-have","9":"product_cat-pierscionek-z-diamentem","10":"product_cat-pierscionki","11":"product_tag-brylant-0-10-ct","12":"product_tag-elegancki-pierscionek","13":"product_tag-klasyczny-pierscionek","14":"product_tag-pierscionek-z-diamentem","15":"product_tag-pierscionek-zareczynowy","16":"product_tag-zloto-0-585","17":"product_tag-zolte-i-biale-zloto","18":"pa_barwa-g-2","19":"pa_czystosc-si1","20":"pa_kamien-brylant","21":"pa_kolor-biale","22":"pa_kolor-zolte","23":"pa_kruszec-zloto","24":"pa_proba-0-585","25":"pa_szerokosc-5-2mm","26":"pa_waga-180g","27":"pa_wysokosc-3mm","29":"first","30":"instock","31":"purchasable","32":"product-type-simple"},"aioseo_notices":[],"_links":{"self":[{"href":"https:\/\/staviori.com.pl\/cs\/wp-json\/wp\/v2\/product\/15387","targetHints":{"allow":["GET"]}}],"collection":[{"href":"https:\/\/staviori.com.pl\/cs\/wp-json\/wp\/v2\/product"}],"about":[{"href":"https:\/\/staviori.com.pl\/cs\/wp-json\/wp\/v2\/types\/product"}],"replies":[{"embeddable":true,"href":"https:\/\/staviori.com.pl\/cs\/wp-json\/wp\/v2\/comments?post=15387"}],"wp:featuredmedia":[{"embeddable":true,"href":"https:\/\/staviori.com.pl\/cs\/wp-json\/wp\/v2\/media\/6177"}],"wp:attachment":[{"href":"https:\/\/staviori.com.pl\/cs\/wp-json\/wp\/v2\/media?parent=15387"}],"wp:term":[{"taxonomy":"product_brand","embeddable":true,"href":"https:\/\/staviori.com.pl\/cs\/wp-json\/wp\/v2\/product_brand?post=15387"},{"taxonomy":"product_cat","embeddable":true,"href":"https:\/\/staviori.com.pl\/cs\/wp-json\/wp\/v2\/product_cat?post=15387"},{"taxonomy":"product_tag","embeddable":true,"href":"https:\/\/staviori.com.pl\/cs\/wp-json\/wp\/v2\/product_tag?post=15387"}],"curies":[{"name":"wp","href":"https:\/\/api.w.org\/{rel}","templated":true}]}}