{"id":15386,"date":"2025-02-24T22:48:44","date_gmt":"2025-02-24T21:48:44","guid":{"rendered":"https:\/\/staviori.com.pl\/product\/pierscionek-z-diamentem-pxd1267\/"},"modified":"2026-02-11T00:09:14","modified_gmt":"2026-02-10T23:09:14","slug":"pierscionek-z-diamentem-pxd1267","status":"publish","type":"product","link":"https:\/\/staviori.com.pl\/cs\/product\/pierscionek-z-diamentem-pxd1267\/","title":{"rendered":"Exkluzivn\u00ed | zlat\u00fd \u0161irok\u00fd prsten s diamanty ve dvoubarevn\u00e9m zlat\u011b"},"content":{"rendered":"<p>Model: PZD1267<br \/>\nWaga ok. 5,90g<\/p>\n<p>Prsten.<br \/>\n\u017dlut\u00e9, b\u00edl\u00e9 zlato 0,585.<br \/>\n52 Diamenty, szlif brylantowy, o masie 0,48ct, barwa H, czysto\u015b\u0107 Si.<\/p>\n<p>\u0160\u00ed\u0159ka 8 mm.<\/p>\n<p>V\u00fdrobek v libovoln\u00e9 velikosti, dostupn\u00fd pouze na vy\u017e\u00e1d\u00e1n\u00ed, doba dod\u00e1n\u00ed cca 5 t\u00fddn\u016f.<\/p>","protected":false},"excerpt":{"rendered":"<p>Velkolep\u00fd prsten vyroben\u00fd z kombinace \u017elut\u00e9ho a b\u00edl\u00e9ho zlata 0.585. Jeho jedine\u010dn\u00fd tvar zalo\u017een\u00fd na \u0161irok\u00e9m prstenu se slo\u017eit\u011b se propl\u00e9taj\u00edc\u00edmi p\u00e1sky je poutav\u00fd a vyza\u0159uje luxus. A\u017e 52 diamant\u016f o celkov\u00e9 v\u00e1ze 0,48 ct mu dod\u00e1v\u00e1 jedine\u010dn\u00fd lesk a presti\u017e. Jedn\u00e1 se o dokonal\u00fd \u0161perk pro \u017eeny, kter\u00e9 miluj\u00ed v\u00fdrazn\u00e9 a z\u00e1rove\u0148 elegantn\u00ed dopl\u0148ky. Oslniv\u00e1 volba pro zvl\u00e1\u0161tn\u00ed p\u0159\u00edle\u017eitosti.<\/p>","protected":false},"featured_media":6163,"comment_status":"closed","ping_status":"closed","template":"","meta":{"om_disable_all_campaigns":false},"product_brand":[2284],"product_cat":[1803,1838,2182,801],"product_tag":[5335,4672,2280,4746,5334,5333,3724,4872,5018,3589],"class_list":{"0":"post-15386","1":"product","2":"type-product","3":"status-publish","4":"has-post-thumbnail","6":"product_brand-staviori","7":"product_cat-brylanty-exclusive","8":"product_cat-diamenty","9":"product_cat-pierscionek-z-diamentem","10":"product_cat-pierscionki","11":"product_tag-diamenty-0-48ct","12":"product_tag-elegancki-pierscionek","13":"product_tag-luksusowa-bizuteria","14":"product_tag-pierscionek-z-brylantami","15":"product_tag-pxd1267","16":"product_tag-pzd1267","17":"product_tag-staviori","18":"product_tag-szeroki-pierscionek","19":"product_tag-zloty-pierscionek","20":"product_tag-zolte-i-biale-zloto","21":"pa_barwa-h-2","22":"pa_czystosc-si1-si2","23":"pa_dostawca-estrella","24":"pa_kamien-brylanty","25":"pa_kolor-zolte","26":"pa_kruszec-zloto","27":"pa_proba-0-585","28":"pa_szerokosc-8mm","29":"pa_waga-590g","31":"first","32":"onbackorder","33":"purchasable","34":"product-type-simple"},"aioseo_notices":[],"_links":{"self":[{"href":"https:\/\/staviori.com.pl\/cs\/wp-json\/wp\/v2\/product\/15386","targetHints":{"allow":["GET"]}}],"collection":[{"href":"https:\/\/staviori.com.pl\/cs\/wp-json\/wp\/v2\/product"}],"about":[{"href":"https:\/\/staviori.com.pl\/cs\/wp-json\/wp\/v2\/types\/product"}],"replies":[{"embeddable":true,"href":"https:\/\/staviori.com.pl\/cs\/wp-json\/wp\/v2\/comments?post=15386"}],"wp:featuredmedia":[{"embeddable":true,"href":"https:\/\/staviori.com.pl\/cs\/wp-json\/wp\/v2\/media\/6163"}],"wp:attachment":[{"href":"https:\/\/staviori.com.pl\/cs\/wp-json\/wp\/v2\/media?parent=15386"}],"wp:term":[{"taxonomy":"product_brand","embeddable":true,"href":"https:\/\/staviori.com.pl\/cs\/wp-json\/wp\/v2\/product_brand?post=15386"},{"taxonomy":"product_cat","embeddable":true,"href":"https:\/\/staviori.com.pl\/cs\/wp-json\/wp\/v2\/product_cat?post=15386"},{"taxonomy":"product_tag","embeddable":true,"href":"https:\/\/staviori.com.pl\/cs\/wp-json\/wp\/v2\/product_tag?post=15386"}],"curies":[{"name":"wp","href":"https:\/\/api.w.org\/{rel}","templated":true}]}}