{"id":15385,"date":"2025-02-24T22:48:44","date_gmt":"2025-02-24T21:48:44","guid":{"rendered":"https:\/\/staviori.com.pl\/product\/pierscionek-z-diamentem-pxd0717\/"},"modified":"2026-02-11T00:09:48","modified_gmt":"2026-02-10T23:09:48","slug":"pierscionek-z-diamentem-pxd0717","status":"publish","type":"product","link":"https:\/\/staviori.com.pl\/cs\/product\/pierscionek-z-diamentem-pxd0717\/","title":{"rendered":"Staviori\u00ae Must Have | kr\u00e1sn\u00fd klasick\u00fd z\u00e1snubn\u00ed prsten s 0,10ct diamantem G\/Si"},"content":{"rendered":"<p>Model: DDR0717<br \/>\nHmotnost p\u0159ibli\u017en\u011b 2,00 g<\/p>\n<p>Prsten.<br \/>\n\u017dlut\u00e9 zlato 0,585.<br \/>\n1 Diament, szlif brylantowy, o masie 0,10ct, barwa G, czysto\u015b\u0107 SI1.<\/p>\n<p>\u015arednica korony ok. 3.5 mm.<br \/>\n\u0160\u00ed\u0159ka krou\u017eku je p\u0159ibli\u017en\u011b 2 mm.<\/p>\n<p>K dispozici jsou pouze n\u011bkter\u00e9 velikosti - zeptejte se<br \/>\nW przypadku braku na magazynie &#8211; produkt dost\u0119pny na zam\u00f3wienie w terminie oko\u0142o 1 tygodnia.<\/p>","protected":false},"excerpt":{"rendered":"<p>Klasyczny pier\u015bcionek zar\u0119czynowy z \u017c\u00f3\u0142tego z\u0142ota, kt\u00f3ry zachwyca swoj\u0105 subteln\u0105 form\u0105 i ponadczasow\u0105 elegancj\u0105. Centralnie osadzony brylant o masie 0,10ct i barwie G delikatnie l\u015bni w sze\u015bcioramiennej oprawie z bia\u0142ego z\u0142ota, dodaj\u0105c ca\u0142o\u015bci lekko\u015bci i blasku. Idealny wyb\u00f3r dla kobiet ceni\u0105cych tradycj\u0119, prostot\u0119 i klas\u0119. Ten model z pewno\u015bci\u0105 roz\u015bwietli ka\u017cd\u0105 wyj\u0105tkow\u0105 chwil\u0119.<\/p>","protected":false},"featured_media":20009,"comment_status":"closed","ping_status":"closed","template":"","meta":{"om_disable_all_campaigns":false},"product_brand":[2284],"product_cat":[1838,6752,2182,801],"product_tag":[4674,4123,5332,5030,4672,4673,4668,5331,3724,2364,2522],"class_list":{"0":"post-15385","1":"product","2":"type-product","3":"status-publish","4":"has-post-thumbnail","6":"product_brand-staviori","7":"product_cat-diamenty","8":"product_cat-kolekcja-staviori-must-have","9":"product_cat-pierscionek-z-diamentem","10":"product_cat-pierscionki","11":"product_tag-bizuteria-zareczynowa","12":"product_tag-brylant","13":"product_tag-ddr0717","14":"product_tag-diament-0-10ct","15":"product_tag-elegancki-pierscionek","16":"product_tag-klasyczny-pierscionek","17":"product_tag-pierscionek-zareczynowy","18":"product_tag-pxd0717","19":"product_tag-staviori","20":"product_tag-zloto-585","21":"product_tag-zolte-zloto","22":"pa_barwa-g-2","23":"pa_czystosc-si1","24":"pa_dostawca-draco","25":"pa_dostawca-iza","26":"pa_kamien-brylant","27":"pa_kolor-zolte","28":"pa_kruszec-zloto","29":"pa_masa-karatowa-010ct","30":"pa_okazja-idealne-na-zareczyny","31":"pa_proba-0-585","32":"pa_rozmiar-4355","33":"pa_rozmiar-2351","34":"pa_rozmiar-2352","35":"pa_rozmiar-2353","36":"pa_rozmiar-2354","37":"pa_rozmiar-2355","38":"pa_rozmiar-2356","39":"pa_rozmiar-2357","40":"pa_rozmiar-2358","41":"pa_rozmiar-4862","42":"pa_srednica-korony-ok-3-5mm","43":"pa_szerokosc-obraczki-ok-2mm","44":"pa_waga-200g","46":"first","47":"instock","48":"purchasable","49":"product-type-variable","50":"has-default-attributes"},"aioseo_notices":[],"_links":{"self":[{"href":"https:\/\/staviori.com.pl\/cs\/wp-json\/wp\/v2\/product\/15385","targetHints":{"allow":["GET"]}}],"collection":[{"href":"https:\/\/staviori.com.pl\/cs\/wp-json\/wp\/v2\/product"}],"about":[{"href":"https:\/\/staviori.com.pl\/cs\/wp-json\/wp\/v2\/types\/product"}],"replies":[{"embeddable":true,"href":"https:\/\/staviori.com.pl\/cs\/wp-json\/wp\/v2\/comments?post=15385"}],"wp:featuredmedia":[{"embeddable":true,"href":"https:\/\/staviori.com.pl\/cs\/wp-json\/wp\/v2\/media\/20009"}],"wp:attachment":[{"href":"https:\/\/staviori.com.pl\/cs\/wp-json\/wp\/v2\/media?parent=15385"}],"wp:term":[{"taxonomy":"product_brand","embeddable":true,"href":"https:\/\/staviori.com.pl\/cs\/wp-json\/wp\/v2\/product_brand?post=15385"},{"taxonomy":"product_cat","embeddable":true,"href":"https:\/\/staviori.com.pl\/cs\/wp-json\/wp\/v2\/product_cat?post=15385"},{"taxonomy":"product_tag","embeddable":true,"href":"https:\/\/staviori.com.pl\/cs\/wp-json\/wp\/v2\/product_tag?post=15385"}],"curies":[{"name":"wp","href":"https:\/\/api.w.org\/{rel}","templated":true}]}}