{"id":15383,"date":"2025-02-24T22:48:44","date_gmt":"2025-02-24T21:48:44","guid":{"rendered":"https:\/\/staviori.com.pl\/product\/pierscionek-z-diamentem-pxd0521\/"},"modified":"2026-04-08T21:20:02","modified_gmt":"2026-04-08T19:20:02","slug":"pierscionek-z-diamentem-pxd0521","status":"publish","type":"product","link":"https:\/\/staviori.com.pl\/cs\/product\/pierscionek-z-diamentem-pxd0521\/","title":{"rendered":"Prsten se saf\u00edrem a diamanty ve dvoubarevn\u00e9m zlat\u011b 585 PZD0521"},"content":{"rendered":"<p>Model: PZD0521<br \/>\nHmotnost p\u0159ibli\u017en\u011b 1,60 g<\/p>\n<p>Prsten.<br \/>\n\u017dlut\u00e9, b\u00edl\u00e9 zlato 0,585.<br \/>\n10 Diament\u00f3w, szlif achtkant, o masie 0,05ct, barwa H-J, czysto\u015b\u0107 I1-I3.<br \/>\n1 Szafir, o masie 0,30 ct.<\/p>\n<p>\u015arednica korony ok. 6.5&#215;8 mm.<br \/>\nWysoko\u015b\u0107 5 mm.<br \/>\n\u0160\u00ed\u0159ka krou\u017eku cca 1 mm.<\/p>\n<p>K dispozici jsou pouze n\u011bkter\u00e9 velikosti - zeptejte se<br \/>\nPozosta\u0142e rozmiary dost\u0119pne na zam\u00f3wienie w ci\u0105gu oko\u0142o 1 tygodnia.<\/p>","protected":false},"excerpt":{"rendered":"<p>Elegancki pier\u015bcionek z \u017c\u00f3\u0142tego i bia\u0142ego z\u0142ota pr\u00f3by 0,585 to prawdziwa klasyka w luksusowym wydaniu. Centralny, owalny szafir o g\u0142\u0119bokiej, granatowej barwie otoczony jest subteln\u0105 aureol\u0105 z dziesi\u0119ciu l\u015bni\u0105cych diament\u00f3w. Ca\u0142o\u015b\u0107 tworzy kompozycj\u0119 pe\u0142n\u0105 blasku i wyrafinowania, idealn\u0105 na wyj\u0105tkowe okazje, zar\u0119czyny lub jako prezent od serca. Szlachetna forma i kontrast kolor\u00f3w sprawiaj\u0105, \u017ce ten pier\u015bcionek zachwyca ponadczasow\u0105 elegancj\u0105.<\/p>","protected":false},"featured_media":22737,"comment_status":"closed","ping_status":"closed","template":"","meta":{"om_disable_all_campaigns":false},"product_brand":[2284,2350],"product_cat":[1384,1838,2182,801,176],"product_tag":[2792,2296,4673,2280,5241,4668,4153,5018,3589],"class_list":{"0":"post-15383","1":"product","2":"type-product","3":"status-publish","4":"has-post-thumbnail","6":"product_brand-staviori","7":"product_brand-verona","8":"product_cat-bizuteria","9":"product_cat-diamenty","10":"product_cat-pierscionek-z-diamentem","11":"product_cat-pierscionki","12":"product_cat-zloto","13":"product_tag-bizuteria-z-szafirem","14":"product_tag-diamenty","15":"product_tag-klasyczny-pierscionek","16":"product_tag-luksusowa-bizuteria","17":"product_tag-pierscionek-z-kamieniami","18":"product_tag-pierscionek-zareczynowy","19":"product_tag-szafir","20":"product_tag-zloty-pierscionek","21":"product_tag-zolte-i-biale-zloto","22":"pa_barwa-h-j","23":"pa_czystosc-i1","24":"pa_kamien-diamenty","25":"pa_kamien-szafir","26":"pa_kolor-zolte","27":"pa_kruszec-zloto","28":"pa_proba-0-585","29":"pa_rozmiar-2351","30":"pa_rozmiar-2353","31":"pa_rozmiar-2354","32":"pa_rozmiar-2355","33":"pa_rozmiar-2356","34":"pa_rozmiar-2357","35":"pa_rozmiar-2358","36":"pa_rozmiar-2359","37":"pa_rozmiar-2360","38":"pa_srednica-korony-ok-6-5x8mm","39":"pa_szlif-achtkant","40":"pa_waga-160g","41":"pa_wysokosc-5mm","43":"first","44":"instock","45":"purchasable","46":"product-type-simple"},"aioseo_notices":[],"_links":{"self":[{"href":"https:\/\/staviori.com.pl\/cs\/wp-json\/wp\/v2\/product\/15383","targetHints":{"allow":["GET"]}}],"collection":[{"href":"https:\/\/staviori.com.pl\/cs\/wp-json\/wp\/v2\/product"}],"about":[{"href":"https:\/\/staviori.com.pl\/cs\/wp-json\/wp\/v2\/types\/product"}],"replies":[{"embeddable":true,"href":"https:\/\/staviori.com.pl\/cs\/wp-json\/wp\/v2\/comments?post=15383"}],"wp:featuredmedia":[{"embeddable":true,"href":"https:\/\/staviori.com.pl\/cs\/wp-json\/wp\/v2\/media\/22737"}],"wp:attachment":[{"href":"https:\/\/staviori.com.pl\/cs\/wp-json\/wp\/v2\/media?parent=15383"}],"wp:term":[{"taxonomy":"product_brand","embeddable":true,"href":"https:\/\/staviori.com.pl\/cs\/wp-json\/wp\/v2\/product_brand?post=15383"},{"taxonomy":"product_cat","embeddable":true,"href":"https:\/\/staviori.com.pl\/cs\/wp-json\/wp\/v2\/product_cat?post=15383"},{"taxonomy":"product_tag","embeddable":true,"href":"https:\/\/staviori.com.pl\/cs\/wp-json\/wp\/v2\/product_tag?post=15383"}],"curies":[{"name":"wp","href":"https:\/\/api.w.org\/{rel}","templated":true}]}}