{"id":15376,"date":"2025-02-24T22:48:44","date_gmt":"2025-02-24T21:48:44","guid":{"rendered":"https:\/\/staviori.com.pl\/product\/zloty-pierscionek-pxc6697\/"},"modified":"2026-04-08T16:32:49","modified_gmt":"2026-04-08T14:32:49","slug":"zloty-pierscionek-pxc6697","status":"publish","type":"product","link":"https:\/\/staviori.com.pl\/cs\/product\/zloty-pierscionek-pxc6697\/","title":{"rendered":"333 zlat\u00fd prsten s barevn\u00fdmi kameny"},"content":{"rendered":"<p>Model: PXC6697<br \/>\nHmotnost p\u0159ibli\u017en\u011b 2,80 g<\/p>\n<p>Prsten.<br \/>\n\u017dlut\u00e9 zlato 0,333.<br \/>\n3 Szmaragdy, o masie 0,40ct.<br \/>\n3 Garnety zielone, o masie 0,15ct.<br \/>\n4 Perydoty, o masie 0,41ct.<br \/>\n8 Topaz\u00f3w bia\u0142ych, o masie 0,20ct.<\/p>\n<p>K dispozici jsou pouze n\u011bkter\u00e9 velikosti - zeptejte se<\/p>","protected":false},"excerpt":{"rendered":"<p>Zachwycaj\u0105cy pier\u015bcionek ze z\u0142ota w odcieniu ciep\u0142ego blasku s\u0142o\u0144ca, bogato zdobiony kolorowymi kamieniami szlachetnymi. Kompozycja szmaragd\u00f3w, zielonych granat\u00f3w, perydot\u00f3w i topaz\u00f3w bia\u0142ych tworzy niezwykle harmonijn\u0105 i efektown\u0105 ca\u0142o\u015b\u0107. Ka\u017cdy z kamieni w unikalnym kszta\u0142cie dodaje mu lekko\u015bci i bajkowego charakteru. To wyj\u0105tkowy wyb\u00f3r dla kobiety ceni\u0105cej wyrafinowane pi\u0119kno i niebanalny styl.<\/p>","protected":false},"featured_media":15377,"comment_status":"closed","ping_status":"closed","template":"","meta":{"om_disable_all_campaigns":false},"product_brand":[2284,2350],"product_cat":[801,1930,2204],"product_tag":[5412,5403,5410,5409,5411,5257,3577],"class_list":{"0":"post-15376","1":"product","2":"type-product","3":"status-publish","4":"has-post-thumbnail","6":"product_brand-staviori","7":"product_brand-verona","8":"product_cat-pierscionki","9":"product_cat-zloto-2","10":"product_cat-zloty-pierscionek","11":"product_tag-bizuteria-kolorowa","12":"product_tag-pierscionek-z-granatem","13":"product_tag-pierscionek-z-perydotem","14":"product_tag-pierscionek-z-szmaragdem","15":"product_tag-pierscionek-z-topazem","16":"product_tag-pierscionek-zloty","17":"product_tag-zloto-0-333","18":"pa_kamien-garnety-zielone","19":"pa_kamien-perydoty","20":"pa_kamien-szmaragd","21":"pa_kamien-topazy-biale","22":"pa_kolor-zolte","23":"pa_kruszec-zloto","24":"pa_proba-0-333","25":"pa_rozmiar-2352","26":"pa_rozmiar-2353","27":"pa_rozmiar-2354","28":"pa_rozmiar-2355","29":"pa_rozmiar-2356","30":"pa_rozmiar-2357","31":"pa_rozmiar-2358","32":"pa_waga-280g","34":"first","35":"instock","36":"purchasable","37":"product-type-simple"},"aioseo_notices":[],"_links":{"self":[{"href":"https:\/\/staviori.com.pl\/cs\/wp-json\/wp\/v2\/product\/15376","targetHints":{"allow":["GET"]}}],"collection":[{"href":"https:\/\/staviori.com.pl\/cs\/wp-json\/wp\/v2\/product"}],"about":[{"href":"https:\/\/staviori.com.pl\/cs\/wp-json\/wp\/v2\/types\/product"}],"replies":[{"embeddable":true,"href":"https:\/\/staviori.com.pl\/cs\/wp-json\/wp\/v2\/comments?post=15376"}],"wp:featuredmedia":[{"embeddable":true,"href":"https:\/\/staviori.com.pl\/cs\/wp-json\/wp\/v2\/media\/15377"}],"wp:attachment":[{"href":"https:\/\/staviori.com.pl\/cs\/wp-json\/wp\/v2\/media?parent=15376"}],"wp:term":[{"taxonomy":"product_brand","embeddable":true,"href":"https:\/\/staviori.com.pl\/cs\/wp-json\/wp\/v2\/product_brand?post=15376"},{"taxonomy":"product_cat","embeddable":true,"href":"https:\/\/staviori.com.pl\/cs\/wp-json\/wp\/v2\/product_cat?post=15376"},{"taxonomy":"product_tag","embeddable":true,"href":"https:\/\/staviori.com.pl\/cs\/wp-json\/wp\/v2\/product_tag?post=15376"}],"curies":[{"name":"wp","href":"https:\/\/api.w.org\/{rel}","templated":true}]}}