{"id":15364,"date":"2025-02-24T22:48:44","date_gmt":"2025-02-24T21:48:44","guid":{"rendered":"https:\/\/staviori.com.pl\/product\/zloty-pierscionek-pxc6648\/"},"modified":"2026-03-18T09:26:12","modified_gmt":"2026-03-18T08:26:12","slug":"zloty-pierscionek-pxc6648","status":"publish","type":"product","link":"https:\/\/staviori.com.pl\/cs\/product\/zloty-pierscionek-pxc6648\/","title":{"rendered":"Kr\u00e1sn\u00fd zlat\u00fd a\u017eurov\u00fd prsten se zirkony"},"content":{"rendered":"<p>Model: PXC6648<br \/>\nHmotnost p\u0159ibli\u017en\u011b 3,40 g<\/p>\n<p>Prsten.<br \/>\n\u017dlut\u00e9 zlato 0,333.<br \/>\nZirkonie.<br \/>\n\u0160\u00ed\u0159ka krou\u017eku je p\u0159ibli\u017en\u011b 16 mm.<\/p>\n<p>K dispozici jsou pouze n\u011bkter\u00e9 velikosti - v\u011bt\u0161ina na vy\u017e\u00e1d\u00e1n\u00ed ( 1 t\u00fdden ) \/ zeptejte se pros\u00edm<\/p>","protected":false},"excerpt":{"rendered":"<p>Fenomen\u00e1ln\u00ed prsten ze \u017elut\u00e9ho zlata s a\u017eurov\u00fdm povrchem a mimo\u0159\u00e1dn\u011b zdobn\u00fdm charakterem. Precizn\u011b zpracovan\u00e1 kovov\u00e1 krajka je poseta t\u0159pytiv\u00fdmi kubick\u00fdmi zirkony, kter\u00e9 n\u00e1dhern\u011b odr\u00e1\u017eej\u00ed sv\u011btlo a dod\u00e1vaj\u00ed cel\u00e9mu \u0161perku \u0161perka\u0159sk\u00fd t\u0159pyt. Jedn\u00e1 se o model, kter\u00fd jist\u011b upout\u00e1 pozornost - ide\u00e1ln\u00ed pro \u017eeny, kter\u00e9 miluj\u00ed v\u00fdrazn\u00e9 dopl\u0148ky s noblesou.<\/p>\n<p>K dispozici jsou pouze n\u011bkter\u00e9 velikosti - v\u011bt\u0161ina na vy\u017e\u00e1d\u00e1n\u00ed ( 1 t\u00fdden )<\/p>","protected":false},"featured_media":15365,"comment_status":"closed","ping_status":"closed","template":"","meta":{"om_disable_all_campaigns":false},"product_brand":[2284,2350],"product_cat":[801,1930,2204],"product_tag":[5415,2317,4884,5297,5166,5413,3577],"class_list":{"0":"post-15364","1":"product","2":"type-product","3":"status-publish","4":"has-post-thumbnail","6":"product_brand-staviori","7":"product_brand-verona","8":"product_cat-pierscionki","9":"product_cat-zloto-2","10":"product_cat-zloty-pierscionek","11":"product_tag-bogato-zdobiony-pierscionek","12":"product_tag-elegancka-bizuteria","13":"product_tag-kobiecy-pierscionek","14":"product_tag-pierscionek-azurowy","15":"product_tag-pierscionek-z-cyrkoniami","16":"product_tag-pierscionek-zolte-zloto","17":"product_tag-zloto-0-333","18":"pa_kamien-cyrkonia","19":"pa_kolor-zolte","20":"pa_kruszec-zloto","21":"pa_proba-0-333","22":"pa_rozmiar-2352","23":"pa_rozmiar-2353","24":"pa_rozmiar-2354","25":"pa_rozmiar-2355","26":"pa_rozmiar-2356","27":"pa_rozmiar-2357","28":"pa_rozmiar-2358","29":"pa_rozmiar-2359","30":"pa_rozmiar-2360","31":"pa_szerokosc-obraczki-ok-16mm","32":"pa_waga-340g","34":"first","35":"onbackorder","36":"purchasable","37":"product-type-simple"},"aioseo_notices":[],"_links":{"self":[{"href":"https:\/\/staviori.com.pl\/cs\/wp-json\/wp\/v2\/product\/15364","targetHints":{"allow":["GET"]}}],"collection":[{"href":"https:\/\/staviori.com.pl\/cs\/wp-json\/wp\/v2\/product"}],"about":[{"href":"https:\/\/staviori.com.pl\/cs\/wp-json\/wp\/v2\/types\/product"}],"replies":[{"embeddable":true,"href":"https:\/\/staviori.com.pl\/cs\/wp-json\/wp\/v2\/comments?post=15364"}],"wp:featuredmedia":[{"embeddable":true,"href":"https:\/\/staviori.com.pl\/cs\/wp-json\/wp\/v2\/media\/15365"}],"wp:attachment":[{"href":"https:\/\/staviori.com.pl\/cs\/wp-json\/wp\/v2\/media?parent=15364"}],"wp:term":[{"taxonomy":"product_brand","embeddable":true,"href":"https:\/\/staviori.com.pl\/cs\/wp-json\/wp\/v2\/product_brand?post=15364"},{"taxonomy":"product_cat","embeddable":true,"href":"https:\/\/staviori.com.pl\/cs\/wp-json\/wp\/v2\/product_cat?post=15364"},{"taxonomy":"product_tag","embeddable":true,"href":"https:\/\/staviori.com.pl\/cs\/wp-json\/wp\/v2\/product_tag?post=15364"}],"curies":[{"name":"wp","href":"https:\/\/api.w.org\/{rel}","templated":true}]}}