{"id":15359,"date":"2025-02-24T22:48:44","date_gmt":"2025-02-24T21:48:44","guid":{"rendered":"https:\/\/staviori.com.pl\/product\/zloty-pierscionek-pxc6585\/"},"modified":"2026-03-18T09:18:19","modified_gmt":"2026-03-18T08:18:19","slug":"zloty-pierscionek-pxc6585","status":"publish","type":"product","link":"https:\/\/staviori.com.pl\/cs\/product\/zloty-pierscionek-pxc6585\/","title":{"rendered":"Zlat\u00fd a\u017eurov\u00fd prsten se zirkony - kv\u011btiny - PXC6585"},"content":{"rendered":"<p>Model: PXC6585<br \/>\nHmotnost p\u0159ibli\u017en\u011b 1,50 g<\/p>\n<p>Prsten.<br \/>\n\u017dlut\u00e9 zlato 0,333.<br \/>\nZirkonie.<\/p>\n<p>Dost\u0119pne tylko niekt\u00f3re rozmiary &#8211; niekt\u00f3re na zam\u00f3wienie 1 tydzie\u0144.<\/p>","protected":false},"excerpt":{"rendered":"<p>Okouzluj\u00edc\u00ed prsten ze \u017elut\u00e9ho zlata zdoben\u00fd jemn\u00fdm a\u017eurov\u00fdm vzorem ve tvaru kv\u011bt\u016f a list\u016f. Ka\u017ed\u00fd detail byl pe\u010dliv\u011b propracov\u00e1n a t\u0159pytiv\u00e9 zirkony jemn\u011b podtrhuj\u00ed lehkost a romantickou povahu \u0161perku. Ide\u00e1ln\u00ed volba pro \u017eeny, kter\u00e9 ocen\u00ed jemnou eleganci a p\u0159\u00edrodu zakletou do zlata.<\/p>\n<p>K dispozici jsou pouze n\u011bkter\u00e9 velikosti - na objedn\u00e1vku 1 t\u00fdden.<\/p>","protected":false},"featured_media":15360,"comment_status":"closed","ping_status":"closed","template":"","meta":{"om_disable_all_campaigns":false},"product_brand":[2284],"product_cat":[1384,801,176,1930,2204],"product_tag":[5259,2601,3429,5166,5257,2579,5416],"class_list":{"0":"post-15359","1":"product","2":"type-product","3":"status-publish","4":"has-post-thumbnail","6":"product_brand-staviori","7":"product_cat-bizuteria","8":"product_cat-pierscionki","9":"product_cat-zloto","10":"product_cat-zloto-2","11":"product_cat-zloty-pierscionek","12":"product_tag-azurowy-pierscionek","13":"product_tag-lekka-bizuteria","14":"product_tag-motyw-kwiatowy","15":"product_tag-pierscionek-z-cyrkoniami","16":"product_tag-pierscionek-zloty","17":"product_tag-romantyczna-bizuteria","18":"product_tag-zolte-zloto-0-333","19":"pa_kamien-cyrkonia","20":"pa_kolor-zolte","21":"pa_kruszec-zloto","22":"pa_rozmiar-2351","23":"pa_rozmiar-2352","24":"pa_rozmiar-2353","25":"pa_rozmiar-2354","26":"pa_rozmiar-2355","27":"pa_rozmiar-2356","28":"pa_rozmiar-2357","29":"pa_rozmiar-2358","30":"pa_rozmiar-2359","31":"pa_rozmiar-2360","32":"pa_waga-150g","34":"first","35":"instock","36":"taxable","37":"shipping-taxable","38":"purchasable","39":"product-type-simple"},"aioseo_notices":[],"_links":{"self":[{"href":"https:\/\/staviori.com.pl\/cs\/wp-json\/wp\/v2\/product\/15359","targetHints":{"allow":["GET"]}}],"collection":[{"href":"https:\/\/staviori.com.pl\/cs\/wp-json\/wp\/v2\/product"}],"about":[{"href":"https:\/\/staviori.com.pl\/cs\/wp-json\/wp\/v2\/types\/product"}],"replies":[{"embeddable":true,"href":"https:\/\/staviori.com.pl\/cs\/wp-json\/wp\/v2\/comments?post=15359"}],"wp:featuredmedia":[{"embeddable":true,"href":"https:\/\/staviori.com.pl\/cs\/wp-json\/wp\/v2\/media\/15360"}],"wp:attachment":[{"href":"https:\/\/staviori.com.pl\/cs\/wp-json\/wp\/v2\/media?parent=15359"}],"wp:term":[{"taxonomy":"product_brand","embeddable":true,"href":"https:\/\/staviori.com.pl\/cs\/wp-json\/wp\/v2\/product_brand?post=15359"},{"taxonomy":"product_cat","embeddable":true,"href":"https:\/\/staviori.com.pl\/cs\/wp-json\/wp\/v2\/product_cat?post=15359"},{"taxonomy":"product_tag","embeddable":true,"href":"https:\/\/staviori.com.pl\/cs\/wp-json\/wp\/v2\/product_tag?post=15359"}],"curies":[{"name":"wp","href":"https:\/\/api.w.org\/{rel}","templated":true}]}}