{"id":15309,"date":"2025-02-24T22:48:40","date_gmt":"2025-02-24T21:48:40","guid":{"rendered":"https:\/\/staviori.com.pl\/product\/zloty-pierscionek-pxc5469\/"},"modified":"2026-04-12T13:04:43","modified_gmt":"2026-04-12T11:04:43","slug":"zloty-pierscionek-pxc5469","status":"publish","type":"product","link":"https:\/\/staviori.com.pl\/cs\/product\/zloty-pierscionek-pxc5469\/","title":{"rendered":"jemn\u00fd prsten ze \u017elut\u00e9ho zlata 333 se zirkony"},"content":{"rendered":"<p>Model: PXC5469<br \/>\nWaga ok. 0,80g<\/p>\n<p>Prsten.<br \/>\n\u017dlut\u00e9 zlato 0,333.<br \/>\nZirkonie.<\/p>\n<p>K dispozici jsou pouze n\u011bkter\u00e9 velikosti - zeptejte se<\/p>","protected":false},"excerpt":{"rendered":"<p>Delikatny pier\u015bcionek z 8-karatowego \u017c\u00f3\u0142tego z\u0142ota, ozdobiony l\u015bni\u0105c\u0105 cyrkoni\u0105 osadzon\u0105 w klasycznej oprawie sze\u015bciu \u0142apek. Subtelna forma i ponadczasowy styl czyni\u0105 go idealnym wyborem na pierwsz\u0105 bi\u017cuteri\u0119 lub symbol uczucia. Elegancki i uniwersalny \u2013 pasuje na ka\u017cd\u0105 okazj\u0119.<\/p>","protected":false},"featured_media":19909,"comment_status":"closed","ping_status":"closed","template":"","meta":{"om_disable_all_campaigns":false},"product_brand":[2284,2350],"product_cat":[801,1930,2204],"product_tag":[5275,2454,2565,4673,5276,4668,5257,5274,5273],"class_list":{"0":"post-15309","1":"product","2":"type-product","3":"status-publish","4":"has-post-thumbnail","6":"product_brand-staviori","7":"product_brand-verona","8":"product_cat-pierscionki","9":"product_cat-zloto-2","10":"product_cat-zloty-pierscionek","11":"product_tag-bizuteria-8k","12":"product_tag-cyrkonia","13":"product_tag-delikatna-bizuteria","14":"product_tag-klasyczny-pierscionek","15":"product_tag-pierscionek-z-cyrkonia","16":"product_tag-pierscionek-zareczynowy","17":"product_tag-pierscionek-zloty","18":"product_tag-pxc5469","19":"product_tag-xeb0052","20":"pa_kamien-cyrkonia","21":"pa_kolor-zolte","22":"pa_kruszec-zloto","23":"pa_proba-0-333","24":"pa_rozmiar-2351","25":"pa_rozmiar-2352","26":"pa_rozmiar-2353","27":"pa_rozmiar-2354","28":"pa_rozmiar-2355","29":"pa_rozmiar-2357","30":"pa_waga-080g","32":"first","33":"instock","34":"purchasable","35":"product-type-simple"},"aioseo_notices":[],"_links":{"self":[{"href":"https:\/\/staviori.com.pl\/cs\/wp-json\/wp\/v2\/product\/15309","targetHints":{"allow":["GET"]}}],"collection":[{"href":"https:\/\/staviori.com.pl\/cs\/wp-json\/wp\/v2\/product"}],"about":[{"href":"https:\/\/staviori.com.pl\/cs\/wp-json\/wp\/v2\/types\/product"}],"replies":[{"embeddable":true,"href":"https:\/\/staviori.com.pl\/cs\/wp-json\/wp\/v2\/comments?post=15309"}],"wp:featuredmedia":[{"embeddable":true,"href":"https:\/\/staviori.com.pl\/cs\/wp-json\/wp\/v2\/media\/19909"}],"wp:attachment":[{"href":"https:\/\/staviori.com.pl\/cs\/wp-json\/wp\/v2\/media?parent=15309"}],"wp:term":[{"taxonomy":"product_brand","embeddable":true,"href":"https:\/\/staviori.com.pl\/cs\/wp-json\/wp\/v2\/product_brand?post=15309"},{"taxonomy":"product_cat","embeddable":true,"href":"https:\/\/staviori.com.pl\/cs\/wp-json\/wp\/v2\/product_cat?post=15309"},{"taxonomy":"product_tag","embeddable":true,"href":"https:\/\/staviori.com.pl\/cs\/wp-json\/wp\/v2\/product_tag?post=15309"}],"curies":[{"name":"wp","href":"https:\/\/api.w.org\/{rel}","templated":true}]}}