{"id":15297,"date":"2025-02-24T22:48:40","date_gmt":"2025-02-24T21:48:40","guid":{"rendered":"https:\/\/staviori.com.pl\/product\/zloty-pierscionek-pxc20209\/"},"modified":"2026-03-18T09:25:01","modified_gmt":"2026-03-18T08:25:01","slug":"zloty-pierscionek-pxc20209","status":"publish","type":"product","link":"https:\/\/staviori.com.pl\/cs\/product\/zloty-pierscionek-pxc20209\/","title":{"rendered":"a\u017eurov\u00fd prsten s \u010dern\u00fdmi zirkony ve zlat\u011b 333"},"content":{"rendered":"<p>Model: PXC20209<br \/>\nHmotnost p\u0159ibli\u017en\u011b 1,95 g<\/p>\n<p>Prsten.<br \/>\n\u017dlut\u00e9 zlato 0,333.<br \/>\nZirkonov\u00e1 \u010dern\u00e1.<\/p>\n<p>K dispozici jsou pouze n\u011bkter\u00e9 velikosti - zeptejte se<br \/>\nDost\u0119pny na zam\u00f3wienie, czas realizacji ok. 1 tydzie\u0144<\/p>\n<p>Pier\u015bcionek wykonany z 8-karatowego z\u0142ota (pr\u00f3ba 333).<br \/>\nModel wyr\u00f3\u017cnia si\u0119 a\u017curowym wzorem, w kt\u00f3rego centralnej cz\u0119\u015bci osadzona jest czarna cyrkonia.<\/p>","protected":false},"excerpt":{"rendered":"<p>Zachwycaj\u0105cy pier\u015bcionek z 8-karatowego \u017c\u00f3\u0142tego z\u0142ota, kt\u00f3ry urzeka subtelnym a\u017curowym wzorem i tajemniczym blaskiem czarnej cyrkonii. Owalny kamie\u0144 centralny osadzony zosta\u0142 w misternie zdobionej koronie, tworz\u0105c kompozycj\u0119 pe\u0142n\u0105 klasy i wyrafinowanego uroku. Idealna propozycja dla kobiet ceni\u0105cych elegancj\u0119 z nut\u0105 oryginalno\u015bci.<\/p>","protected":false},"featured_media":15298,"comment_status":"closed","ping_status":"closed","template":"","meta":{"om_disable_all_campaigns":false},"product_brand":[2284,2350],"product_cat":[1384,801,1930,176,2204],"product_tag":[5259,3636,5258,5261,5260,5257,5256,5255],"class_list":{"0":"post-15297","1":"product","2":"type-product","3":"status-publish","4":"has-post-thumbnail","6":"product_brand-staviori","7":"product_brand-verona","8":"product_cat-bizuteria","9":"product_cat-pierscionki","10":"product_cat-zloto-2","11":"product_cat-zloto","12":"product_cat-zloty-pierscionek","13":"product_tag-azurowy-pierscionek","14":"product_tag-bizuteria-z-zoltego-zlota","15":"product_tag-cyrkonia-czarna","16":"product_tag-filigranowy-wzor","17":"product_tag-pierscionek-ozdobny","18":"product_tag-pierscionek-zloty","19":"product_tag-px20209","20":"product_tag-pxc20209","21":"pa_kamien-cyrkonia-czarna","22":"pa_kolor-zolte","23":"pa_kruszec-zloto","24":"pa_proba-0-333","25":"pa_rozmiar-2352","26":"pa_rozmiar-2353","27":"pa_rozmiar-2354","28":"pa_rozmiar-2355","29":"pa_rozmiar-2356","30":"pa_rozmiar-2357","31":"pa_rozmiar-2358","32":"pa_rozmiar-2359","33":"pa_rozmiar-4356","34":"pa_rozmiar-4357","35":"pa_waga-195g","37":"first","38":"instock","39":"purchasable","40":"product-type-simple"},"aioseo_notices":[],"_links":{"self":[{"href":"https:\/\/staviori.com.pl\/cs\/wp-json\/wp\/v2\/product\/15297","targetHints":{"allow":["GET"]}}],"collection":[{"href":"https:\/\/staviori.com.pl\/cs\/wp-json\/wp\/v2\/product"}],"about":[{"href":"https:\/\/staviori.com.pl\/cs\/wp-json\/wp\/v2\/types\/product"}],"replies":[{"embeddable":true,"href":"https:\/\/staviori.com.pl\/cs\/wp-json\/wp\/v2\/comments?post=15297"}],"wp:featuredmedia":[{"embeddable":true,"href":"https:\/\/staviori.com.pl\/cs\/wp-json\/wp\/v2\/media\/15298"}],"wp:attachment":[{"href":"https:\/\/staviori.com.pl\/cs\/wp-json\/wp\/v2\/media?parent=15297"}],"wp:term":[{"taxonomy":"product_brand","embeddable":true,"href":"https:\/\/staviori.com.pl\/cs\/wp-json\/wp\/v2\/product_brand?post=15297"},{"taxonomy":"product_cat","embeddable":true,"href":"https:\/\/staviori.com.pl\/cs\/wp-json\/wp\/v2\/product_cat?post=15297"},{"taxonomy":"product_tag","embeddable":true,"href":"https:\/\/staviori.com.pl\/cs\/wp-json\/wp\/v2\/product_tag?post=15297"}],"curies":[{"name":"wp","href":"https:\/\/api.w.org\/{rel}","templated":true}]}}