{"id":15296,"date":"2025-02-24T22:48:40","date_gmt":"2025-02-24T21:48:40","guid":{"rendered":"https:\/\/staviori.com.pl\/product\/srebrny-pierscionek-pse3478\/"},"modified":"2026-02-11T00:09:12","modified_gmt":"2026-02-10T23:09:12","slug":"srebrny-pierscionek-pse3478","status":"publish","type":"product","link":"https:\/\/staviori.com.pl\/cs\/product\/srebrny-pierscionek-pse3478\/","title":{"rendered":"St\u0159\u00edbrn\u00fd prsten se \u017eirafou a smaltem"},"content":{"rendered":"<p>Model: PSE3478<br \/>\nHmotnost p\u0159ibli\u017en\u011b 1,80 g<\/p>\n<p>Prsten.<br \/>\nSt\u0159\u00edbro 0,925.<br \/>\nEmalia.<\/p>\n<p>\u015arednica korony ok. 6&#215;10 mm.<br \/>\nSzeroko\u015b\u0107 obr\u0105czki ok. 2.1 mm.<\/p>\n<p>Mo\u017cliwo\u015b\u0107 samodzielnej regulacji rozmiaru pier\u015bcionka.<\/p>","protected":false},"excerpt":{"rendered":"<p>Uroczy srebrny pier\u015bcionek z motywem \u017cyrafy, wykonany z najwy\u017cszej pr\u00f3by srebra 0,925 i pokryty barwn\u0105 emali\u0105. Otwarta forma pozwala na \u0142atw\u0105 regulacj\u0119 rozmiaru, dzi\u0119ki czemu doskonale dopasuje si\u0119 do ka\u017cdej d\u0142oni. Idealny dodatek dla najm\u0142odszych lub mi\u0142o\u015bniczek bi\u017cuterii z nut\u0105 dzieci\u0119cej rado\u015bci i koloru.<\/p>","protected":false},"featured_media":6096,"comment_status":"closed","ping_status":"closed","template":"","meta":{"om_disable_all_campaigns":false},"product_brand":[2284],"product_cat":[801,2206,1817],"product_tag":[3528,2939,5263,5265,5160,5262,2427,5264],"class_list":{"0":"post-15296","1":"product","2":"type-product","3":"status-publish","4":"has-post-thumbnail","6":"product_brand-staviori","7":"product_cat-pierscionki","8":"product_cat-srebrny-pierscionek","9":"product_cat-srebro-2","10":"product_tag-bizuteria-z-motywem-zwierzat","11":"product_tag-emalia","12":"product_tag-pierscionek-dzieciecy","13":"product_tag-pierscionek-regulowany","14":"product_tag-pierscionek-srebrny","15":"product_tag-pse3478","16":"product_tag-srebro-925","17":"product_tag-zyrafa","18":"pa_kamien-emalia","19":"pa_kruszec-srebro","20":"pa_proba-0-925","21":"pa_srednica-korony-ok-6x10mm","22":"pa_szerokosc-obraczki-ok-2-1mm","23":"pa_waga-180g","25":"first","26":"instock","27":"purchasable","28":"product-type-simple"},"aioseo_notices":[],"_links":{"self":[{"href":"https:\/\/staviori.com.pl\/cs\/wp-json\/wp\/v2\/product\/15296","targetHints":{"allow":["GET"]}}],"collection":[{"href":"https:\/\/staviori.com.pl\/cs\/wp-json\/wp\/v2\/product"}],"about":[{"href":"https:\/\/staviori.com.pl\/cs\/wp-json\/wp\/v2\/types\/product"}],"replies":[{"embeddable":true,"href":"https:\/\/staviori.com.pl\/cs\/wp-json\/wp\/v2\/comments?post=15296"}],"wp:featuredmedia":[{"embeddable":true,"href":"https:\/\/staviori.com.pl\/cs\/wp-json\/wp\/v2\/media\/6096"}],"wp:attachment":[{"href":"https:\/\/staviori.com.pl\/cs\/wp-json\/wp\/v2\/media?parent=15296"}],"wp:term":[{"taxonomy":"product_brand","embeddable":true,"href":"https:\/\/staviori.com.pl\/cs\/wp-json\/wp\/v2\/product_brand?post=15296"},{"taxonomy":"product_cat","embeddable":true,"href":"https:\/\/staviori.com.pl\/cs\/wp-json\/wp\/v2\/product_cat?post=15296"},{"taxonomy":"product_tag","embeddable":true,"href":"https:\/\/staviori.com.pl\/cs\/wp-json\/wp\/v2\/product_tag?post=15296"}],"curies":[{"name":"wp","href":"https:\/\/api.w.org\/{rel}","templated":true}]}}