{"id":15293,"date":"2025-02-24T22:48:40","date_gmt":"2025-02-24T21:48:40","guid":{"rendered":"https:\/\/staviori.com.pl\/product\/pierscionek-z-diamentem-prd5430\/"},"modified":"2026-02-11T00:09:12","modified_gmt":"2026-02-10T23:09:12","slug":"pierscionek-z-diamentem-prd5430","status":"publish","type":"product","link":"https:\/\/staviori.com.pl\/cs\/product\/pierscionek-z-diamentem-prd5430\/","title":{"rendered":"prsten z r\u016f\u017eov\u00e9ho zlata se t\u0159emi diamanty"},"content":{"rendered":"<p>Model: PRD5430<br \/>\nHmotnost p\u0159ibli\u017en\u011b 1,30 g<\/p>\n<p>Prsten.<br \/>\nR\u016f\u017eov\u00e9 zlato 0,585.<br \/>\n3 Diamenty, szlif brylantowy, o masie 0,06ct, barwa H, czysto\u015b\u0107 SI1-SI2.<\/p>\n<p>Szeroko\u015b\u0107 obr\u0105czki ok. 1.6 mm.<br \/>\nKorona 6 x 1.8 mm.<br \/>\nV\u00fd\u0161ka 3 mm.<\/p>\n<p>K dispozici jsou pouze n\u011bkter\u00e9 velikosti - zeptejte se<\/p>","protected":false},"excerpt":{"rendered":"<p>Klasyczny pier\u015bcionek zar\u0119czynowy z r\u00f3\u017cowego z\u0142ota 14K, ozdobiony trzema pi\u0119knie oszlifowanymi diamentami o \u0142\u0105cznej masie 0,06 ct. Subtelna forma i ponadczasowy charakter sprawiaj\u0105, \u017ce model ten doskonale sprawdzi si\u0119 jako symbol mi\u0142o\u015bci i zaanga\u017cowania. Prosta elegancja z nut\u0105 luksusu \u2013 dost\u0119pny r\u00f3wnie\u017c w bia\u0142ym i \u017c\u00f3\u0142tym z\u0142ocie.<\/p>","protected":false},"featured_media":6069,"comment_status":"closed","ping_status":"closed","template":"","meta":{"om_disable_all_campaigns":false},"product_brand":[2284],"product_cat":[1838,2182,801],"product_tag":[5272,2603,5271,4746,4668,5269,2336,5270],"class_list":{"0":"post-15293","1":"product","2":"type-product","3":"status-publish","4":"has-post-thumbnail","6":"product_brand-staviori","7":"product_cat-diamenty","8":"product_cat-pierscionek-z-diamentem","9":"product_cat-pierscionki","10":"product_tag-elegancki-pierscionek-zareczynowy","11":"product_tag-klasyczna-bizuteria","12":"product_tag-pierscionek-14k","13":"product_tag-pierscionek-z-brylantami","14":"product_tag-pierscionek-zareczynowy","15":"product_tag-prd5430","16":"product_tag-rozowe-zloto","17":"product_tag-trzy-diamenty","18":"pa_barwa-h-2","19":"pa_czystosc-si1","20":"pa_kamien-brylanty","21":"pa_kolor-rozowe","22":"pa_korona-6-x-1-8mm","23":"pa_kruszec-zloto","24":"pa_proba-0-585","25":"pa_rozmiar-4355","26":"pa_rozmiar-2351","27":"pa_rozmiar-2352","28":"pa_szerokosc-obraczki-ok-1-6mm","29":"pa_waga-130g","31":"first","32":"instock","33":"purchasable","34":"product-type-simple"},"aioseo_notices":[],"_links":{"self":[{"href":"https:\/\/staviori.com.pl\/cs\/wp-json\/wp\/v2\/product\/15293","targetHints":{"allow":["GET"]}}],"collection":[{"href":"https:\/\/staviori.com.pl\/cs\/wp-json\/wp\/v2\/product"}],"about":[{"href":"https:\/\/staviori.com.pl\/cs\/wp-json\/wp\/v2\/types\/product"}],"replies":[{"embeddable":true,"href":"https:\/\/staviori.com.pl\/cs\/wp-json\/wp\/v2\/comments?post=15293"}],"wp:featuredmedia":[{"embeddable":true,"href":"https:\/\/staviori.com.pl\/cs\/wp-json\/wp\/v2\/media\/6069"}],"wp:attachment":[{"href":"https:\/\/staviori.com.pl\/cs\/wp-json\/wp\/v2\/media?parent=15293"}],"wp:term":[{"taxonomy":"product_brand","embeddable":true,"href":"https:\/\/staviori.com.pl\/cs\/wp-json\/wp\/v2\/product_brand?post=15293"},{"taxonomy":"product_cat","embeddable":true,"href":"https:\/\/staviori.com.pl\/cs\/wp-json\/wp\/v2\/product_cat?post=15293"},{"taxonomy":"product_tag","embeddable":true,"href":"https:\/\/staviori.com.pl\/cs\/wp-json\/wp\/v2\/product_tag?post=15293"}],"curies":[{"name":"wp","href":"https:\/\/api.w.org\/{rel}","templated":true}]}}