{"id":15291,"date":"2025-02-24T22:48:40","date_gmt":"2025-02-24T21:48:40","guid":{"rendered":"https:\/\/staviori.com.pl\/product\/pierscionek-z-diamentem-prd5400\/"},"modified":"2026-02-11T00:10:02","modified_gmt":"2026-02-10T23:10:02","slug":"pierscionek-z-diamentem-prd5400","status":"publish","type":"product","link":"https:\/\/staviori.com.pl\/cs\/product\/pierscionek-z-diamentem-prd5400\/","title":{"rendered":"Staviori\u00ae Must Have | z\u00e1snubn\u00ed prsten z r\u016f\u017eov\u00e9ho zlata s diamanty"},"content":{"rendered":"<p>Model: PRD5400<br \/>\nHmotnost p\u0159ibli\u017en\u011b 1,30 g<\/p>\n<p>Prsten.<br \/>\nR\u016f\u017eov\u00e9 zlato 0,585.<br \/>\n9 diamant\u016f, briliantov\u00fd brus, hmotnost 0,20ct, barva H, \u010distota SI.<\/p>\n<p>Korunka 21 \u00d7 4 mm.<br \/>\n\u0160\u00ed\u0159ka krou\u017eku p\u0159ibli\u017en\u011b 1,2 mm.<\/p>\n<p>Z\u00e1snubn\u00ed prsten<br \/>\nK dispozici jsou pouze n\u011bkter\u00e9 velikosti - zeptejte se<br \/>\nPokud nen\u00ed skladem: lze objednat v jak\u00e9koli velikosti a zlat\u00e9 barv\u011b.<br \/>\nDoba dod\u00e1n\u00ed p\u0159ibli\u017en\u011b 4 t\u00fddny.<\/p>","protected":false},"excerpt":{"rendered":"<p>Jemn\u00fd a nesm\u00edrn\u011b romantick\u00fd z\u00e1snubn\u00ed prsten s 9 diamanty o celkov\u00e9 v\u00e1ze 0,20 ct, zasazen\u00fd do \u0161t\u00edhl\u00e9 li\u0161ty ze 14kar\u00e1tov\u00e9ho r\u016f\u017eov\u00e9ho zlata. Asymetrick\u00e9 uspo\u0159\u00e1d\u00e1n\u00ed kamen\u016f vytv\u00e1\u0159\u00ed efekt m\u00edrn\u00e9ho t\u0159pytu a dod\u00e1v\u00e1 celku jemnost. Ide\u00e1ln\u00ed volba pro \u017eeny, kter\u00e9 ocen\u00ed jemnost, modernost a \u0161petku t\u0159pytu v elegantn\u00ed podob\u011b.<\/p>","protected":false},"featured_media":6042,"comment_status":"closed","ping_status":"closed","template":"","meta":{"om_disable_all_campaigns":false},"product_brand":[2284],"product_cat":[1838,6752,2182,801],"product_tag":[4013,4679,2569,4708,4668,5312,4116,2336],"class_list":{"0":"post-15291","1":"product","2":"type-product","3":"status-publish","4":"has-post-thumbnail","6":"product_brand-staviori","7":"product_cat-diamenty","8":"product_cat-kolekcja-staviori-must-have","9":"product_cat-pierscionek-z-diamentem","10":"product_cat-pierscionki","11":"product_tag-14k-zloto","12":"product_tag-delikatny-pierscionek","13":"product_tag-nowoczesna-bizuteria","14":"product_tag-pierscionek-z-diamentami","15":"product_tag-pierscionek-zareczynowy","16":"product_tag-prd5400","17":"product_tag-romantyczny-styl","18":"product_tag-rozowe-zloto","19":"pa_barwa-h-2","20":"pa_czystosc-si1-si2","21":"pa_dostawca-estrella","22":"pa_kamien-brylanty","23":"pa_kolor-rozowe","24":"pa_korona-21x4mm","25":"pa_kruszec-zloto","26":"pa_okazja-idealne-na-zareczyny","27":"pa_proba-0-585","28":"pa_rozmiar-2352","29":"pa_rozmiar-2354","30":"pa_szerokosc-obraczki-ok-1-2mm","31":"pa_waga-130g","33":"first","34":"instock","35":"purchasable","36":"product-type-variable","37":"has-default-attributes"},"aioseo_notices":[],"_links":{"self":[{"href":"https:\/\/staviori.com.pl\/cs\/wp-json\/wp\/v2\/product\/15291","targetHints":{"allow":["GET"]}}],"collection":[{"href":"https:\/\/staviori.com.pl\/cs\/wp-json\/wp\/v2\/product"}],"about":[{"href":"https:\/\/staviori.com.pl\/cs\/wp-json\/wp\/v2\/types\/product"}],"replies":[{"embeddable":true,"href":"https:\/\/staviori.com.pl\/cs\/wp-json\/wp\/v2\/comments?post=15291"}],"wp:featuredmedia":[{"embeddable":true,"href":"https:\/\/staviori.com.pl\/cs\/wp-json\/wp\/v2\/media\/6042"}],"wp:attachment":[{"href":"https:\/\/staviori.com.pl\/cs\/wp-json\/wp\/v2\/media?parent=15291"}],"wp:term":[{"taxonomy":"product_brand","embeddable":true,"href":"https:\/\/staviori.com.pl\/cs\/wp-json\/wp\/v2\/product_brand?post=15291"},{"taxonomy":"product_cat","embeddable":true,"href":"https:\/\/staviori.com.pl\/cs\/wp-json\/wp\/v2\/product_cat?post=15291"},{"taxonomy":"product_tag","embeddable":true,"href":"https:\/\/staviori.com.pl\/cs\/wp-json\/wp\/v2\/product_tag?post=15291"}],"curies":[{"name":"wp","href":"https:\/\/api.w.org\/{rel}","templated":true}]}}