{"id":15290,"date":"2025-02-24T22:48:40","date_gmt":"2025-02-24T21:48:40","guid":{"rendered":"https:\/\/staviori.com.pl\/product\/bizuteria-inwestycyjna-pierscionek-prd4439\/"},"modified":"2026-02-11T00:09:12","modified_gmt":"2026-02-10T23:09:12","slug":"bizuteria-inwestycyjna-pierscionek-prd4439","status":"publish","type":"product","link":"https:\/\/staviori.com.pl\/cs\/product\/bizuteria-inwestycyjna-pierscionek-prd4439\/","title":{"rendered":"Exkluzivn\u00ed | neobvykl\u00fd prsten z 18kar\u00e1tov\u00e9ho r\u016f\u017eov\u00e9ho zlata s diamantem"},"content":{"rendered":"<p>Model: DDR0159<br \/>\nWaga ok. 3,92g<\/p>\n<p>Prsten.<br \/>\nR\u016f\u017eov\u00e9 zlato 0,750.<br \/>\n1 Diament, szlif brylantowy, o masie 0,08ct, barwa G, czysto\u015b\u0107 SI1.<\/p>\n<p>Szeroko\u015b\u0107 5.9-2.6 mm.<br \/>\nWymiary 3.11 mm.<\/p>\n<p>V\u00fdrobek v libovoln\u00e9 velikosti, dostupn\u00fd pouze na vy\u017e\u00e1d\u00e1n\u00ed, doba dod\u00e1n\u00ed cca 5 t\u00fddn\u016f.<\/p>","protected":false},"excerpt":{"rendered":"<p>Zjawiskowy pier\u015bcionek zar\u0119czynowy wykonany z 18-karatowego r\u00f3\u017cowego z\u0142ota to po\u0142\u0105czenie nowoczesnego designu i subtelnej elegancji. Jego otwarta forma oplata delikatny diament o masie 0,08 ct, kt\u00f3ry ol\u015bniewa szlifem brylantowym i pi\u0119kn\u0105 barw\u0105 G. Ten wyj\u0105tkowy model zachwyca nietypow\u0105 form\u0105 i ponadczasowym charakterem \u2013 idealny wyb\u00f3r dla kobiety, kt\u00f3ra ceni wyrafinowan\u0105 prostot\u0119 z nut\u0105 oryginalno\u015bci. Doskona\u0142y symbol mi\u0142o\u015bci i wyj\u0105tkowych emocji.<\/p>","protected":false},"featured_media":19976,"comment_status":"closed","ping_status":"closed","template":"","meta":{"om_disable_all_campaigns":false},"product_brand":[2284],"product_cat":[1803,6741,801],"product_tag":[2311,5316,4062,5077,3722,4126,3690,5314,5318,4906,3747,3753,5315,5317,4757,4668,5319,4125,2336,4179,2846,4910],"class_list":{"0":"post-15290","1":"product","2":"type-product","3":"status-publish","4":"has-post-thumbnail","6":"product_brand-staviori","7":"product_cat-brylanty-exclusive","8":"product_cat-pierscionki-brylanty-exclusive","9":"product_cat-pierscionki","10":"product_tag-bizuteria-luksusowa","11":"product_tag-briliant","12":"product_tag-brilliant-cut","13":"product_tag-diamant","14":"product_tag-diament","15":"product_tag-diamond","16":"product_tag-elegancki-prezent","17":"product_tag-elegant-gift","18":"product_tag-elegantni-darek","19":"product_tag-engagement-ring","20":"product_tag-luxury-jewelry","21":"product_tag-luxusni-sperky","22":"product_tag-modern-ring","23":"product_tag-moderni-prsten","24":"product_tag-nowoczesny-pierscionek","25":"product_tag-pierscionek-zareczynowy","26":"product_tag-prd4439","27":"product_tag-rose-gold","28":"product_tag-rozowe-zloto","29":"product_tag-ruzove-zlato","30":"product_tag-szlif-brylantowy","31":"product_tag-zasnubni-prsten","32":"pa_barwa-g-2","33":"pa_czystosc-si1","34":"pa_dostawca-draco","35":"pa_kamien-brylant","36":"pa_kolor-rozowe","37":"pa_kruszec-zloto","38":"pa_masa-karatowa-008ct","39":"pa_okazja-idealne-na-zareczyny","40":"pa_proba-0-750","41":"pa_szerokosc-5-9-2-6mm","42":"pa_waga-390g","43":"pa_wymiary-3-11mm","45":"first","46":"onbackorder","47":"purchasable","48":"product-type-simple"},"aioseo_notices":[],"_links":{"self":[{"href":"https:\/\/staviori.com.pl\/cs\/wp-json\/wp\/v2\/product\/15290","targetHints":{"allow":["GET"]}}],"collection":[{"href":"https:\/\/staviori.com.pl\/cs\/wp-json\/wp\/v2\/product"}],"about":[{"href":"https:\/\/staviori.com.pl\/cs\/wp-json\/wp\/v2\/types\/product"}],"replies":[{"embeddable":true,"href":"https:\/\/staviori.com.pl\/cs\/wp-json\/wp\/v2\/comments?post=15290"}],"wp:featuredmedia":[{"embeddable":true,"href":"https:\/\/staviori.com.pl\/cs\/wp-json\/wp\/v2\/media\/19976"}],"wp:attachment":[{"href":"https:\/\/staviori.com.pl\/cs\/wp-json\/wp\/v2\/media?parent=15290"}],"wp:term":[{"taxonomy":"product_brand","embeddable":true,"href":"https:\/\/staviori.com.pl\/cs\/wp-json\/wp\/v2\/product_brand?post=15290"},{"taxonomy":"product_cat","embeddable":true,"href":"https:\/\/staviori.com.pl\/cs\/wp-json\/wp\/v2\/product_cat?post=15290"},{"taxonomy":"product_tag","embeddable":true,"href":"https:\/\/staviori.com.pl\/cs\/wp-json\/wp\/v2\/product_tag?post=15290"}],"curies":[{"name":"wp","href":"https:\/\/api.w.org\/{rel}","templated":true}]}}