{"id":15288,"date":"2025-02-24T22:48:31","date_gmt":"2025-02-24T21:48:31","guid":{"rendered":"https:\/\/staviori.com.pl\/product\/pierscionek-z-diamentem-prd4203\/"},"modified":"2026-02-11T00:09:12","modified_gmt":"2026-02-10T23:09:12","slug":"pierscionek-z-diamentem-prd4203","status":"publish","type":"product","link":"https:\/\/staviori.com.pl\/cs\/product\/pierscionek-z-diamentem-prd4203\/","title":{"rendered":"Staviori | kr\u00e1sn\u00fd prsten s ma\u0161l\u00ed z r\u016f\u017eov\u00e9ho zlata a diamantem"},"content":{"rendered":"<p>Model: PRD4203<br \/>\nWaga ok. 1,70g<\/p>\n<p>Prsten.<br \/>\nR\u016f\u017eov\u00e9 zlato 0,585.<br \/>\n1 Diament, szlif brylantowy, o masie 0,005ct, barwa H, czysto\u015b\u0107 SI1<\/p>\n<p>\u015arednica korony ok. 5&#215;17 mm.<\/p>\n<p>Z\u00e1snubn\u00ed prsten<br \/>\nProdukt je\u015bli brak na magazynie, to dost\u0119pny wy\u0142\u0105cznie na zam\u00f3wienie, czas realizacji ok. 2 tygodnie.<\/p>","protected":false},"excerpt":{"rendered":"<p>Model: PRD4203 Waga ok. 1,70g Pier\u015bcionek. R\u00f3\u017cowe Z\u0142oto 0,585. 1 Diament, szlif brylantowy, o masie 0,005ct, barwa H, czysto\u015b\u0107 SI1 \u015arednica korony ok. 5&#215;17 mm. Pier\u015bcionek zar\u0119czynowy Produkt je\u015bli brak na magazynie, to dost\u0119pny wy\u0142\u0105cznie na zam\u00f3wienie, czas realizacji ok. 2 tygodnie.<\/p>","protected":false},"featured_media":6005,"comment_status":"closed","ping_status":"closed","template":"","meta":{"om_disable_all_campaigns":false},"product_brand":[2284],"product_cat":[1838,2182,801],"product_tag":[4679,4923,3722,4928,4906,6711,3164,4668,6758,2336,4179,3724,4910,2364],"class_list":{"0":"post-15288","1":"product","2":"type-product","3":"status-publish","4":"has-post-thumbnail","6":"product_brand-staviori","7":"product_cat-diamenty","8":"product_cat-pierscionek-z-diamentem","9":"product_cat-pierscionki","10":"product_tag-delikatny-pierscionek","11":"product_tag-diamantovy-prsten","12":"product_tag-diament","13":"product_tag-diamond-ring","14":"product_tag-engagement-ring","15":"product_tag-gold-14k","16":"product_tag-kokardka","17":"product_tag-pierscionek-zareczynowy","18":"product_tag-rose-gold-ring","19":"product_tag-rozowe-zloto","20":"product_tag-ruzove-zlato","21":"product_tag-staviori","22":"product_tag-zasnubni-prsten","23":"product_tag-zloto-585","24":"pa_barwa-h-2","25":"pa_czystosc-si1","26":"pa_kamien-diament","27":"pa_kolor-rozowe","28":"pa_kruszec-zloto","29":"pa_motyw-kokardka","30":"pa_proba-0-585","31":"pa_rozmiar-4355","32":"pa_rozmiar-2352","33":"pa_rozmiar-2354","34":"pa_srednica-korony-ok-5x17mm","35":"pa_waga-170g","37":"first","38":"instock","39":"purchasable","40":"product-type-simple"},"aioseo_notices":[],"_links":{"self":[{"href":"https:\/\/staviori.com.pl\/cs\/wp-json\/wp\/v2\/product\/15288","targetHints":{"allow":["GET"]}}],"collection":[{"href":"https:\/\/staviori.com.pl\/cs\/wp-json\/wp\/v2\/product"}],"about":[{"href":"https:\/\/staviori.com.pl\/cs\/wp-json\/wp\/v2\/types\/product"}],"replies":[{"embeddable":true,"href":"https:\/\/staviori.com.pl\/cs\/wp-json\/wp\/v2\/comments?post=15288"}],"wp:featuredmedia":[{"embeddable":true,"href":"https:\/\/staviori.com.pl\/cs\/wp-json\/wp\/v2\/media\/6005"}],"wp:attachment":[{"href":"https:\/\/staviori.com.pl\/cs\/wp-json\/wp\/v2\/media?parent=15288"}],"wp:term":[{"taxonomy":"product_brand","embeddable":true,"href":"https:\/\/staviori.com.pl\/cs\/wp-json\/wp\/v2\/product_brand?post=15288"},{"taxonomy":"product_cat","embeddable":true,"href":"https:\/\/staviori.com.pl\/cs\/wp-json\/wp\/v2\/product_cat?post=15288"},{"taxonomy":"product_tag","embeddable":true,"href":"https:\/\/staviori.com.pl\/cs\/wp-json\/wp\/v2\/product_tag?post=15288"}],"curies":[{"name":"wp","href":"https:\/\/api.w.org\/{rel}","templated":true}]}}