{"id":15287,"date":"2025-02-24T22:48:31","date_gmt":"2025-02-24T21:48:31","guid":{"rendered":"https:\/\/staviori.com.pl\/product\/bizuteria-inwestycyjna-pierscionek-prd4043\/"},"modified":"2026-02-11T00:09:12","modified_gmt":"2026-02-10T23:09:12","slug":"bizuteria-inwestycyjna-pierscionek-prd4043","status":"publish","type":"product","link":"https:\/\/staviori.com.pl\/cs\/product\/bizuteria-inwestycyjna-pierscionek-prd4043\/","title":{"rendered":"Exkluzivn\u00ed | kr\u00e1sn\u00fd unik\u00e1tn\u00ed prsten s ametystem a diamanty z 18kar\u00e1tov\u00e9ho zlata"},"content":{"rendered":"<p>Model: PRD4043<br \/>\nHmotnost p\u0159ibli\u017en\u011b 3,60 g<\/p>\n<p>Prsten.<br \/>\nR\u016f\u017eov\u00e9 zlato 0,750.<br \/>\n100 diamant\u016f, briliantov\u00fd brus, hmotnost 0,85ct, barva G-H, \u010distota SI1.<br \/>\n1 Ametyst o hmotnosti 1,20ct.<\/p>\n<p>Korunka 14 \u00d7 10 mm.<br \/>\nV\u00fd\u0161ka 7,1 mm.<br \/>\n\u0160\u00ed\u0159ka krou\u017eku je p\u0159ibli\u017en\u011b 3 mm.<\/p>\n<p>P\u0159edra\u017een\u00fd prsten k z\u00e1snub\u00e1m nebo jin\u00e9 p\u0159\u00edle\u017eitosti.<br \/>\nPro sadu m\u016f\u017eeme vyrobit n\u00e1u\u0161nice, n\u00e1ramek, p\u0159\u00edv\u011bsek!<br \/>\nV\u00fdrobek v libovoln\u00e9 velikosti, dostupn\u00fd pouze na vy\u017e\u00e1d\u00e1n\u00ed, doba dod\u00e1n\u00ed cca 5 t\u00fddn\u016f.<\/p>","protected":false},"excerpt":{"rendered":"<p>Fenomen\u00e1ln\u00ed z\u00e1snubn\u00ed prsten z r\u016f\u017eov\u00e9ho zlata 0.750, kter\u00fd upout\u00e1 pozornost jedine\u010dnou kompozic\u00ed drah\u00fdch kamen\u016f. Centr\u00e1ln\u00ed hru\u0161kovit\u00fd ametyst o hmotnosti 1,20 ct vynik\u00e1 syt\u011b fialov\u00fdm odst\u00ednem a je harmonicky obklopen a\u017e 100 diamanty o celkov\u00e9 hmotnosti 0,85 ct. T\u0159pytiv\u00e9 zasazen\u00ed ve tvaru kapky a bohat\u011b zdoben\u00e9 hrdlo dod\u00e1vaj\u00ed \u0161perku luxusn\u00ed n\u00e1dech. Tento elegantn\u00ed a romantick\u00fd prsten je ide\u00e1ln\u00ed volbou pro \u017eeny, kter\u00e9 oce\u0148uj\u00ed vyt\u0159\u00edben\u00fd styl a lesk drah\u00fdch kamen\u016f.<\/p>","protected":false},"featured_media":5991,"comment_status":"closed","ping_status":"closed","template":"","meta":{"om_disable_all_campaigns":false},"product_brand":[2284],"product_cat":[1803,6741,801],"product_tag":[4482,2472,2612,2296,2280,4668,2336,5408,2341],"class_list":{"0":"post-15287","1":"product","2":"type-product","3":"status-publish","4":"has-post-thumbnail","6":"product_brand-staviori","7":"product_cat-brylanty-exclusive","8":"product_cat-pierscionki-brylanty-exclusive","9":"product_cat-pierscionki","10":"product_tag-18-karatowe-zloto","11":"product_tag-ametyst","12":"product_tag-bizuteria-z-kamieniami","13":"product_tag-diamenty","14":"product_tag-luksusowa-bizuteria","15":"product_tag-pierscionek-zareczynowy","16":"product_tag-rozowe-zloto","17":"product_tag-szlif-gruszkowy","18":"product_tag-zloto-750","19":"pa_barwa-g-h","20":"pa_czystosc-si1","21":"pa_dostawca-draco","22":"pa_kamien-ametyst-2","23":"pa_kamien-brylanty","24":"pa_kolor-rozowe","25":"pa_korona-14x10mm","26":"pa_kruszec-zloto","27":"pa_proba-0-750","28":"pa_waga-360g","29":"pa_wysokosc-7-1mm","31":"first","32":"onbackorder","33":"purchasable","34":"product-type-simple"},"aioseo_notices":[],"_links":{"self":[{"href":"https:\/\/staviori.com.pl\/cs\/wp-json\/wp\/v2\/product\/15287","targetHints":{"allow":["GET"]}}],"collection":[{"href":"https:\/\/staviori.com.pl\/cs\/wp-json\/wp\/v2\/product"}],"about":[{"href":"https:\/\/staviori.com.pl\/cs\/wp-json\/wp\/v2\/types\/product"}],"replies":[{"embeddable":true,"href":"https:\/\/staviori.com.pl\/cs\/wp-json\/wp\/v2\/comments?post=15287"}],"wp:featuredmedia":[{"embeddable":true,"href":"https:\/\/staviori.com.pl\/cs\/wp-json\/wp\/v2\/media\/5991"}],"wp:attachment":[{"href":"https:\/\/staviori.com.pl\/cs\/wp-json\/wp\/v2\/media?parent=15287"}],"wp:term":[{"taxonomy":"product_brand","embeddable":true,"href":"https:\/\/staviori.com.pl\/cs\/wp-json\/wp\/v2\/product_brand?post=15287"},{"taxonomy":"product_cat","embeddable":true,"href":"https:\/\/staviori.com.pl\/cs\/wp-json\/wp\/v2\/product_cat?post=15287"},{"taxonomy":"product_tag","embeddable":true,"href":"https:\/\/staviori.com.pl\/cs\/wp-json\/wp\/v2\/product_tag?post=15287"}],"curies":[{"name":"wp","href":"https:\/\/api.w.org\/{rel}","templated":true}]}}