{"id":15286,"date":"2025-02-24T22:48:31","date_gmt":"2025-02-24T21:48:31","guid":{"rendered":"https:\/\/staviori.com.pl\/product\/bizuteria-inwestycyjna-pierscionek-prd4039\/"},"modified":"2026-02-11T00:09:12","modified_gmt":"2026-02-10T23:09:12","slug":"bizuteria-inwestycyjna-pierscionek-prd4039","status":"publish","type":"product","link":"https:\/\/staviori.com.pl\/cs\/product\/bizuteria-inwestycyjna-pierscionek-prd4039\/","title":{"rendered":"Exkluzivn\u00ed | vzne\u0161en\u00fd prsten z r\u016f\u017eov\u00e9ho zlata 750 se \u0161ampa\u0148sk\u00fdmi diamanty"},"content":{"rendered":"<p>Model: DDR1360<br \/>\nWaga ok. 5,75g<\/p>\n<p>Prsten.<br \/>\nR\u016f\u017eov\u00e9 zlato 0,750.<br \/>\n83 Diamenty, kolor szampa\u0144ski, szlif brylantowy, o masie 1,95ct.<br \/>\n\u0160\u00ed\u0159ka 7,5 mm.<br \/>\nGrubo\u015b\u0107 2.8 mm.<\/p>\n<p>V\u00fdrobek v libovoln\u00e9 velikosti, dostupn\u00fd pouze na vy\u017e\u00e1d\u00e1n\u00ed, doba dod\u00e1n\u00ed cca 5 t\u00fddn\u016f.<\/p>","protected":false},"excerpt":{"rendered":"<p>Zachwycaj\u0105cy pier\u015bcionek z r\u00f3\u017cowego z\u0142ota pr\u00f3by 0,750, wysadzany a\u017c 83 szampa\u0144skimi diamentami o \u0142\u0105cznej masie 1,95 ct. Szeroka obr\u0105czka l\u015bni bogactwem kamieni, tworz\u0105c spektakularny efekt blasku i elegancji. To wyrazisty i odwa\u017cny projekt, kt\u00f3ry przyci\u0105ga wzrok i dodaje luksusowego charakteru ka\u017cdej stylizacji. Idealny wyb\u00f3r dla kobiet ceni\u0105cych bi\u017cuteri\u0119 pe\u0142n\u0105 blasku i klasy.<\/p>","protected":false},"featured_media":20186,"comment_status":"closed","ping_status":"closed","template":"","meta":{"om_disable_all_campaigns":false},"product_brand":[2284],"product_cat":[1803,6741,801],"product_tag":[2311,4672,4108,4708,5407,2336,2476,4979,5018],"class_list":{"0":"post-15286","1":"product","2":"type-product","3":"status-publish","4":"has-post-thumbnail","6":"product_brand-staviori","7":"product_cat-brylanty-exclusive","8":"product_cat-pierscionki-brylanty-exclusive","9":"product_cat-pierscionki","10":"product_tag-bizuteria-luksusowa","11":"product_tag-elegancki-pierscionek","12":"product_tag-pierscionek","13":"product_tag-pierscionek-z-diamentami","14":"product_tag-prd4039","15":"product_tag-rozowe-zloto","16":"product_tag-szampanskie-diamenty","17":"product_tag-szeroka-obraczka","18":"product_tag-zloty-pierscionek","19":"pa_barwa-szampanska","20":"pa_dostawca-draco","21":"pa_grubosc-2-8mm","22":"pa_kamien-diamenty","23":"pa_kamien-diamenty-szampanskie","24":"pa_kolor-rozowe","25":"pa_kruszec-zloto","26":"pa_proba-0-750","27":"pa_szerokosc-7-5mm","28":"pa_szlif-brylantowy-okragly","29":"pa_waga-570g","31":"first","32":"onbackorder","33":"purchasable","34":"product-type-simple"},"aioseo_notices":[],"_links":{"self":[{"href":"https:\/\/staviori.com.pl\/cs\/wp-json\/wp\/v2\/product\/15286","targetHints":{"allow":["GET"]}}],"collection":[{"href":"https:\/\/staviori.com.pl\/cs\/wp-json\/wp\/v2\/product"}],"about":[{"href":"https:\/\/staviori.com.pl\/cs\/wp-json\/wp\/v2\/types\/product"}],"replies":[{"embeddable":true,"href":"https:\/\/staviori.com.pl\/cs\/wp-json\/wp\/v2\/comments?post=15286"}],"wp:featuredmedia":[{"embeddable":true,"href":"https:\/\/staviori.com.pl\/cs\/wp-json\/wp\/v2\/media\/20186"}],"wp:attachment":[{"href":"https:\/\/staviori.com.pl\/cs\/wp-json\/wp\/v2\/media?parent=15286"}],"wp:term":[{"taxonomy":"product_brand","embeddable":true,"href":"https:\/\/staviori.com.pl\/cs\/wp-json\/wp\/v2\/product_brand?post=15286"},{"taxonomy":"product_cat","embeddable":true,"href":"https:\/\/staviori.com.pl\/cs\/wp-json\/wp\/v2\/product_cat?post=15286"},{"taxonomy":"product_tag","embeddable":true,"href":"https:\/\/staviori.com.pl\/cs\/wp-json\/wp\/v2\/product_tag?post=15286"}],"curies":[{"name":"wp","href":"https:\/\/api.w.org\/{rel}","templated":true}]}}