{"id":15271,"date":"2025-02-24T22:48:31","date_gmt":"2025-02-24T21:48:31","guid":{"rendered":"https:\/\/staviori.com.pl\/product\/pierscionek-z-diamentem-prd1595b\/"},"modified":"2026-02-11T00:09:11","modified_gmt":"2026-02-10T23:09:11","slug":"pierscionek-z-diamentem-prd1595b","status":"publish","type":"product","link":"https:\/\/staviori.com.pl\/cs\/product\/pierscionek-z-diamentem-prd1595b\/","title":{"rendered":"Prsten s 0,25ct \u010dern\u00fdm diamantem v r\u016f\u017eov\u00e9m zlat\u011b"},"content":{"rendered":"<p>Model: PRD1595B<br \/>\nHmotnost p\u0159ibli\u017en\u011b 3,70 g<\/p>\n<p>Prsten.<br \/>\nR\u016f\u017eov\u00e9 zlato 0,585.<br \/>\n1 Diament, kolor czarny, szlif brylantowy, o masie ok. 0,25ct.<\/p>\n<p>\u015arednica korony ok. 4.6 mm.<br \/>\nSzeroko\u015b\u0107 obr\u0105czki ok. 2.90 mm.<\/p>\n<p>Mephisto&#8230; Unikalne po\u0142\u0105czenie bia\u0142ego z\u0142ota z czarnym naturalnym brylantem. Daj si\u0119 skusi\u0107 doskona\u0142ej formie mrocznego przedmiotu po\u017c\u0105dania.<\/p>\n<p>V\u00fdrobek v libovoln\u00e9 velikosti, dostupn\u00fd pouze na vy\u017e\u00e1d\u00e1n\u00ed, doba dod\u00e1n\u00ed cca 2 t\u00fddny.<br \/>\nMo\u017cliwo\u015b\u0107 oprawienia kamienia wy\u017cej w szatonie ( \u0142apkach ) &#8211; obie wersje w galerii.<br \/>\n\u0141apki mog\u0105 by\u0107 rodowane na czarno lub nie &#8211; zale\u017cnie od preferencji.<\/p>","protected":false},"excerpt":{"rendered":"<p>Zachwycaj\u0105cy pier\u015bcionek zar\u0119czynowy wykonany z r\u00f3\u017cowego z\u0142ota pr\u00f3by 0,585, z osadzonym czarnym diamentem o masie 0,25 ct. Prosty, ale wyrafinowany projekt z sze\u015bcioma \u0142apkami eksponuje g\u0142\u0119bi\u0119 mrocznego kamienia, tworz\u0105c niezwykle zmys\u0142ow\u0105 i eleganck\u0105 ca\u0142o\u015b\u0107. Ten model to prawdziwy ho\u0142d dla nowoczesnej romantyczno\u015bci i nieoczywistego pi\u0119kna.<\/p>","protected":false},"featured_media":19786,"comment_status":"closed","ping_status":"closed","template":"","meta":{"om_disable_all_campaigns":false},"product_brand":[2284],"product_cat":[1838,6752,2182,801],"product_tag":[2276,4036,4673,4094,4869,4668,5213,2336],"class_list":{"0":"post-15271","1":"product","2":"type-product","3":"status-publish","4":"has-post-thumbnail","6":"product_brand-staviori","7":"product_cat-diamenty","8":"product_cat-kolekcja-staviori-must-have","9":"product_cat-pierscionek-z-diamentem","10":"product_cat-pierscionki","11":"product_tag-bizuteria-ekskluzywna","12":"product_tag-czarny-diament","13":"product_tag-klasyczny-pierscionek","14":"product_tag-nowoczesna-elegancja","15":"product_tag-pierscionek-z-brylantem","16":"product_tag-pierscionek-zareczynowy","17":"product_tag-prd1595b","18":"product_tag-rozowe-zloto","19":"pa_dostawca-dembowska","20":"pa_dostawca-iza","21":"pa_kamien-czarny-diament","22":"pa_kolor-rozowe","23":"pa_kruszec-zloto","24":"pa_masa-karatowa-025ct","25":"pa_proba-0-585","26":"pa_srednica-korony-ok-4-6mm","27":"pa_szerokosc-obraczki-ok-2-90mm","28":"pa_waga-370g","30":"first","31":"onbackorder","32":"purchasable","33":"product-type-simple"},"aioseo_notices":[],"_links":{"self":[{"href":"https:\/\/staviori.com.pl\/cs\/wp-json\/wp\/v2\/product\/15271","targetHints":{"allow":["GET"]}}],"collection":[{"href":"https:\/\/staviori.com.pl\/cs\/wp-json\/wp\/v2\/product"}],"about":[{"href":"https:\/\/staviori.com.pl\/cs\/wp-json\/wp\/v2\/types\/product"}],"replies":[{"embeddable":true,"href":"https:\/\/staviori.com.pl\/cs\/wp-json\/wp\/v2\/comments?post=15271"}],"wp:featuredmedia":[{"embeddable":true,"href":"https:\/\/staviori.com.pl\/cs\/wp-json\/wp\/v2\/media\/19786"}],"wp:attachment":[{"href":"https:\/\/staviori.com.pl\/cs\/wp-json\/wp\/v2\/media?parent=15271"}],"wp:term":[{"taxonomy":"product_brand","embeddable":true,"href":"https:\/\/staviori.com.pl\/cs\/wp-json\/wp\/v2\/product_brand?post=15271"},{"taxonomy":"product_cat","embeddable":true,"href":"https:\/\/staviori.com.pl\/cs\/wp-json\/wp\/v2\/product_cat?post=15271"},{"taxonomy":"product_tag","embeddable":true,"href":"https:\/\/staviori.com.pl\/cs\/wp-json\/wp\/v2\/product_tag?post=15271"}],"curies":[{"name":"wp","href":"https:\/\/api.w.org\/{rel}","templated":true}]}}