{"id":15269,"date":"2025-02-24T22:48:31","date_gmt":"2025-02-24T21:48:31","guid":{"rendered":"https:\/\/staviori.com.pl\/product\/srebrny-pierscionek-pds5630\/"},"modified":"2026-02-11T00:09:46","modified_gmt":"2026-02-10T23:09:46","slug":"srebrny-pierscionek-pds5630","status":"publish","type":"product","link":"https:\/\/staviori.com.pl\/cs\/product\/srebrny-pierscionek-pds5630\/","title":{"rendered":"st\u0159\u00edbrn\u00fd prsten s motivem list\u016f"},"content":{"rendered":"<p>Model: PDS5630<br \/>\nHmotnost p\u0159ibli\u017en\u011b 1,50 g<\/p>\n<p>Prsten.<br \/>\nSt\u0159\u00edbro 0,925.<br \/>\nSzk\u0142o.<\/p>\n<p>Dost\u0119pne tylko niekt\u00f3re rozmiary &#8211; prosimy sprawdzi\u0107 \/ zapyta\u0107.<\/p>","protected":false},"excerpt":{"rendered":"<p>Delikatny i niezwykle urokliwy pier\u015bcionek ze srebra pr\u00f3by 0,925, inspirowany natur\u0105. Dwie subtelne \u0142ezki ze szk\u0142a w delikatnym, zielonym odcieniu przypominaj\u0105 listki, nadaj\u0105c kompozycji \u015bwie\u017co\u015bci i lekko\u015bci. To idealny wyb\u00f3r dla kobiet kochaj\u0105cych naturalne motywy i subteln\u0105 elegancj\u0119. Pier\u015bcionek pi\u0119knie prezentuje si\u0119 zar\u00f3wno solo, jak i w zestawie z innymi dodatkami.<\/p>","protected":false},"featured_media":5898,"comment_status":"closed","ping_status":"closed","template":"","meta":{"om_disable_all_campaigns":false},"product_brand":[2284],"product_cat":[801,2206,1817],"product_tag":[2907,5214,5216,5160,2291,2427,5215],"class_list":{"0":"post-15269","1":"product","2":"type-product","3":"status-publish","4":"has-post-thumbnail","6":"product_brand-staviori","7":"product_cat-pierscionki","8":"product_cat-srebrny-pierscionek","9":"product_cat-srebro-2","10":"product_tag-bizuteria-artystyczna","11":"product_tag-motyw-liscia","12":"product_tag-pierscionek-natura","13":"product_tag-pierscionek-srebrny","14":"product_tag-prezent-dla-niej","15":"product_tag-srebro-925","16":"product_tag-szklo-w-bizuterii","17":"pa_kamien-szklo","18":"pa_kruszec-srebro","19":"pa_proba-0-925","20":"pa_rozmiar-2355","21":"pa_rozmiar-2360","22":"pa_waga-150g","24":"first","25":"instock","26":"purchasable","27":"product-type-variable"},"aioseo_notices":[],"_links":{"self":[{"href":"https:\/\/staviori.com.pl\/cs\/wp-json\/wp\/v2\/product\/15269","targetHints":{"allow":["GET"]}}],"collection":[{"href":"https:\/\/staviori.com.pl\/cs\/wp-json\/wp\/v2\/product"}],"about":[{"href":"https:\/\/staviori.com.pl\/cs\/wp-json\/wp\/v2\/types\/product"}],"replies":[{"embeddable":true,"href":"https:\/\/staviori.com.pl\/cs\/wp-json\/wp\/v2\/comments?post=15269"}],"wp:featuredmedia":[{"embeddable":true,"href":"https:\/\/staviori.com.pl\/cs\/wp-json\/wp\/v2\/media\/5898"}],"wp:attachment":[{"href":"https:\/\/staviori.com.pl\/cs\/wp-json\/wp\/v2\/media?parent=15269"}],"wp:term":[{"taxonomy":"product_brand","embeddable":true,"href":"https:\/\/staviori.com.pl\/cs\/wp-json\/wp\/v2\/product_brand?post=15269"},{"taxonomy":"product_cat","embeddable":true,"href":"https:\/\/staviori.com.pl\/cs\/wp-json\/wp\/v2\/product_cat?post=15269"},{"taxonomy":"product_tag","embeddable":true,"href":"https:\/\/staviori.com.pl\/cs\/wp-json\/wp\/v2\/product_tag?post=15269"}],"curies":[{"name":"wp","href":"https:\/\/api.w.org\/{rel}","templated":true}]}}