{"id":15267,"date":"2025-02-24T22:48:31","date_gmt":"2025-02-24T21:48:31","guid":{"rendered":"https:\/\/staviori.com.pl\/product\/srebrny-pierscionek-pds4394\/"},"modified":"2026-02-11T00:10:02","modified_gmt":"2026-02-10T23:10:02","slug":"srebrny-pierscionek-pds4394","status":"publish","type":"product","link":"https:\/\/staviori.com.pl\/cs\/product\/srebrny-pierscionek-pds4394\/","title":{"rendered":"st\u0159\u00edbrn\u00fd prsten s p\u0159\u00edrodn\u00edm smaragdem"},"content":{"rendered":"<p>Model: PDS4394<br \/>\nHmotnost p\u0159ibli\u017en\u011b 2,30 g<\/p>\n<p>Prsten.<br \/>\nSt\u0159\u00edbro 0,925.<br \/>\n1 smaragd o hmotnosti 0,80 ct.<\/p>\n<p>Pr\u016fm\u011br korunky cca 7 mm.<br \/>\nV\u00fd\u0161ka 4 mm.<\/p>\n<p>Certifik\u00e1t<br \/>\nUpozorn\u011bn\u00ed: V\u00fdrobek s p\u0159\u00edrodn\u00edmi kameny. Proto\u017ee se jedn\u00e1 o d\u00edlo p\u0159\u00edrody, nejsou kameny dokonal\u00e9. Mohou b\u00fdt viditeln\u00e9 p\u0159\u00edrodn\u00ed praskliny a inkluze, nejedn\u00e1 se o vadu v\u00fdrobku.<\/p>","protected":false},"excerpt":{"rendered":"<p>Elegantn\u00ed prsten ze st\u0159\u00edbra s p\u0159\u00edrodn\u00edm smaragdem o hmotnosti 0,80 ct zasazen\u00fdm uprost\u0159ed. K\u00e1men pot\u011b\u0161\u00ed svou syt\u011b zelenou barvou a pln\u00e9 zasazen\u00ed nav\u00edc zd\u016fraz\u0148uje jeho intenzivn\u00ed lesk. D\u00edky jednoduch\u00e9mu, modern\u00edmu designu prstenu p\u016fsob\u00ed \u0161perk mimo\u0159\u00e1dn\u011b stylov\u011b a nad\u010dasov\u011b. Jedn\u00e1 se o ide\u00e1ln\u00ed nab\u00eddku pro \u017eeny, kter\u00e9 oce\u0148uj\u00ed p\u0159irozenou kr\u00e1su a jedine\u010dnost - ka\u017ed\u00fd k\u00e1men je unik\u00e1tn\u00edm d\u00edlem p\u0159\u00edrody.<\/p>","protected":false},"featured_media":19809,"comment_status":"closed","ping_status":"closed","template":"","meta":{"om_disable_all_campaigns":false},"product_brand":[2284],"product_cat":[1384,801,2206,1817,145],"product_tag":[5225,5227,4672,5223,5160,4843,2427,5224,5226],"class_list":{"0":"post-15267","1":"product","2":"type-product","3":"status-publish","4":"has-post-thumbnail","6":"product_brand-staviori","7":"product_cat-bizuteria","8":"product_cat-pierscionki","9":"product_cat-srebrny-pierscionek","10":"product_cat-srebro-2","11":"product_cat-srebro","12":"product_tag-bizuteria-ze-szmaragdem","13":"product_tag-certyfikowany-szmaragd","14":"product_tag-elegancki-pierscionek","15":"product_tag-pds4394","16":"product_tag-pierscionek-srebrny","17":"product_tag-pierscionek-z-kamieniem","18":"product_tag-srebro-925","19":"product_tag-szmaragd-naturalny","20":"product_tag-zielony-kamien","21":"pa_dostawca-markazyty-hong","22":"pa_kamien-szmaragd","23":"pa_kruszec-srebro","24":"pa_proba-0-925","25":"pa_rozmiar-4355","26":"pa_rozmiar-2351","27":"pa_rozmiar-2353","28":"pa_rozmiar-2354","29":"pa_rozmiar-2355","30":"pa_rozmiar-2357","31":"pa_rozmiar-2359","32":"pa_rozmiar-2360","33":"pa_rozmiar-4356","34":"pa_srednica-korony-ok-7mm","35":"pa_waga-230g","36":"pa_wysokosc-4mm","38":"first","39":"instock","40":"purchasable","41":"product-type-variable"},"aioseo_notices":[],"_links":{"self":[{"href":"https:\/\/staviori.com.pl\/cs\/wp-json\/wp\/v2\/product\/15267","targetHints":{"allow":["GET"]}}],"collection":[{"href":"https:\/\/staviori.com.pl\/cs\/wp-json\/wp\/v2\/product"}],"about":[{"href":"https:\/\/staviori.com.pl\/cs\/wp-json\/wp\/v2\/types\/product"}],"replies":[{"embeddable":true,"href":"https:\/\/staviori.com.pl\/cs\/wp-json\/wp\/v2\/comments?post=15267"}],"wp:featuredmedia":[{"embeddable":true,"href":"https:\/\/staviori.com.pl\/cs\/wp-json\/wp\/v2\/media\/19809"}],"wp:attachment":[{"href":"https:\/\/staviori.com.pl\/cs\/wp-json\/wp\/v2\/media?parent=15267"}],"wp:term":[{"taxonomy":"product_brand","embeddable":true,"href":"https:\/\/staviori.com.pl\/cs\/wp-json\/wp\/v2\/product_brand?post=15267"},{"taxonomy":"product_cat","embeddable":true,"href":"https:\/\/staviori.com.pl\/cs\/wp-json\/wp\/v2\/product_cat?post=15267"},{"taxonomy":"product_tag","embeddable":true,"href":"https:\/\/staviori.com.pl\/cs\/wp-json\/wp\/v2\/product_tag?post=15267"}],"curies":[{"name":"wp","href":"https:\/\/api.w.org\/{rel}","templated":true}]}}