{"id":15266,"date":"2025-02-24T22:48:31","date_gmt":"2025-02-24T21:48:31","guid":{"rendered":"https:\/\/staviori.com.pl\/product\/srebrny-pierscionek-pds3713s\/"},"modified":"2026-03-11T20:07:54","modified_gmt":"2026-03-11T19:07:54","slug":"srebrny-pierscionek-pds3713s","status":"publish","type":"product","link":"https:\/\/staviori.com.pl\/cs\/product\/srebrny-pierscionek-pds3713s\/","title":{"rendered":"St\u0159\u00edbrn\u00fd prsten se saf\u00edrem a zirkony - velikost 13"},"content":{"rendered":"<p>Model: PDS3713S<br \/>\nHmotnost p\u0159ibli\u017en\u011b 1,80 g<\/p>\n<p>Prsten.<br \/>\nSt\u0159\u00edbro 0,925.<br \/>\n1 Szafir, o masie 0,80ct.<br \/>\nZirkonie.<br \/>\nPr\u016fm\u011br korunky p\u0159ibli\u017en\u011b 8 \u00d7 9 mm.<br \/>\nWysoko\u015b\u0107 5 mm.<\/p>\n<p>Ostatnia sztuka &#8211; rozmiar 13 !<br \/>\nUpozorn\u011bn\u00ed: V\u00fdrobek s p\u0159\u00edrodn\u00edmi kameny. Proto\u017ee se jedn\u00e1 o d\u00edlo p\u0159\u00edrody, nejsou kameny dokonal\u00e9. Mohou b\u00fdt viditeln\u00e9 p\u0159\u00edrodn\u00ed praskliny a inkluze, nejedn\u00e1 se o vadu v\u00fdrobku.<\/p>","protected":false},"excerpt":{"rendered":"<p>Zachwycaj\u0105cy pier\u015bcionek ze srebra pr\u00f3by 0,925 z naturalnym szafirem o masie 0,80 ct w eleganckim kszta\u0142cie kropli. Towarzysz\u0105ca mu cyrkonia dodaje delikatnego blasku, tworz\u0105c wyj\u0105tkowe po\u0142\u0105czenie klasy i subtelnego romantyzmu. To idealny wyb\u00f3r dla kobiet ceni\u0105cych oryginalne wzory i pi\u0119kno naturalnych kamieni. Bi\u017cuteria o wyj\u0105tkowym charakterze i uroku.<\/p>","protected":false},"featured_media":19840,"comment_status":"closed","ping_status":"closed","template":"","meta":{"om_disable_all_campaigns":false},"product_brand":[2284],"product_cat":[801,2206,1817],"product_tag":[2454,5228,5242,5160,5241,2291,2579,3101,4153],"class_list":{"0":"post-15266","1":"product","2":"type-product","3":"status-publish","4":"has-post-thumbnail","6":"product_brand-staviori","7":"product_cat-pierscionki","8":"product_cat-srebrny-pierscionek","9":"product_cat-srebro-2","10":"product_tag-cyrkonia","11":"product_tag-naturalny-szafir","12":"product_tag-pds3713s","13":"product_tag-pierscionek-srebrny","14":"product_tag-pierscionek-z-kamieniami","15":"product_tag-prezent-dla-niej","16":"product_tag-romantyczna-bizuteria","17":"product_tag-srebrna-bizuteria","18":"product_tag-szafir","19":"pa_kamien-szafir","20":"pa_kruszec-srebro","21":"pa_proba-0-925","22":"pa_rozmiar-2353","23":"pa_srednica-korony-ok-8x9mm","24":"pa_waga-180g","25":"pa_wysokosc-5mm","27":"first","28":"outofstock","29":"purchasable","30":"product-type-simple"},"aioseo_notices":[],"_links":{"self":[{"href":"https:\/\/staviori.com.pl\/cs\/wp-json\/wp\/v2\/product\/15266","targetHints":{"allow":["GET"]}}],"collection":[{"href":"https:\/\/staviori.com.pl\/cs\/wp-json\/wp\/v2\/product"}],"about":[{"href":"https:\/\/staviori.com.pl\/cs\/wp-json\/wp\/v2\/types\/product"}],"replies":[{"embeddable":true,"href":"https:\/\/staviori.com.pl\/cs\/wp-json\/wp\/v2\/comments?post=15266"}],"wp:featuredmedia":[{"embeddable":true,"href":"https:\/\/staviori.com.pl\/cs\/wp-json\/wp\/v2\/media\/19840"}],"wp:attachment":[{"href":"https:\/\/staviori.com.pl\/cs\/wp-json\/wp\/v2\/media?parent=15266"}],"wp:term":[{"taxonomy":"product_brand","embeddable":true,"href":"https:\/\/staviori.com.pl\/cs\/wp-json\/wp\/v2\/product_brand?post=15266"},{"taxonomy":"product_cat","embeddable":true,"href":"https:\/\/staviori.com.pl\/cs\/wp-json\/wp\/v2\/product_cat?post=15266"},{"taxonomy":"product_tag","embeddable":true,"href":"https:\/\/staviori.com.pl\/cs\/wp-json\/wp\/v2\/product_tag?post=15266"}],"curies":[{"name":"wp","href":"https:\/\/api.w.org\/{rel}","templated":true}]}}