{"id":15265,"date":"2025-02-24T22:48:31","date_gmt":"2025-02-24T21:48:31","guid":{"rendered":"https:\/\/staviori.com.pl\/product\/srebrny-pierscionek-pdr4394\/"},"modified":"2026-03-30T13:28:53","modified_gmt":"2026-03-30T11:28:53","slug":"srebrny-pierscionek-pdr4394","status":"publish","type":"product","link":"https:\/\/staviori.com.pl\/cs\/product\/srebrny-pierscionek-pdr4394\/","title":{"rendered":"st\u0159\u00edbrn\u00fd prsten s p\u0159\u00edrodn\u00edm rub\u00ednem"},"content":{"rendered":"<p>Model: PDR4394<br \/>\nHmotnost p\u0159ibli\u017en\u011b 2,30 g<\/p>\n<p>Prsten.<br \/>\nSt\u0159\u00edbro 0,925.<br \/>\n1 Rubin, o masie 1,00ct.<\/p>\n<p>Pr\u016fm\u011br korunky cca 7 mm.<br \/>\nV\u00fd\u0161ka 4 mm.<\/p>\n<p>Certifik\u00e1t<br \/>\nDost\u0119pne tylko niekt\u00f3re rozmiary &#8211; prosimy sprawdzi\u0107 lub pyta\u0107.<br \/>\nUpozorn\u011bn\u00ed: V\u00fdrobek s p\u0159\u00edrodn\u00edmi kameny. Proto\u017ee se jedn\u00e1 o d\u00edlo p\u0159\u00edrody, nejsou kameny dokonal\u00e9. Mohou b\u00fdt viditeln\u00e9 p\u0159\u00edrodn\u00ed praskliny a inkluze, nejedn\u00e1 se o vadu v\u00fdrobku.<\/p>","protected":false},"excerpt":{"rendered":"<p>Stylowy pier\u015bcionek wykonany z wysokiej jako\u015bci srebra pr\u00f3by 0,925, ozdobiony naturalnym rubinem o masie 1 ct. G\u0142\u0119boka czerwie\u0144 kamienia pi\u0119knie kontrastuje z ch\u0142odnym blaskiem srebra, tworz\u0105c eleganck\u0105 i wyrazist\u0105 kompozycj\u0119. Oprawa typu bezel podkre\u015bla szlachetny charakter rubinu i zapewnia nowoczesny, minimalistyczny wygl\u0105d. Doskona\u0142y wyb\u00f3r dla kobiet ceni\u0105cych klasyk\u0119 w unikalnym wydaniu.<\/p>","protected":false},"featured_media":19845,"comment_status":"closed","ping_status":"closed","template":"","meta":{"om_disable_all_campaigns":false},"product_brand":[2284],"product_cat":[801,2206,1817],"product_tag":[2428,2603,4037,5240,5239,5160,4843,2291,4763],"class_list":{"0":"post-15265","1":"product","2":"type-product","3":"status-publish","4":"has-post-thumbnail","6":"product_brand-staviori","7":"product_cat-pierscionki","8":"product_cat-srebrny-pierscionek","9":"product_cat-srebro-2","10":"product_tag-bizuteria-srebrna","11":"product_tag-klasyczna-bizuteria","12":"product_tag-minimalistyczny-styl","13":"product_tag-naturalny-rubin","14":"product_tag-pdr4394","15":"product_tag-pierscionek-srebrny","16":"product_tag-pierscionek-z-kamieniem","17":"product_tag-prezent-dla-niej","18":"product_tag-rubin","19":"pa_dostawca-markazyty-hong","20":"pa_kamien-rubin","21":"pa_kruszec-srebro","22":"pa_proba-0-925","23":"pa_rozmiar-2353","24":"pa_rozmiar-2354","25":"pa_rozmiar-2355","26":"pa_rozmiar-2357","27":"pa_rozmiar-2358","28":"pa_rozmiar-2359","29":"pa_srednica-korony-ok-7mm","30":"pa_waga-230g","31":"pa_wysokosc-4mm","33":"first","34":"instock","35":"purchasable","36":"product-type-variable"},"aioseo_notices":[],"_links":{"self":[{"href":"https:\/\/staviori.com.pl\/cs\/wp-json\/wp\/v2\/product\/15265","targetHints":{"allow":["GET"]}}],"collection":[{"href":"https:\/\/staviori.com.pl\/cs\/wp-json\/wp\/v2\/product"}],"about":[{"href":"https:\/\/staviori.com.pl\/cs\/wp-json\/wp\/v2\/types\/product"}],"replies":[{"embeddable":true,"href":"https:\/\/staviori.com.pl\/cs\/wp-json\/wp\/v2\/comments?post=15265"}],"wp:featuredmedia":[{"embeddable":true,"href":"https:\/\/staviori.com.pl\/cs\/wp-json\/wp\/v2\/media\/19845"}],"wp:attachment":[{"href":"https:\/\/staviori.com.pl\/cs\/wp-json\/wp\/v2\/media?parent=15265"}],"wp:term":[{"taxonomy":"product_brand","embeddable":true,"href":"https:\/\/staviori.com.pl\/cs\/wp-json\/wp\/v2\/product_brand?post=15265"},{"taxonomy":"product_cat","embeddable":true,"href":"https:\/\/staviori.com.pl\/cs\/wp-json\/wp\/v2\/product_cat?post=15265"},{"taxonomy":"product_tag","embeddable":true,"href":"https:\/\/staviori.com.pl\/cs\/wp-json\/wp\/v2\/product_tag?post=15265"}],"curies":[{"name":"wp","href":"https:\/\/api.w.org\/{rel}","templated":true}]}}