{"id":15264,"date":"2025-02-24T22:48:31","date_gmt":"2025-02-24T21:48:31","guid":{"rendered":"https:\/\/staviori.com.pl\/product\/srebrny-pierscionek-pdm6267\/"},"modified":"2026-02-11T00:09:47","modified_gmt":"2026-02-10T23:09:47","slug":"srebrny-pierscionek-pdm6267","status":"publish","type":"product","link":"https:\/\/staviori.com.pl\/cs\/product\/srebrny-pierscionek-pdm6267\/","title":{"rendered":"st\u0159\u00edbrn\u00fd houslov\u00fd kl\u00ed\u010d s markazity"},"content":{"rendered":"<p>Model: PDM6267<br \/>\nHmotnost p\u0159ibli\u017en\u011b 3,20 g<\/p>\n<p>Prsten.<br \/>\nSt\u0159\u00edbro 0,925.<br \/>\nMarkazit\u00e9.<br \/>\nWymiary 8&#215;20 mm.<\/p>\n<p>\u0160\u00ed\u0159ka krou\u017eku je p\u0159ibli\u017en\u011b 2 mm.<\/p>\n<p>K dispozici jsou pouze n\u011bkter\u00e9 velikosti - zeptejte se<br \/>\nPrzepi\u0119kny srebrny pier\u015bcionek &#8211; KLUCZ WIOLINOWY &#8211; ozdobiony mieni\u0105cymi si\u0119 cudnie markazytami. Dla ka\u017cdego wielbiciela muzyki&#8230;<\/p>","protected":false},"excerpt":{"rendered":"<p>Zachwycaj\u0105cy srebrny pier\u015bcionek w kszta\u0142cie klucza wiolinowego, wykonany z najwy\u017cszej pr\u00f3by srebra 0,925 i ozdobiony l\u015bni\u0105cymi markazytami. Stylowy i pe\u0142en symboliki wz\u00f3r przyci\u0105ga wzrok i stanowi idealny wyb\u00f3r dla mi\u0142o\u015bnik\u00f3w muzyki i niebanalnej bi\u017cuterii. Pi\u0119knie odbija \u015bwiat\u0142o, dodaj\u0105c kompozycji elegancji i charakteru. Idealny na prezent z dusz\u0105.<\/p>","protected":false},"featured_media":19859,"comment_status":"closed","ping_status":"closed","template":"","meta":{"om_disable_all_campaigns":false},"product_brand":[2284],"product_cat":[801,2206,1817],"product_tag":[5244,5243,2425,5245,2967,5246,5160,5186,3101],"class_list":{"0":"post-15264","1":"product","2":"type-product","3":"status-publish","4":"has-post-thumbnail","6":"product_brand-staviori","7":"product_cat-pierscionki","8":"product_cat-srebrny-pierscionek","9":"product_cat-srebro-2","10":"product_tag-bizuteria-muzyczna","11":"product_tag-klucz-wiolinowy","12":"product_tag-markazyty","13":"product_tag-muzyczny-prezent","14":"product_tag-oryginalna-bizuteria","15":"product_tag-pdm6267","16":"product_tag-pierscionek-srebrny","17":"product_tag-pierscionek-z-markazytami","18":"product_tag-srebrna-bizuteria","19":"pa_dostawca-markazyty-hong","20":"pa_kamien-markazyty","21":"pa_kruszec-srebro","22":"pa_proba-0-925","23":"pa_rozmiar-4355","24":"pa_rozmiar-2351","25":"pa_rozmiar-2353","26":"pa_rozmiar-2354","27":"pa_rozmiar-2355","28":"pa_szerokosc-obraczki-ok-2mm","29":"pa_waga-320g","30":"pa_wymiary-8x20mm","32":"first","33":"instock","34":"purchasable","35":"product-type-variable"},"aioseo_notices":[],"_links":{"self":[{"href":"https:\/\/staviori.com.pl\/cs\/wp-json\/wp\/v2\/product\/15264","targetHints":{"allow":["GET"]}}],"collection":[{"href":"https:\/\/staviori.com.pl\/cs\/wp-json\/wp\/v2\/product"}],"about":[{"href":"https:\/\/staviori.com.pl\/cs\/wp-json\/wp\/v2\/types\/product"}],"replies":[{"embeddable":true,"href":"https:\/\/staviori.com.pl\/cs\/wp-json\/wp\/v2\/comments?post=15264"}],"wp:featuredmedia":[{"embeddable":true,"href":"https:\/\/staviori.com.pl\/cs\/wp-json\/wp\/v2\/media\/19859"}],"wp:attachment":[{"href":"https:\/\/staviori.com.pl\/cs\/wp-json\/wp\/v2\/media?parent=15264"}],"wp:term":[{"taxonomy":"product_brand","embeddable":true,"href":"https:\/\/staviori.com.pl\/cs\/wp-json\/wp\/v2\/product_brand?post=15264"},{"taxonomy":"product_cat","embeddable":true,"href":"https:\/\/staviori.com.pl\/cs\/wp-json\/wp\/v2\/product_cat?post=15264"},{"taxonomy":"product_tag","embeddable":true,"href":"https:\/\/staviori.com.pl\/cs\/wp-json\/wp\/v2\/product_tag?post=15264"}],"curies":[{"name":"wp","href":"https:\/\/api.w.org\/{rel}","templated":true}]}}