{"id":15259,"date":"2025-02-24T22:48:26","date_gmt":"2025-02-24T21:48:26","guid":{"rendered":"https:\/\/staviori.com.pl\/product\/srebrny-pierscionek-pdm5942\/"},"modified":"2026-02-24T14:20:30","modified_gmt":"2026-02-24T13:20:30","slug":"srebrny-pierscionek-pdm5942","status":"publish","type":"product","link":"https:\/\/staviori.com.pl\/cs\/product\/srebrny-pierscionek-pdm5942\/","title":{"rendered":"St\u0159\u00edbrn\u00fd prsten se zelen\u00fdm ach\u00e1tem a markazity PDM5942"},"content":{"rendered":"<p>Model: PDM5942<br \/>\nHmotnost p\u0159ibli\u017en\u011b 3,70 g<\/p>\n<p>Prsten.<br \/>\nSt\u0159\u00edbro 0,925.<br \/>\nAch\u00e1t.<br \/>\nMarkazit\u00e9.<br \/>\nKorona 8&#215;5 mm.<br \/>\n\u0160\u00ed\u0159ka krou\u017eku je p\u0159ibli\u017en\u011b 3 mm.<\/p>\n<p>Dost\u0119pne r\u00f3wnie\u017c kolczyki i wisiorek do kompletu \u2013 razem tworz\u0105 zachwycaj\u0105cy zestaw.<\/p>","protected":false},"excerpt":{"rendered":"<p>Elegancki pier\u015bcionek wykonany ze srebra pr\u00f3by 0,925, ozdobiony intensywnie zielonym agatem w kszta\u0142cie prostok\u0105ta oraz po\u0142yskuj\u0105cymi markazytami po bokach. Klasyczna forma z nut\u0105 retro zachwyca ponadczasowym urokiem. Idealny dla mi\u0142o\u015bniczek wyrazistej, a zarazem subtelnej bi\u017cuterii. Dost\u0119pne r\u00f3wnie\u017c kolczyki i wisiorek do kompletu \u2013 razem tworz\u0105 zachwycaj\u0105cy zestaw.<\/p>","protected":false},"featured_media":20163,"comment_status":"closed","ping_status":"closed","template":"","meta":{"om_disable_all_campaigns":false},"product_brand":[2284],"product_cat":[1384,801,2206,1817,145],"product_tag":[3154,4672,5397,5218,4843,5186,5304],"class_list":{"0":"post-15259","1":"product","2":"type-product","3":"status-publish","4":"has-post-thumbnail","6":"product_brand-staviori","7":"product_cat-bizuteria","8":"product_cat-pierscionki","9":"product_cat-srebrny-pierscionek","10":"product_cat-srebro-2","11":"product_cat-srebro","12":"product_tag-bizuteria-retro","13":"product_tag-elegancki-pierscionek","14":"product_tag-komplet-z-agatem","15":"product_tag-pierscionek-z-agatem","16":"product_tag-pierscionek-z-kamieniem","17":"product_tag-pierscionek-z-markazytami","18":"product_tag-srebrny-pierscionek","19":"pa_dostawca-markazyty-hong","20":"pa_kamien-agat","21":"pa_kamien-markazyty","22":"pa_korona-8x5mm","23":"pa_kruszec-srebro","24":"pa_proba-0-925","25":"pa_rozmiar-4355","26":"pa_rozmiar-2352","27":"pa_rozmiar-2353","28":"pa_rozmiar-2354","29":"pa_rozmiar-2355","30":"pa_rozmiar-2356","31":"pa_rozmiar-2358","32":"pa_rozmiar-2360","33":"pa_szerokosc-obraczki-ok-3mm","34":"pa_waga-370g","36":"first","37":"instock","38":"purchasable","39":"product-type-variable"},"aioseo_notices":[],"_links":{"self":[{"href":"https:\/\/staviori.com.pl\/cs\/wp-json\/wp\/v2\/product\/15259","targetHints":{"allow":["GET"]}}],"collection":[{"href":"https:\/\/staviori.com.pl\/cs\/wp-json\/wp\/v2\/product"}],"about":[{"href":"https:\/\/staviori.com.pl\/cs\/wp-json\/wp\/v2\/types\/product"}],"replies":[{"embeddable":true,"href":"https:\/\/staviori.com.pl\/cs\/wp-json\/wp\/v2\/comments?post=15259"}],"wp:featuredmedia":[{"embeddable":true,"href":"https:\/\/staviori.com.pl\/cs\/wp-json\/wp\/v2\/media\/20163"}],"wp:attachment":[{"href":"https:\/\/staviori.com.pl\/cs\/wp-json\/wp\/v2\/media?parent=15259"}],"wp:term":[{"taxonomy":"product_brand","embeddable":true,"href":"https:\/\/staviori.com.pl\/cs\/wp-json\/wp\/v2\/product_brand?post=15259"},{"taxonomy":"product_cat","embeddable":true,"href":"https:\/\/staviori.com.pl\/cs\/wp-json\/wp\/v2\/product_cat?post=15259"},{"taxonomy":"product_tag","embeddable":true,"href":"https:\/\/staviori.com.pl\/cs\/wp-json\/wp\/v2\/product_tag?post=15259"}],"curies":[{"name":"wp","href":"https:\/\/api.w.org\/{rel}","templated":true}]}}