{"id":15258,"date":"2025-02-24T22:48:26","date_gmt":"2025-02-24T21:48:26","guid":{"rendered":"https:\/\/staviori.com.pl\/product\/srebrny-pierscionek-pdm5940\/"},"modified":"2026-04-02T20:34:38","modified_gmt":"2026-04-02T18:34:38","slug":"srebrny-pierscionek-pdm5940","status":"publish","type":"product","link":"https:\/\/staviori.com.pl\/cs\/product\/srebrny-pierscionek-pdm5940\/","title":{"rendered":"St\u0159\u00edbrn\u00fd prsten s \u010derven\u00fdm ach\u00e1tem a markazity PDM5940"},"content":{"rendered":"<p>Model: PDM5940<br \/>\nHmotnost p\u0159ibli\u017en\u011b 3,40 g<\/p>\n<p>Prsten.<br \/>\nSt\u0159\u00edbro 0,925.<br \/>\nAch\u00e1t.<br \/>\nMarkazit\u00e9.<br \/>\nKorunka 7\u00d75 mm.<br \/>\n\u0160\u00ed\u0159ka krou\u017eku je p\u0159ibli\u017en\u011b 2 mm.<\/p>\n<p>N\u00e1u\u0161nice a p\u0159\u00edv\u011bsek k dopln\u011bn\u00ed sady - lze vytvo\u0159it kr\u00e1snou soupravu.<br \/>\nK dispozici jsou pouze n\u011bkter\u00e9 velikosti - zeptejte se<\/p>","protected":false},"excerpt":{"rendered":"<p>Jemn\u00fd prsten ze st\u0159\u00edbra 925, zdoben\u00fd tmav\u011b zelen\u00fdm ach\u00e1tem ov\u00e1ln\u00e9ho tvaru, obklopen\u00fdm t\u0159pytiv\u00fdmi markazity. Klasick\u00fd tvar a slo\u017eit\u00e9 detaily mu dod\u00e1vaj\u00ed elegantn\u00ed, lehce retro charakter. Skv\u011ble se hod\u00ed jako jedine\u010dn\u00fd akcent ke ka\u017edodenn\u00edm i ve\u010dern\u00edm stylizac\u00edm. K dost\u00e1n\u00ed tak\u00e9 s n\u00e1u\u0161nicemi a p\u0159\u00edv\u011bskem, kter\u00e9 dopl\u0148uj\u00ed soupravu - m\u016f\u017eete si tak vytvo\u0159it kr\u00e1sn\u00fd set.<\/p>","protected":false},"featured_media":20160,"comment_status":"closed","ping_status":"closed","template":"","meta":{"om_disable_all_campaigns":false},"product_brand":[2284],"product_cat":[1384,801,2206,145,1817],"product_tag":[3237,3154,4363,5218,5186,3101,5398],"class_list":{"0":"post-15258","1":"product","2":"type-product","3":"status-publish","4":"has-post-thumbnail","6":"product_brand-staviori","7":"product_cat-bizuteria","8":"product_cat-pierscionki","9":"product_cat-srebrny-pierscionek","10":"product_cat-srebro","11":"product_cat-srebro-2","12":"product_tag-agat-zielony","13":"product_tag-bizuteria-retro","14":"product_tag-komplet-bizuterii","15":"product_tag-pierscionek-z-agatem","16":"product_tag-pierscionek-z-markazytami","17":"product_tag-srebrna-bizuteria","18":"product_tag-vintage-pierscionek","19":"pa_dostawca-markazyty-hong","20":"pa_kamien-agat","21":"pa_kamien-markazyty","22":"pa_korona-7x5mm","23":"pa_kruszec-srebro","24":"pa_proba-0-925","25":"pa_rozmiar-4355","26":"pa_rozmiar-2351","27":"pa_rozmiar-2352","28":"pa_rozmiar-2353","29":"pa_rozmiar-2354","30":"pa_rozmiar-2355","31":"pa_rozmiar-2356","32":"pa_rozmiar-2357","33":"pa_rozmiar-2358","34":"pa_szerokosc-obraczki-ok-2mm","35":"pa_waga-340g","37":"first","38":"instock","39":"purchasable","40":"product-type-variable"},"aioseo_notices":[],"_links":{"self":[{"href":"https:\/\/staviori.com.pl\/cs\/wp-json\/wp\/v2\/product\/15258","targetHints":{"allow":["GET"]}}],"collection":[{"href":"https:\/\/staviori.com.pl\/cs\/wp-json\/wp\/v2\/product"}],"about":[{"href":"https:\/\/staviori.com.pl\/cs\/wp-json\/wp\/v2\/types\/product"}],"replies":[{"embeddable":true,"href":"https:\/\/staviori.com.pl\/cs\/wp-json\/wp\/v2\/comments?post=15258"}],"wp:featuredmedia":[{"embeddable":true,"href":"https:\/\/staviori.com.pl\/cs\/wp-json\/wp\/v2\/media\/20160"}],"wp:attachment":[{"href":"https:\/\/staviori.com.pl\/cs\/wp-json\/wp\/v2\/media?parent=15258"}],"wp:term":[{"taxonomy":"product_brand","embeddable":true,"href":"https:\/\/staviori.com.pl\/cs\/wp-json\/wp\/v2\/product_brand?post=15258"},{"taxonomy":"product_cat","embeddable":true,"href":"https:\/\/staviori.com.pl\/cs\/wp-json\/wp\/v2\/product_cat?post=15258"},{"taxonomy":"product_tag","embeddable":true,"href":"https:\/\/staviori.com.pl\/cs\/wp-json\/wp\/v2\/product_tag?post=15258"}],"curies":[{"name":"wp","href":"https:\/\/api.w.org\/{rel}","templated":true}]}}