{"id":15257,"date":"2025-02-24T22:48:26","date_gmt":"2025-02-24T21:48:26","guid":{"rendered":"https:\/\/staviori.com.pl\/product\/srebrny-pierscionek-pdm5528\/"},"modified":"2026-02-11T00:09:49","modified_gmt":"2026-02-10T23:09:49","slug":"srebrny-pierscionek-pdm5528","status":"publish","type":"product","link":"https:\/\/staviori.com.pl\/cs\/product\/srebrny-pierscionek-pdm5528\/","title":{"rendered":"St\u0159\u00edbrn\u00fd vo\u0161tinov\u00fd prsten s markazity PDM5528"},"content":{"rendered":"<p>Model: PDM5528<br \/>\nHmotnost p\u0159ibli\u017en\u011b 3,05 g<\/p>\n<p>Prsten.<br \/>\nSt\u0159\u00edbro 0,925.<br \/>\nMarkazit\u00e9.<br \/>\n\u0160\u00ed\u0159ka krou\u017eku cca 3 - 6 mm.<\/p>\n<p>K dispozici jsou pouze n\u011bkter\u00e9 velikosti - zeptejte se<\/p>","protected":false},"excerpt":{"rendered":"<p>Stylov\u00fd prsten ze st\u0159\u00edbra 0,925 zdoben\u00fd elegantn\u00edmi markazity. Neobvykl\u00fd vzor p\u0159ipom\u00ednaj\u00edc\u00ed mozaiku z \u0161estihrann\u00fdch prvk\u016f vytv\u00e1\u0159\u00ed zaj\u00edmavou a sofistikovanou kompozici. Jemn\u00fd lesk markazit\u016f dod\u00e1v\u00e1 \u0161perku n\u00e1dech klasick\u00e9ho p\u016fvabu, kter\u00fd se skv\u011ble hod\u00ed pro ka\u017edodenn\u00ed no\u0161en\u00ed i v\u00fdjime\u010dn\u00e9 p\u0159\u00edle\u017eitosti. Jedn\u00e1 se o vynikaj\u00edc\u00ed volbu pro milovn\u00edky \u0161perk\u016f s retro du\u0161\u00ed.<\/p>","protected":false},"featured_media":20164,"comment_status":"closed","ping_status":"closed","template":"","meta":{"om_disable_all_campaigns":false},"product_brand":[2284],"product_cat":[801,2206,1817],"product_tag":[3154,4672,2425,4741,5160,5400,5399,5207,2427,4112],"class_list":{"0":"post-15257","1":"product","2":"type-product","3":"status-publish","4":"has-post-thumbnail","6":"product_brand-staviori","7":"product_cat-pierscionki","8":"product_cat-srebrny-pierscionek","9":"product_cat-srebro-2","10":"product_tag-bizuteria-retro","11":"product_tag-elegancki-pierscionek","12":"product_tag-markazyty","13":"product_tag-ozdobny-pierscionek","14":"product_tag-pierscionek-srebrny","15":"product_tag-pierscionek-srebrny-z-markazytami","16":"product_tag-plaster-miodu","17":"product_tag-plastry-miodu","18":"product_tag-srebro-925","19":"product_tag-vintage","20":"pa_dostawca-markazyty-hong","21":"pa_kamien-markazyty","22":"pa_kruszec-srebro","23":"pa_proba-0-925","24":"pa_rozmiar-4355","25":"pa_rozmiar-2351","26":"pa_rozmiar-2353","27":"pa_rozmiar-2354","28":"pa_rozmiar-2357","29":"pa_rozmiar-2360","30":"pa_szerokosc-obraczki-ok-3-6mm","31":"pa_waga-305g","33":"first","34":"instock","35":"purchasable","36":"product-type-variable"},"aioseo_notices":[],"_links":{"self":[{"href":"https:\/\/staviori.com.pl\/cs\/wp-json\/wp\/v2\/product\/15257","targetHints":{"allow":["GET"]}}],"collection":[{"href":"https:\/\/staviori.com.pl\/cs\/wp-json\/wp\/v2\/product"}],"about":[{"href":"https:\/\/staviori.com.pl\/cs\/wp-json\/wp\/v2\/types\/product"}],"replies":[{"embeddable":true,"href":"https:\/\/staviori.com.pl\/cs\/wp-json\/wp\/v2\/comments?post=15257"}],"wp:featuredmedia":[{"embeddable":true,"href":"https:\/\/staviori.com.pl\/cs\/wp-json\/wp\/v2\/media\/20164"}],"wp:attachment":[{"href":"https:\/\/staviori.com.pl\/cs\/wp-json\/wp\/v2\/media?parent=15257"}],"wp:term":[{"taxonomy":"product_brand","embeddable":true,"href":"https:\/\/staviori.com.pl\/cs\/wp-json\/wp\/v2\/product_brand?post=15257"},{"taxonomy":"product_cat","embeddable":true,"href":"https:\/\/staviori.com.pl\/cs\/wp-json\/wp\/v2\/product_cat?post=15257"},{"taxonomy":"product_tag","embeddable":true,"href":"https:\/\/staviori.com.pl\/cs\/wp-json\/wp\/v2\/product_tag?post=15257"}],"curies":[{"name":"wp","href":"https:\/\/api.w.org\/{rel}","templated":true}]}}