{"id":15256,"date":"2025-02-24T22:48:26","date_gmt":"2025-02-24T21:48:26","guid":{"rendered":"https:\/\/staviori.com.pl\/product\/srebrny-pierscionek-pdm5527\/"},"modified":"2026-02-11T00:10:00","modified_gmt":"2026-02-10T23:10:00","slug":"srebrny-pierscionek-pdm5527","status":"publish","type":"product","link":"https:\/\/staviori.com.pl\/cs\/product\/srebrny-pierscionek-pdm5527\/","title":{"rendered":"st\u0159\u00edbrn\u00fd n\u00e1dhern\u00fd velk\u00fd prsten s markazity"},"content":{"rendered":"<p>Model: PDM5527<br \/>\nWaga ok. 8,20g<\/p>\n<p>Prsten.<br \/>\nSt\u0159\u00edbro 0,925.<br \/>\nMarkazit\u00e9.<\/p>\n<p>\u0160\u00ed\u0159ka 18 mm.<br \/>\nSzeroko\u015b\u0107 obr\u0105czki ok. 10 mm.<br \/>\nTlou\u0161\u0165ka 2 mm.<\/p>\n<p>K dispozici jsou pouze n\u011bkter\u00e9 velikosti - zeptejte se<br \/>\nPokud nen\u00ed velikost k dispozici - lze objednat v dal\u0161\u00ed dod\u00e1vce.<\/p>","protected":false},"excerpt":{"rendered":"<p>Zachwycaj\u0105cy srebrny pier\u015bcionek z markazytami, kt\u00f3ry przyci\u0105ga wzrok swoim szerokim, koronkowym wzorem. Wykonany z najwy\u017cszej jako\u015bci srebra pr\u00f3by 0,925, zdobiony licznymi, l\u015bni\u0105cymi kamieniami, tworzy elegancki i romantyczny efekt. A\u017curowa konstrukcja i symetryczny uk\u0142ad sprawiaj\u0105, \u017ce pier\u015bcionek prezentuje si\u0119 lekko, a jednocze\u015bnie niezwykle efektownie. Idealny wyb\u00f3r dla kobiet ceni\u0105cych oryginaln\u0105 bi\u017cuteri\u0119 w stylu vintage.<\/p>","protected":false},"featured_media":19950,"comment_status":"closed","ping_status":"closed","template":"","meta":{"om_disable_all_campaigns":false},"product_brand":[2284],"product_cat":[1384,801,2206,1817,145],"product_tag":[3003,5302,5299,4118,5293,2425,5195,5301,5297,5160,5229,4987,2427,4959,5289,5234,5295,4872,5300,5290,5298],"class_list":{"0":"post-15256","1":"product","2":"type-product","3":"status-publish","4":"has-post-thumbnail","6":"product_brand-staviori","7":"product_cat-bizuteria","8":"product_cat-pierscionki","9":"product_cat-srebrny-pierscionek","10":"product_cat-srebro-2","11":"product_cat-srebro","12":"product_tag-bizuteria-vintage","13":"product_tag-krajkovy-styl","14":"product_tag-lace-ring","15":"product_tag-marcasite-jewelry","16":"product_tag-markazity","17":"product_tag-markazyty","18":"product_tag-ozdobna-bizuteria","19":"product_tag-ozdobny-prsten","20":"product_tag-pierscionek-azurowy","21":"product_tag-pierscionek-srebrny","22":"product_tag-silver-ring","23":"product_tag-siroky-prsten","24":"product_tag-srebro-925","25":"product_tag-statement-ring","26":"product_tag-sterling-silver-925","27":"product_tag-stribrny-prsten","28":"product_tag-stribro-925","29":"product_tag-szeroki-pierscionek","30":"product_tag-vintage-sperky","31":"product_tag-vintage-style","32":"product_tag-wide-band-ring","33":"pa_dostawca-markazyty-hong","34":"pa_kamien-markazyty","35":"pa_kruszec-srebro","36":"pa_proba-0-925","37":"pa_rozmiar-4355","38":"pa_rozmiar-2351","39":"pa_rozmiar-2352","40":"pa_rozmiar-2357","41":"pa_rozmiar-2359","42":"pa_szerokosc-18mm","43":"pa_szerokosc-obraczki-ok-10mm","44":"pa_waga-820g","46":"first","47":"instock","48":"purchasable","49":"product-type-variable"},"aioseo_notices":[],"_links":{"self":[{"href":"https:\/\/staviori.com.pl\/cs\/wp-json\/wp\/v2\/product\/15256","targetHints":{"allow":["GET"]}}],"collection":[{"href":"https:\/\/staviori.com.pl\/cs\/wp-json\/wp\/v2\/product"}],"about":[{"href":"https:\/\/staviori.com.pl\/cs\/wp-json\/wp\/v2\/types\/product"}],"replies":[{"embeddable":true,"href":"https:\/\/staviori.com.pl\/cs\/wp-json\/wp\/v2\/comments?post=15256"}],"wp:featuredmedia":[{"embeddable":true,"href":"https:\/\/staviori.com.pl\/cs\/wp-json\/wp\/v2\/media\/19950"}],"wp:attachment":[{"href":"https:\/\/staviori.com.pl\/cs\/wp-json\/wp\/v2\/media?parent=15256"}],"wp:term":[{"taxonomy":"product_brand","embeddable":true,"href":"https:\/\/staviori.com.pl\/cs\/wp-json\/wp\/v2\/product_brand?post=15256"},{"taxonomy":"product_cat","embeddable":true,"href":"https:\/\/staviori.com.pl\/cs\/wp-json\/wp\/v2\/product_cat?post=15256"},{"taxonomy":"product_tag","embeddable":true,"href":"https:\/\/staviori.com.pl\/cs\/wp-json\/wp\/v2\/product_tag?post=15256"}],"curies":[{"name":"wp","href":"https:\/\/api.w.org\/{rel}","templated":true}]}}