{"id":15254,"date":"2025-02-24T22:48:26","date_gmt":"2025-02-24T21:48:26","guid":{"rendered":"https:\/\/staviori.com.pl\/product\/pdm4402\/"},"modified":"2026-02-11T00:09:48","modified_gmt":"2026-02-10T23:09:48","slug":"pdm4402","status":"publish","type":"product","link":"https:\/\/staviori.com.pl\/cs\/product\/pdm4402\/","title":{"rendered":"p\u00e1nsk\u00fd st\u0159\u00edbrn\u00fd prsten s markazity"},"content":{"rendered":"<p>Model: PDM4402<br \/>\nHmotnost p\u0159ibli\u017en\u011b 12,70 g<\/p>\n<p>Signet.<br \/>\nSt\u0159\u00edbro 0,925.<br \/>\nMarkazit\u00e9.<br \/>\nWymiary 17&#215;17 mm.<br \/>\nGrubo\u015b\u0107 4 mm.<\/p>\n<p>Dost\u0119pne rozmiary: 23<\/p>\n<p>Mo\u017cliwo\u015b\u0107 zam\u00f3wienia w innym rozmiarze &#8211; w\u00f3wczas przyjdzie z kolejn\u0105 dostaw\u0105.<br \/>\nTermin oczekiwania oko\u0142o 4 tygodni.<\/p>","protected":false},"excerpt":{"rendered":"<p>M\u0119ski sygnet o zdecydowanym charakterze, wykonany z najwy\u017cszej pr\u00f3by srebra 0,925. Prostok\u0105tna g\u00f3rna cz\u0119\u015b\u0107 pier\u015bcienia zosta\u0142a ozdobiona efektown\u0105 mozaik\u0105 z b\u0142yszcz\u0105cych markazyt\u00f3w, kt\u00f3re subtelnie odbijaj\u0105 \u015bwiat\u0142o, tworz\u0105c elegancki po\u0142ysk. Boczne \u015bcianki sygnetu zdobi a\u017curowy wz\u00f3r, dodaj\u0105cy ca\u0142o\u015bci nowoczesnego i odwa\u017cnego stylu. Idealny wyb\u00f3r dla m\u0119\u017cczyzny ceni\u0105cego bi\u017cuteri\u0119 z klas\u0105 i wyrazistym wyko\u0144czeniem.<\/p>","protected":false},"featured_media":5788,"comment_status":"closed","ping_status":"closed","template":"","meta":{"om_disable_all_campaigns":false},"product_brand":[2284],"product_cat":[1384,1817,145,2211],"product_tag":[2604,4109,5291,5293,2425,5288,5287,5296,5292,5286,5229,5294,5285,2427,5289,5234,5295,3700,5284,5248,5290],"class_list":{"0":"post-15254","1":"product","2":"type-product","3":"status-publish","4":"has-post-thumbnail","6":"product_brand-staviori","7":"product_cat-bizuteria","8":"product_cat-srebro-2","9":"product_cat-srebro","10":"product_cat-sygnety","11":"product_tag-bizuteria-meska","12":"product_tag-marcasite","13":"product_tag-marcasite-ring","14":"product_tag-markazity","15":"product_tag-markazyty","16":"product_tag-mens-jewelry","17":"product_tag-mens-signet-ring","18":"product_tag-pansky-prsten","19":"product_tag-pansky-sygnet","20":"product_tag-pierscien-z-markazytami","21":"product_tag-silver-ring","22":"product_tag-sperky-pro-muze","23":"product_tag-srebrny-pierscien","24":"product_tag-srebro-925","25":"product_tag-sterling-silver-925","26":"product_tag-stribrny-prsten","27":"product_tag-stribro-925","28":"product_tag-styl-vintage","29":"product_tag-sygnet-meski","30":"product_tag-vintage-styl","31":"product_tag-vintage-style","32":"pa_dostawca-markazyty-hong","33":"pa_grubosc-4mm","34":"pa_kamien-markazyty","35":"pa_kruszec-srebro","36":"pa_proba-0-925","37":"pa_rozmiar-4358","38":"pa_wymiary-17x17mm","40":"first","41":"instock","42":"purchasable","43":"product-type-variable","44":"has-default-attributes"},"aioseo_notices":[],"_links":{"self":[{"href":"https:\/\/staviori.com.pl\/cs\/wp-json\/wp\/v2\/product\/15254","targetHints":{"allow":["GET"]}}],"collection":[{"href":"https:\/\/staviori.com.pl\/cs\/wp-json\/wp\/v2\/product"}],"about":[{"href":"https:\/\/staviori.com.pl\/cs\/wp-json\/wp\/v2\/types\/product"}],"replies":[{"embeddable":true,"href":"https:\/\/staviori.com.pl\/cs\/wp-json\/wp\/v2\/comments?post=15254"}],"wp:featuredmedia":[{"embeddable":true,"href":"https:\/\/staviori.com.pl\/cs\/wp-json\/wp\/v2\/media\/5788"}],"wp:attachment":[{"href":"https:\/\/staviori.com.pl\/cs\/wp-json\/wp\/v2\/media?parent=15254"}],"wp:term":[{"taxonomy":"product_brand","embeddable":true,"href":"https:\/\/staviori.com.pl\/cs\/wp-json\/wp\/v2\/product_brand?post=15254"},{"taxonomy":"product_cat","embeddable":true,"href":"https:\/\/staviori.com.pl\/cs\/wp-json\/wp\/v2\/product_cat?post=15254"},{"taxonomy":"product_tag","embeddable":true,"href":"https:\/\/staviori.com.pl\/cs\/wp-json\/wp\/v2\/product_tag?post=15254"}],"curies":[{"name":"wp","href":"https:\/\/api.w.org\/{rel}","templated":true}]}}