{"id":15253,"date":"2025-02-24T22:48:26","date_gmt":"2025-02-24T21:48:26","guid":{"rendered":"https:\/\/staviori.com.pl\/product\/srebrny-pierscionek-pdm4114\/"},"modified":"2026-02-11T00:09:48","modified_gmt":"2026-02-10T23:09:48","slug":"srebrny-pierscionek-pdm4114","status":"publish","type":"product","link":"https:\/\/staviori.com.pl\/cs\/product\/srebrny-pierscionek-pdm4114\/","title":{"rendered":"st\u0159\u00edbrn\u00fd prsten kv\u011bty s markazity"},"content":{"rendered":"<p>Model: PDM4114<br \/>\nHmotnost p\u0159ibli\u017en\u011b 5,50 g<\/p>\n<p>Prsten.<br \/>\n0,925 rhodiovan\u00e9 st\u0159\u00edbro.<br \/>\nMarkazit\u00e9.<\/p>\n<p>\u0160\u00ed\u0159ka 8,8 mm.<br \/>\nV\u00fd\u0161ka 5,3 mm.<\/p>\n<p>K dispozici jsou pouze n\u011bkter\u00e9 velikosti - zeptejte se<br \/>\nPokud nen\u00ed velikost k dispozici - lze objednat v dal\u0161\u00ed dod\u00e1vce.<\/p>","protected":false},"excerpt":{"rendered":"<p>Stylov\u00fd prsten z rhodiovan\u00e9ho st\u0159\u00edbra zdoben\u00fd elegantn\u00edmi markazity, kter\u00e9 jsou uspo\u0159\u00e1d\u00e1ny do kv\u011btinov\u00e9ho vzoru. Bohat\u011b zdoben\u00fd tvar upout\u00e1 pozornost a dod\u00e1 sofistikovan\u00fd n\u00e1dech ka\u017ed\u00e9 stylizaci. Ide\u00e1ln\u00ed volba pro milovn\u00edky \u0161perk\u016f v retro a vintage stylu, kter\u00e9 kombinuj\u00ed klasiku s jemn\u00fdm p\u016fvabem. Prsten vyza\u0159uje nad\u010dasov\u00fd \u0161arm a v\u00fdjime\u010dnou pozornost v\u011bnovanou detailu.<\/p>","protected":false},"featured_media":5778,"comment_status":"closed","ping_status":"closed","template":"","meta":{"om_disable_all_campaigns":false},"product_brand":[2284],"product_cat":[801,2206,1817],"product_tag":[2428,5303,5306,5186,5305,5304,5307,2945],"class_list":{"0":"post-15253","1":"product","2":"type-product","3":"status-publish","4":"has-post-thumbnail","6":"product_brand-staviori","7":"product_cat-pierscionki","8":"product_cat-srebrny-pierscionek","9":"product_cat-srebro-2","10":"product_tag-bizuteria-srebrna","11":"product_tag-pdm4114","12":"product_tag-pierscionek-kwiatowy","13":"product_tag-pierscionek-z-markazytami","14":"product_tag-retro-styl","15":"product_tag-srebrny-pierscionek","16":"product_tag-stylowa-bizuteria","17":"product_tag-vintage-bizuteria","18":"pa_dostawca-markazyty-hong","19":"pa_kamien-markazyty","20":"pa_kruszec-srebro-rodowane","21":"pa_motyw-kwiatek","22":"pa_proba-0-925","23":"pa_rozmiar-4355","24":"pa_rozmiar-2351","25":"pa_rozmiar-2356","26":"pa_rozmiar-2357","27":"pa_szerokosc-8-8mm","28":"pa_waga-550g","29":"pa_wysokosc-5-3mm","31":"first","32":"instock","33":"purchasable","34":"product-type-variable"},"aioseo_notices":[],"_links":{"self":[{"href":"https:\/\/staviori.com.pl\/cs\/wp-json\/wp\/v2\/product\/15253","targetHints":{"allow":["GET"]}}],"collection":[{"href":"https:\/\/staviori.com.pl\/cs\/wp-json\/wp\/v2\/product"}],"about":[{"href":"https:\/\/staviori.com.pl\/cs\/wp-json\/wp\/v2\/types\/product"}],"replies":[{"embeddable":true,"href":"https:\/\/staviori.com.pl\/cs\/wp-json\/wp\/v2\/comments?post=15253"}],"wp:featuredmedia":[{"embeddable":true,"href":"https:\/\/staviori.com.pl\/cs\/wp-json\/wp\/v2\/media\/5778"}],"wp:attachment":[{"href":"https:\/\/staviori.com.pl\/cs\/wp-json\/wp\/v2\/media?parent=15253"}],"wp:term":[{"taxonomy":"product_brand","embeddable":true,"href":"https:\/\/staviori.com.pl\/cs\/wp-json\/wp\/v2\/product_brand?post=15253"},{"taxonomy":"product_cat","embeddable":true,"href":"https:\/\/staviori.com.pl\/cs\/wp-json\/wp\/v2\/product_cat?post=15253"},{"taxonomy":"product_tag","embeddable":true,"href":"https:\/\/staviori.com.pl\/cs\/wp-json\/wp\/v2\/product_tag?post=15253"}],"curies":[{"name":"wp","href":"https:\/\/api.w.org\/{rel}","templated":true}]}}