{"id":15252,"date":"2025-02-24T22:48:26","date_gmt":"2025-02-24T21:48:26","guid":{"rendered":"https:\/\/staviori.com.pl\/product\/srebrny-pierscionek-pdm2909\/"},"modified":"2026-03-23T10:36:15","modified_gmt":"2026-03-23T09:36:15","slug":"srebrny-pierscionek-pdm2909","status":"publish","type":"product","link":"https:\/\/staviori.com.pl\/cs\/product\/srebrny-pierscionek-pdm2909\/","title":{"rendered":"Jemn\u00fd st\u0159\u00edbrn\u00fd prsten s markazity"},"content":{"rendered":"<p>Model: PDM2909<br \/>\nHmotnost p\u0159ibli\u017en\u011b 2,80 g<\/p>\n<p>Prsten.<br \/>\n0,925 rhodiovan\u00e9 st\u0159\u00edbro.<br \/>\nMarkazit\u00e9.<\/p>\n<p>Szeroko\u015b\u0107 6.2 mm.<\/p>\n<p>K dispozici jsou pouze n\u011bkter\u00e9 velikosti - zeptejte se<br \/>\nW przypadku braku rozmiaru &#8211; mo\u017cemy przyj\u0105\u0107 zam\u00f3wienie danego rozmiaru w nadchodz\u0105cej kolejnej dostawie.<\/p>","protected":false},"excerpt":{"rendered":"<p>Elegancki pier\u015bcionek ze srebra rodowanego pr\u00f3by 0,925 zachwyca stylizowanym, lekko falistym wzorem zdobionym szwajcarskimi markazytami. Delikatna, a zarazem efektowna forma sprawia, \u017ce model ten pi\u0119knie prezentuje si\u0119 zar\u00f3wno solo, jak i w zestawie z inn\u0105 bi\u017cuteri\u0105. To ponadczasowy dodatek dla kobiet ceni\u0105cych subtelne zdobienia i klasyczne pi\u0119kno.<\/p>","protected":false},"featured_media":5772,"comment_status":"closed","ping_status":"closed","template":"","meta":{"om_disable_all_campaigns":false},"product_brand":[2284],"product_cat":[1384,801,2206,1817,145],"product_tag":[3003,4679,2603,5191,5190,5189,5160,2426],"class_list":{"0":"post-15252","1":"product","2":"type-product","3":"status-publish","4":"has-post-thumbnail","6":"product_brand-staviori","7":"product_cat-bizuteria","8":"product_cat-pierscionki","9":"product_cat-srebrny-pierscionek","10":"product_cat-srebro-2","11":"product_cat-srebro","12":"product_tag-bizuteria-vintage","13":"product_tag-delikatny-pierscionek","14":"product_tag-klasyczna-bizuteria","15":"product_tag-kolekcja-mystique","16":"product_tag-markazyty-szwajcarskie","17":"product_tag-pdm2909","18":"product_tag-pierscionek-srebrny","19":"product_tag-srebro-rodowane","20":"pa_dostawca-markazyty-hong","21":"pa_kamien-markazyty","22":"pa_kruszec-srebro-rodowane","23":"pa_proba-0-925","24":"pa_rozmiar-2351","25":"pa_rozmiar-2352","26":"pa_rozmiar-2355","27":"pa_szerokosc-6-2mm","28":"pa_waga-280g","30":"first","31":"instock","32":"purchasable","33":"product-type-simple"},"aioseo_notices":[],"_links":{"self":[{"href":"https:\/\/staviori.com.pl\/cs\/wp-json\/wp\/v2\/product\/15252","targetHints":{"allow":["GET"]}}],"collection":[{"href":"https:\/\/staviori.com.pl\/cs\/wp-json\/wp\/v2\/product"}],"about":[{"href":"https:\/\/staviori.com.pl\/cs\/wp-json\/wp\/v2\/types\/product"}],"replies":[{"embeddable":true,"href":"https:\/\/staviori.com.pl\/cs\/wp-json\/wp\/v2\/comments?post=15252"}],"wp:featuredmedia":[{"embeddable":true,"href":"https:\/\/staviori.com.pl\/cs\/wp-json\/wp\/v2\/media\/5772"}],"wp:attachment":[{"href":"https:\/\/staviori.com.pl\/cs\/wp-json\/wp\/v2\/media?parent=15252"}],"wp:term":[{"taxonomy":"product_brand","embeddable":true,"href":"https:\/\/staviori.com.pl\/cs\/wp-json\/wp\/v2\/product_brand?post=15252"},{"taxonomy":"product_cat","embeddable":true,"href":"https:\/\/staviori.com.pl\/cs\/wp-json\/wp\/v2\/product_cat?post=15252"},{"taxonomy":"product_tag","embeddable":true,"href":"https:\/\/staviori.com.pl\/cs\/wp-json\/wp\/v2\/product_tag?post=15252"}],"curies":[{"name":"wp","href":"https:\/\/api.w.org\/{rel}","templated":true}]}}