{"id":15251,"date":"2025-02-24T22:48:26","date_gmt":"2025-02-24T21:48:26","guid":{"rendered":"https:\/\/staviori.com.pl\/product\/srebrny-pierscionek-pdm2863o\/"},"modified":"2026-02-23T13:54:00","modified_gmt":"2026-02-23T12:54:00","slug":"srebrny-pierscionek-pdm2863o","status":"publish","type":"product","link":"https:\/\/staviori.com.pl\/cs\/product\/srebrny-pierscionek-pdm2863o\/","title":{"rendered":"st\u0159\u00edbrn\u00fd elegantn\u00ed prsten s onyxem a markazity"},"content":{"rendered":"<p>Model: PDM2863O<br \/>\nHmotnost p\u0159ibli\u017en\u011b 4,90 g<\/p>\n<p>Prsten.<br \/>\nSt\u0159\u00edbro 0,925.<br \/>\nOnyx.<br \/>\nMarkazit\u00e9.<\/p>\n<p>Korona 13&#215;17 mm.<br \/>\nWysoko\u015b\u0107 6.5 mm.<\/p>\n<p>K dispozici jsou pouze n\u011bkter\u00e9 velikosti - zeptejte se<br \/>\nW przypadku braku rozmiaru &#8211; mo\u017cemy przyj\u0105\u0107 zam\u00f3wienie danego rozmiaru w nadchodz\u0105cej kolejnej dostawie.<\/p>","protected":false},"excerpt":{"rendered":"<p>Zjawiskowy pier\u015bcionek w stylu vintage wykonany ze srebra pr\u00f3by 0,925, ozdobiony g\u0142\u0119boko czarnym onykiem i markazytami. Prostok\u0105tny kamie\u0144 osadzony w ozdobnej koronie przyci\u0105ga wzrok elegancj\u0105 i tajemniczym charakterem. Bogato zdobiona oprawa nadaje ca\u0142o\u015bci wyj\u0105tkowego, nieco gotyckiego wyrazu. Idealny wyb\u00f3r dla kobiet ceni\u0105cych bi\u017cuteri\u0119 z dusz\u0105 i mocnym akcentem.<\/p>","protected":false},"featured_media":5770,"comment_status":"closed","ping_status":"closed","template":"","meta":{"om_disable_all_campaigns":false},"product_brand":[2284],"product_cat":[801,2206,1817],"product_tag":[3003,4936,4672,5188,5186,4955,3101,2427,5187],"class_list":{"0":"post-15251","1":"product","2":"type-product","3":"status-publish","4":"has-post-thumbnail","6":"product_brand-staviori","7":"product_cat-pierscionki","8":"product_cat-srebrny-pierscionek","9":"product_cat-srebro-2","10":"product_tag-bizuteria-vintage","11":"product_tag-czarny-kamien","12":"product_tag-elegancki-pierscionek","13":"product_tag-pdm2863o","14":"product_tag-pierscionek-z-markazytami","15":"product_tag-pierscionek-z-onyksem","16":"product_tag-srebrna-bizuteria","17":"product_tag-srebro-925","18":"product_tag-styl-gotycki","19":"pa_dostawca-markazyty-hong","20":"pa_kamien-markazyty","21":"pa_kamien-onyks","22":"pa_korona-13x17mm","23":"pa_kruszec-srebro","24":"pa_proba-0-925","25":"pa_rozmiar-2351","26":"pa_rozmiar-2353","27":"pa_rozmiar-2355","28":"pa_waga-490g","29":"pa_wysokosc-6-5mm","31":"first","32":"instock","33":"purchasable","34":"product-type-simple"},"aioseo_notices":[],"_links":{"self":[{"href":"https:\/\/staviori.com.pl\/cs\/wp-json\/wp\/v2\/product\/15251","targetHints":{"allow":["GET"]}}],"collection":[{"href":"https:\/\/staviori.com.pl\/cs\/wp-json\/wp\/v2\/product"}],"about":[{"href":"https:\/\/staviori.com.pl\/cs\/wp-json\/wp\/v2\/types\/product"}],"replies":[{"embeddable":true,"href":"https:\/\/staviori.com.pl\/cs\/wp-json\/wp\/v2\/comments?post=15251"}],"wp:featuredmedia":[{"embeddable":true,"href":"https:\/\/staviori.com.pl\/cs\/wp-json\/wp\/v2\/media\/5770"}],"wp:attachment":[{"href":"https:\/\/staviori.com.pl\/cs\/wp-json\/wp\/v2\/media?parent=15251"}],"wp:term":[{"taxonomy":"product_brand","embeddable":true,"href":"https:\/\/staviori.com.pl\/cs\/wp-json\/wp\/v2\/product_brand?post=15251"},{"taxonomy":"product_cat","embeddable":true,"href":"https:\/\/staviori.com.pl\/cs\/wp-json\/wp\/v2\/product_cat?post=15251"},{"taxonomy":"product_tag","embeddable":true,"href":"https:\/\/staviori.com.pl\/cs\/wp-json\/wp\/v2\/product_tag?post=15251"}],"curies":[{"name":"wp","href":"https:\/\/api.w.org\/{rel}","templated":true}]}}