{"id":15250,"date":"2025-02-24T22:48:26","date_gmt":"2025-02-24T21:48:26","guid":{"rendered":"https:\/\/staviori.com.pl\/product\/srebrny-pierscionek-pdm2863\/"},"modified":"2026-02-23T13:53:06","modified_gmt":"2026-02-23T12:53:06","slug":"srebrny-pierscionek-pdm2863","status":"publish","type":"product","link":"https:\/\/staviori.com.pl\/cs\/product\/srebrny-pierscionek-pdm2863\/","title":{"rendered":"st\u0159\u00edbrn\u00fd elegantn\u00ed prsten s perlet\u00ed a markazity"},"content":{"rendered":"<p>Model: PDM2863<br \/>\nWaga ok. 4,92g<\/p>\n<p>Prsten.<br \/>\nSt\u0159\u00edbro 0,925.<br \/>\nMarkazit\u00e9.<br \/>\nMasa Per\u0142owa.<\/p>\n<p>Korona 13&#215;17 mm.<br \/>\nWysoko\u015b\u0107 6.5 mm.<\/p>\n<p>K dispozici jsou pouze n\u011bkter\u00e9 velikosti - zeptejte se<br \/>\nW przypadku braku rozmiaru &#8211; mo\u017cemy przyj\u0105\u0107 zam\u00f3wienie danego rozmiaru w nadchodz\u0105cej kolejnej dostawie.<\/p>","protected":false},"excerpt":{"rendered":"<p>Stylizowany na retro pier\u015bcionek wykonany ze srebra pr\u00f3by 0,925 to prawdziwa ozdoba z dusz\u0105. Centralnie osadzona masa per\u0142owa w kszta\u0142cie prostok\u0105ta otoczona jest misternie zdobion\u0105 koron\u0105 z markazytami, kt\u00f3re dodaj\u0105 ca\u0142o\u015bci tajemniczego blasku. Bogata ornamentyka i wyrazista forma sprawiaj\u0105, \u017ce jest to bi\u017cuteria dla kobiet ceni\u0105cych niepowtarzalny styl i klimat dawnych epok.<\/p>","protected":false},"featured_media":5760,"comment_status":"closed","ping_status":"closed","template":"","meta":{"om_disable_all_campaigns":false},"product_brand":[2284],"product_cat":[1384,801,2206,1817,145],"product_tag":[4352,2425,2433,4741,5183,4351,5185,2427,5184,2945],"class_list":{"0":"post-15250","1":"product","2":"type-product","3":"status-publish","4":"has-post-thumbnail","6":"product_brand-staviori","7":"product_cat-bizuteria","8":"product_cat-pierscionki","9":"product_cat-srebrny-pierscionek","10":"product_cat-srebro-2","11":"product_cat-srebro","12":"product_tag-bizuteria-slubna","13":"product_tag-markazyty","14":"product_tag-masa-perlowa","15":"product_tag-ozdobny-pierscionek","16":"product_tag-pierscionek-retro","17":"product_tag-slub","18":"product_tag-srebrna-bizuteria-z-markazytami","19":"product_tag-srebro-925","20":"product_tag-styl-art-deco","21":"product_tag-vintage-bizuteria","22":"pa_dostawca-markazyty-hong","23":"pa_kamien-markazyty","24":"pa_kamien-masa-perlowa","25":"pa_korona-13x17mm","26":"pa_kruszec-srebro","27":"pa_proba-0-925","28":"pa_rozmiar-2351","29":"pa_rozmiar-2352","30":"pa_rozmiar-2353","31":"pa_rozmiar-2354","32":"pa_rozmiar-2355","33":"pa_rozmiar-2356","34":"pa_rozmiar-2358","35":"pa_waga-490g","36":"pa_wysokosc-6-5mm","38":"first","39":"instock","40":"purchasable","41":"product-type-simple"},"aioseo_notices":[],"_links":{"self":[{"href":"https:\/\/staviori.com.pl\/cs\/wp-json\/wp\/v2\/product\/15250","targetHints":{"allow":["GET"]}}],"collection":[{"href":"https:\/\/staviori.com.pl\/cs\/wp-json\/wp\/v2\/product"}],"about":[{"href":"https:\/\/staviori.com.pl\/cs\/wp-json\/wp\/v2\/types\/product"}],"replies":[{"embeddable":true,"href":"https:\/\/staviori.com.pl\/cs\/wp-json\/wp\/v2\/comments?post=15250"}],"wp:featuredmedia":[{"embeddable":true,"href":"https:\/\/staviori.com.pl\/cs\/wp-json\/wp\/v2\/media\/5760"}],"wp:attachment":[{"href":"https:\/\/staviori.com.pl\/cs\/wp-json\/wp\/v2\/media?parent=15250"}],"wp:term":[{"taxonomy":"product_brand","embeddable":true,"href":"https:\/\/staviori.com.pl\/cs\/wp-json\/wp\/v2\/product_brand?post=15250"},{"taxonomy":"product_cat","embeddable":true,"href":"https:\/\/staviori.com.pl\/cs\/wp-json\/wp\/v2\/product_cat?post=15250"},{"taxonomy":"product_tag","embeddable":true,"href":"https:\/\/staviori.com.pl\/cs\/wp-json\/wp\/v2\/product_tag?post=15250"}],"curies":[{"name":"wp","href":"https:\/\/api.w.org\/{rel}","templated":true}]}}