{"id":15236,"date":"2025-02-24T22:48:26","date_gmt":"2025-02-24T21:48:26","guid":{"rendered":"https:\/\/staviori.com.pl\/product\/perly-ze-srebrem-pdk6485y\/"},"modified":"2026-04-23T11:33:16","modified_gmt":"2026-04-23T09:33:16","slug":"perly-ze-srebrem-pdk6485y","status":"publish","type":"product","link":"https:\/\/staviori.com.pl\/cs\/product\/perly-ze-srebrem-pdk6485y\/","title":{"rendered":"Otev\u0159en\u00fd prsten, post\u0159\u00edb\u0159en\u00fd s p\u0159\u00edrodn\u00edmi perlami"},"content":{"rendered":"<p>Model: PDK6485Y<br \/>\nWaga ok. 6,40g<\/p>\n<p>Prsten.<br \/>\nSt\u0159\u00edbro 0.925 pokoven\u00e9 \u017elut\u00fdm zlatem<\/p>\n<p>P\u0159\u00edrodn\u00ed sladkovodn\u00ed kultivovan\u00e9 perly.<br \/>\n\u015arednica pere\u0142 ok. 6-8 mm.<\/p>\n<p>K dispozici jsou pouze n\u011bkter\u00e9 velikosti - zeptejte se<\/p>\n<p>Pier\u015bcionek wykonany ze srebra pr\u00f3by 0,925, poz\u0142acany.<br \/>\nModel ozdobiono bia\u0142ymi per\u0142ami s\u0142odkowodnymi o \u015br. 6-8 mm jako\u015bci dobrej oraz cyrkoniami.<\/p>","protected":false},"excerpt":{"rendered":"<p>Imponuj\u0105cy pier\u015bcionek ze srebra pr\u00f3by 0,925 pokrytego \u017c\u00f3\u0142tym z\u0142otem, kt\u00f3ry zachwyca wyj\u0105tkow\u0105 kompozycj\u0105 naturalnych pere\u0142 s\u0142odkowodnych oraz b\u0142yszcz\u0105cych cyrkonii. Harmonijnie rozmieszczone kamienie tworz\u0105 efektowny, tr\u00f3jwymiarowy wz\u00f3r, przyci\u0105gaj\u0105cy spojrzenia i podkre\u015blaj\u0105cy indywidualny styl. To wyrafinowany dodatek, idealny dla kobiet ceni\u0105cych luksus, klasyk\u0119 i oryginalne formy.<\/p>","protected":false},"featured_media":15237,"comment_status":"closed","ping_status":"closed","template":"","meta":{"om_disable_all_campaigns":false},"product_brand":[2284,2350],"product_cat":[1393,1919,1817],"product_tag":[3260,2317,4713,5178,2532,5166,5179,5177,2506,2522],"class_list":{"0":"post-15236","1":"product","2":"type-product","3":"status-publish","4":"has-post-thumbnail","6":"product_brand-staviori","7":"product_brand-verona","8":"product_cat-perly","9":"product_cat-perly-ze-srebrem","10":"product_cat-srebro-2","11":"product_tag-bizuteria-z-perlami","12":"product_tag-elegancka-bizuteria","13":"product_tag-luksusowy-pierscionek","14":"product_tag-pdk6485y","15":"product_tag-perly-slodkowodne","16":"product_tag-pierscionek-z-cyrkoniami","17":"product_tag-pierscionek-z-perlami","18":"product_tag-ps52675","19":"product_tag-srebro-pozlacane","20":"product_tag-zolte-zloto","21":"pa_kamien-naturalne-perly-hodowane-slodkowodne","22":"pa_kruszec-srebro","23":"pa_kruszec-srebro-pozlacane","24":"pa_proba-0-925","25":"pa_rozmiar-4355","26":"pa_rozmiar-2351","27":"pa_rozmiar-2352","28":"pa_rozmiar-2353","29":"pa_rozmiar-2354","30":"pa_rozmiar-2356","31":"pa_rozmiar-2357","32":"pa_rozmiar-2358","33":"pa_rozmiar-2360","34":"pa_rozmiar-4357","35":"pa_waga-640g","36":"pa_wymiary-kamieni-ok-6-8mm","38":"first","39":"instock","40":"purchasable","41":"product-type-variable"},"aioseo_notices":[],"_links":{"self":[{"href":"https:\/\/staviori.com.pl\/cs\/wp-json\/wp\/v2\/product\/15236","targetHints":{"allow":["GET"]}}],"collection":[{"href":"https:\/\/staviori.com.pl\/cs\/wp-json\/wp\/v2\/product"}],"about":[{"href":"https:\/\/staviori.com.pl\/cs\/wp-json\/wp\/v2\/types\/product"}],"replies":[{"embeddable":true,"href":"https:\/\/staviori.com.pl\/cs\/wp-json\/wp\/v2\/comments?post=15236"}],"wp:featuredmedia":[{"embeddable":true,"href":"https:\/\/staviori.com.pl\/cs\/wp-json\/wp\/v2\/media\/15237"}],"wp:attachment":[{"href":"https:\/\/staviori.com.pl\/cs\/wp-json\/wp\/v2\/media?parent=15236"}],"wp:term":[{"taxonomy":"product_brand","embeddable":true,"href":"https:\/\/staviori.com.pl\/cs\/wp-json\/wp\/v2\/product_brand?post=15236"},{"taxonomy":"product_cat","embeddable":true,"href":"https:\/\/staviori.com.pl\/cs\/wp-json\/wp\/v2\/product_cat?post=15236"},{"taxonomy":"product_tag","embeddable":true,"href":"https:\/\/staviori.com.pl\/cs\/wp-json\/wp\/v2\/product_tag?post=15236"}],"curies":[{"name":"wp","href":"https:\/\/api.w.org\/{rel}","templated":true}]}}