{"id":15234,"date":"2025-02-24T22:48:26","date_gmt":"2025-02-24T21:48:26","guid":{"rendered":"https:\/\/staviori.com.pl\/product\/srebrny-pierscionek-pdk5791\/"},"modified":"2026-02-11T00:09:10","modified_gmt":"2026-02-10T23:09:10","slug":"srebrny-pierscionek-pdk5791","status":"publish","type":"product","link":"https:\/\/staviori.com.pl\/cs\/product\/srebrny-pierscionek-pdk5791\/","title":{"rendered":"St\u0159\u00edbrn\u00fd \u0161irok\u00fd prsten s markazity - velikost 22"},"content":{"rendered":"<p>Model: PDK5791<br \/>\nWaga ok. 6,20g<\/p>\n<p>Prsten.<br \/>\nSt\u0159\u00edbro 0,925.<br \/>\nMarkazit\u00e9.<\/p>\n<p>D\u00e9lka 22 mm.<br \/>\nSzeroko\u015b\u0107 14 mm.<\/p>\n<p>Dost\u0119pna ostatnia sztuka rozmiar 22<\/p>","protected":false},"excerpt":{"rendered":"<p>Efektowny pier\u015bcionek wykonany ze srebra pr\u00f3by 0,925 przyci\u0105ga wzrok ornamentalnym wzorem zdobionym licznymi markazytami. A\u017curowa forma i wyraziste detale tworz\u0105 bi\u017cuteri\u0119 o silnym charakterze i stylu vintage. Doskonale sprawdzi si\u0119 jako g\u0142\u00f3wny akcent stylizacji \u2013 dla kobiet ceni\u0105cych oryginalno\u015b\u0107 i klasyk\u0119 w nowoczesnym wydaniu.<\/p>","protected":false},"featured_media":19750,"comment_status":"closed","ping_status":"closed","template":"","meta":{"om_disable_all_campaigns":false},"product_brand":[2284],"product_cat":[801,2206,1817],"product_tag":[5194,2425,5195,5192,5160,5193,5196,2427,4107],"class_list":{"0":"post-15234","1":"product","2":"type-product","3":"status-publish","4":"has-post-thumbnail","6":"product_brand-staviori","7":"product_cat-pierscionki","8":"product_cat-srebrny-pierscionek","9":"product_cat-srebro-2","10":"product_tag-bizuteria-azurowa","11":"product_tag-markazyty","12":"product_tag-ozdobna-bizuteria","13":"product_tag-pdk5791","14":"product_tag-pierscionek-srebrny","15":"product_tag-pierscionek-vintage","16":"product_tag-srebrny-pierscionek-z-markazytami","17":"product_tag-srebro-925","18":"product_tag-styl-retro","19":"pa_dlugosc-22mm","20":"pa_kamien-markazyty","21":"pa_kruszec-srebro","22":"pa_proba-0-925","23":"pa_rozmiar-4357","24":"pa_szerokosc-14mm","25":"pa_waga-620g","27":"first","28":"instock","29":"purchasable","30":"product-type-simple"},"aioseo_notices":[],"_links":{"self":[{"href":"https:\/\/staviori.com.pl\/cs\/wp-json\/wp\/v2\/product\/15234","targetHints":{"allow":["GET"]}}],"collection":[{"href":"https:\/\/staviori.com.pl\/cs\/wp-json\/wp\/v2\/product"}],"about":[{"href":"https:\/\/staviori.com.pl\/cs\/wp-json\/wp\/v2\/types\/product"}],"replies":[{"embeddable":true,"href":"https:\/\/staviori.com.pl\/cs\/wp-json\/wp\/v2\/comments?post=15234"}],"wp:featuredmedia":[{"embeddable":true,"href":"https:\/\/staviori.com.pl\/cs\/wp-json\/wp\/v2\/media\/19750"}],"wp:attachment":[{"href":"https:\/\/staviori.com.pl\/cs\/wp-json\/wp\/v2\/media?parent=15234"}],"wp:term":[{"taxonomy":"product_brand","embeddable":true,"href":"https:\/\/staviori.com.pl\/cs\/wp-json\/wp\/v2\/product_brand?post=15234"},{"taxonomy":"product_cat","embeddable":true,"href":"https:\/\/staviori.com.pl\/cs\/wp-json\/wp\/v2\/product_cat?post=15234"},{"taxonomy":"product_tag","embeddable":true,"href":"https:\/\/staviori.com.pl\/cs\/wp-json\/wp\/v2\/product_tag?post=15234"}],"curies":[{"name":"wp","href":"https:\/\/api.w.org\/{rel}","templated":true}]}}