{"id":15223,"date":"2025-02-24T22:48:26","date_gmt":"2025-02-24T21:48:26","guid":{"rendered":"https:\/\/staviori.com.pl\/product\/srebrny-pierscionek-pcs6587\/"},"modified":"2026-04-13T15:11:29","modified_gmt":"2026-04-13T13:11:29","slug":"srebrny-pierscionek-pcs6587","status":"publish","type":"product","link":"https:\/\/staviori.com.pl\/cs\/product\/srebrny-pierscionek-pcs6587\/","title":{"rendered":"st\u0159\u00edbrn\u00fd prsten se zirkony - v\u010del\u00ed pl\u00e1stve"},"content":{"rendered":"<p>Model: PCS6587<br \/>\nWaga ok. 5,90g<\/p>\n<p>Prsten.<br \/>\n0,925 rhodiovan\u00e9 st\u0159\u00edbro.<br \/>\nZirkonie.<\/p>\n<p>K dispozici jsou pouze n\u011bkter\u00e9 velikosti - zeptejte se<\/p>","protected":false},"excerpt":{"rendered":"<p>Zachwycaj\u0105cy pier\u015bcionek wykonany z rodowanego srebra pr\u00f3by 0,925 o misternym a\u017curze w kszta\u0142cie plastra miodu. Delikatne motywy kwiatowe, wysadzane l\u015bni\u0105cymi cyrkoniami, nadaj\u0105 ca\u0142o\u015bci niezwyk\u0142ej lekko\u015bci i bi\u017cuteryjnego kunsztu. To idealny wyb\u00f3r dla kobiet ceni\u0105cych nowoczesn\u0105 elegancj\u0119 z odrobin\u0105 fantazji.<\/p>","protected":false},"featured_media":15224,"comment_status":"closed","ping_status":"closed","template":"","meta":{"om_disable_all_campaigns":false},"product_brand":[2284,2350],"product_cat":[801,2206,1817],"product_tag":[5206,5208,2454,5009,5209,5160,5207,5205,2455],"class_list":{"0":"post-15223","1":"product","2":"type-product","3":"status-publish","4":"has-post-thumbnail","6":"product_brand-staviori","7":"product_brand-verona","8":"product_cat-pierscionki","9":"product_cat-srebrny-pierscionek","10":"product_cat-srebro-2","11":"product_tag-azurowy-wzor","12":"product_tag-bizuteria-nowoczesna","13":"product_tag-cyrkonia","14":"product_tag-pierscionek-designerski","15":"product_tag-pierscionek-kwiaty","16":"product_tag-pierscionek-srebrny","17":"product_tag-plastry-miodu","18":"product_tag-ps53013","19":"product_tag-rodowane-srebro","20":"pa_kamien-cyrkonia","21":"pa_kruszec-srebro-rodowane","22":"pa_proba-0-925","23":"pa_rozmiar-2354","24":"pa_rozmiar-2355","25":"pa_rozmiar-2356","26":"pa_waga-590g","28":"first","29":"outofstock","30":"purchasable","31":"product-type-variable"},"aioseo_notices":[],"_links":{"self":[{"href":"https:\/\/staviori.com.pl\/cs\/wp-json\/wp\/v2\/product\/15223","targetHints":{"allow":["GET"]}}],"collection":[{"href":"https:\/\/staviori.com.pl\/cs\/wp-json\/wp\/v2\/product"}],"about":[{"href":"https:\/\/staviori.com.pl\/cs\/wp-json\/wp\/v2\/types\/product"}],"replies":[{"embeddable":true,"href":"https:\/\/staviori.com.pl\/cs\/wp-json\/wp\/v2\/comments?post=15223"}],"wp:featuredmedia":[{"embeddable":true,"href":"https:\/\/staviori.com.pl\/cs\/wp-json\/wp\/v2\/media\/15224"}],"wp:attachment":[{"href":"https:\/\/staviori.com.pl\/cs\/wp-json\/wp\/v2\/media?parent=15223"}],"wp:term":[{"taxonomy":"product_brand","embeddable":true,"href":"https:\/\/staviori.com.pl\/cs\/wp-json\/wp\/v2\/product_brand?post=15223"},{"taxonomy":"product_cat","embeddable":true,"href":"https:\/\/staviori.com.pl\/cs\/wp-json\/wp\/v2\/product_cat?post=15223"},{"taxonomy":"product_tag","embeddable":true,"href":"https:\/\/staviori.com.pl\/cs\/wp-json\/wp\/v2\/product_tag?post=15223"}],"curies":[{"name":"wp","href":"https:\/\/api.w.org\/{rel}","templated":true}]}}