{"id":15221,"date":"2025-02-24T22:48:22","date_gmt":"2025-02-24T21:48:22","guid":{"rendered":"https:\/\/staviori.com.pl\/product\/srebrny-pierscionek-pcs6568\/"},"modified":"2026-04-20T01:07:52","modified_gmt":"2026-04-19T23:07:52","slug":"srebrny-pierscionek-pcs6568","status":"publish","type":"product","link":"https:\/\/staviori.com.pl\/cs\/product\/srebrny-pierscionek-pcs6568\/","title":{"rendered":"St\u0159\u00edbrn\u00fd prsten se zirkony"},"content":{"rendered":"<p>Model: PCS6568<br \/>\nWaga ok. 2,05g<\/p>\n<p>Prsten.<br \/>\n0,925 rhodiovan\u00e9 st\u0159\u00edbro.<br \/>\nZirkonie.<\/p>\n<p>Dost\u0119pne tylko niekt\u00f3re rozmiary &#8211; prosimy pyta\u0107.<\/p>","protected":false},"excerpt":{"rendered":"<p>Tento klasick\u00fd z\u00e1snubn\u00ed prsten z rhodiovan\u00e9ho st\u0159\u00edbra 0,925 pot\u011b\u0161\u00ed svou nad\u010dasovou eleganc\u00ed. Ve st\u0159edov\u00e9m bod\u011b z\u00e1\u0159\u00ed kulat\u00fd zirkon zasazen\u00fd do \u0161estibok\u00e9 korunky, kter\u00e1 decentn\u011b odhaluje jeho lesk. Celek dopl\u0148uje jednoduch\u00e1, m\u00edrn\u011b zaoblen\u00e1 li\u0161ta, kter\u00e1 vytv\u00e1\u0159\u00ed v\u00fdjime\u010dn\u011b harmonickou kompozici. Dokonal\u00e1 volba pro \u017eeny, kter\u00e9 ocen\u00ed tradi\u010dn\u00ed kr\u00e1su a decentn\u00ed luxus.<\/p>","protected":false},"featured_media":19728,"comment_status":"closed","ping_status":"closed","template":"","meta":{"om_disable_all_campaigns":false},"product_brand":[2284,2350],"product_cat":[1384,801,2206,1817,145],"product_tag":[4352,4672,2603,5172,4668,2291,5171,5170,5173,2426],"class_list":{"0":"post-15221","1":"product","2":"type-product","3":"status-publish","4":"has-post-thumbnail","6":"product_brand-staviori","7":"product_brand-verona","8":"product_cat-bizuteria","9":"product_cat-pierscionki","10":"product_cat-srebrny-pierscionek","11":"product_cat-srebro-2","12":"product_cat-srebro","13":"product_tag-bizuteria-slubna","14":"product_tag-elegancki-pierscionek","15":"product_tag-klasyczna-bizuteria","16":"product_tag-pcs6568","17":"product_tag-pierscionek-zareczynowy","18":"product_tag-prezent-dla-niej","19":"product_tag-ps46568","20":"product_tag-pw46568","21":"product_tag-srebrny-pierscionek-z-cyrkonia","22":"product_tag-srebro-rodowane","23":"pa_kamien-cyrkonia","24":"pa_kruszec-srebro-rodowane","25":"pa_proba-0-925","26":"pa_rozmiar-2353","27":"pa_rozmiar-2354","28":"pa_rozmiar-2355","29":"pa_rozmiar-2356","30":"pa_rozmiar-2358","31":"pa_rozmiar-2359","32":"pa_rozmiar-2360","33":"pa_waga-205g","35":"first","36":"instock","37":"purchasable","38":"product-type-variable"},"aioseo_notices":[],"_links":{"self":[{"href":"https:\/\/staviori.com.pl\/cs\/wp-json\/wp\/v2\/product\/15221","targetHints":{"allow":["GET"]}}],"collection":[{"href":"https:\/\/staviori.com.pl\/cs\/wp-json\/wp\/v2\/product"}],"about":[{"href":"https:\/\/staviori.com.pl\/cs\/wp-json\/wp\/v2\/types\/product"}],"replies":[{"embeddable":true,"href":"https:\/\/staviori.com.pl\/cs\/wp-json\/wp\/v2\/comments?post=15221"}],"wp:featuredmedia":[{"embeddable":true,"href":"https:\/\/staviori.com.pl\/cs\/wp-json\/wp\/v2\/media\/19728"}],"wp:attachment":[{"href":"https:\/\/staviori.com.pl\/cs\/wp-json\/wp\/v2\/media?parent=15221"}],"wp:term":[{"taxonomy":"product_brand","embeddable":true,"href":"https:\/\/staviori.com.pl\/cs\/wp-json\/wp\/v2\/product_brand?post=15221"},{"taxonomy":"product_cat","embeddable":true,"href":"https:\/\/staviori.com.pl\/cs\/wp-json\/wp\/v2\/product_cat?post=15221"},{"taxonomy":"product_tag","embeddable":true,"href":"https:\/\/staviori.com.pl\/cs\/wp-json\/wp\/v2\/product_tag?post=15221"}],"curies":[{"name":"wp","href":"https:\/\/api.w.org\/{rel}","templated":true}]}}