{"id":15189,"date":"2025-02-24T22:48:22","date_gmt":"2025-02-24T21:48:22","guid":{"rendered":"https:\/\/staviori.com.pl\/product\/srebrny-pierscionek-pcs5848\/"},"modified":"2026-04-08T13:45:45","modified_gmt":"2026-04-08T11:45:45","slug":"srebrny-pierscionek-pcs5848","status":"publish","type":"product","link":"https:\/\/staviori.com.pl\/cs\/product\/srebrny-pierscionek-pcs5848\/","title":{"rendered":"St\u0159\u00edbrn\u00fd prsten se zirkony"},"content":{"rendered":"<p>Model: PCS5848<br \/>\nHmotnost p\u0159ibli\u017en\u011b 3,50 g<\/p>\n<p>Prsten.<br \/>\n0,925 rhodiovan\u00e9 st\u0159\u00edbro.<br \/>\nZirkonie.<\/p>\n<p>K dispozici jsou pouze n\u011bkter\u00e9 velikosti - zeptejte se<\/p>","protected":false},"excerpt":{"rendered":"<p>Stylowy pier\u015bcionek ze srebra rodowanego zachwyca nowoczesnym wzornictwem i blaskiem cyrkonii. Przeplataj\u0105ce si\u0119 linie tworz\u0105 efektowny motyw, kt\u00f3ry przyci\u0105ga wzrok i podkre\u015bla elegancj\u0119 bi\u017cuterii. Doskona\u0142y wyb\u00f3r dla kobiet, kt\u00f3re ceni\u0105 sobie subtelny blask w po\u0142\u0105czeniu z oryginaln\u0105 form\u0105. Idealny zar\u00f3wno na co dzie\u0144, jak i na wyj\u0105tkowe okazje.<\/p>","protected":false},"featured_media":20124,"comment_status":"closed","ping_status":"closed","template":"","meta":{"om_disable_all_campaigns":false},"product_brand":[2284,2350],"product_cat":[801,2206,1817],"product_tag":[2541,2454,4672,5160,5276,3101,2426],"class_list":{"0":"post-15189","1":"product","2":"type-product","3":"status-publish","4":"has-post-thumbnail","6":"product_brand-staviori","7":"product_brand-verona","8":"product_cat-pierscionki","9":"product_cat-srebrny-pierscionek","10":"product_cat-srebro-2","11":"product_tag-bizuteria-damska","12":"product_tag-cyrkonia","13":"product_tag-elegancki-pierscionek","14":"product_tag-pierscionek-srebrny","15":"product_tag-pierscionek-z-cyrkonia","16":"product_tag-srebrna-bizuteria","17":"product_tag-srebro-rodowane","18":"pa_kamien-cyrkonia","19":"pa_kruszec-srebro-rodowane","20":"pa_proba-0-925","21":"pa_rozmiar-2352","22":"pa_rozmiar-2354","23":"pa_rozmiar-2355","24":"pa_rozmiar-2358","25":"pa_waga-350g","27":"first","28":"instock","29":"purchasable","30":"product-type-variable"},"aioseo_notices":[],"_links":{"self":[{"href":"https:\/\/staviori.com.pl\/cs\/wp-json\/wp\/v2\/product\/15189","targetHints":{"allow":["GET"]}}],"collection":[{"href":"https:\/\/staviori.com.pl\/cs\/wp-json\/wp\/v2\/product"}],"about":[{"href":"https:\/\/staviori.com.pl\/cs\/wp-json\/wp\/v2\/types\/product"}],"replies":[{"embeddable":true,"href":"https:\/\/staviori.com.pl\/cs\/wp-json\/wp\/v2\/comments?post=15189"}],"wp:featuredmedia":[{"embeddable":true,"href":"https:\/\/staviori.com.pl\/cs\/wp-json\/wp\/v2\/media\/20124"}],"wp:attachment":[{"href":"https:\/\/staviori.com.pl\/cs\/wp-json\/wp\/v2\/media?parent=15189"}],"wp:term":[{"taxonomy":"product_brand","embeddable":true,"href":"https:\/\/staviori.com.pl\/cs\/wp-json\/wp\/v2\/product_brand?post=15189"},{"taxonomy":"product_cat","embeddable":true,"href":"https:\/\/staviori.com.pl\/cs\/wp-json\/wp\/v2\/product_cat?post=15189"},{"taxonomy":"product_tag","embeddable":true,"href":"https:\/\/staviori.com.pl\/cs\/wp-json\/wp\/v2\/product_tag?post=15189"}],"curies":[{"name":"wp","href":"https:\/\/api.w.org\/{rel}","templated":true}]}}