{"id":15183,"date":"2025-02-24T22:48:22","date_gmt":"2025-02-24T21:48:22","guid":{"rendered":"https:\/\/staviori.com.pl\/product\/pierscionek-z-diamentem-pcr1013\/"},"modified":"2026-02-11T00:09:09","modified_gmt":"2026-02-10T23:09:09","slug":"pierscionek-z-diamentem-pcr1013","status":"publish","type":"product","link":"https:\/\/staviori.com.pl\/cs\/product\/pierscionek-z-diamentem-pcr1013\/","title":{"rendered":"Exkluzivn\u00ed | \u0159et\u00edzkov\u00fd prsten s 0,13ct diamantem v r\u016f\u017eov\u00e9m zlat\u011b 750"},"content":{"rendered":"<p>Model: PCR1013<br \/>\nWaga ok. 0,46g<\/p>\n<p>\u0158et\u011bzov\u00fd krou\u017eek - kr\u00e1sn\u00fd.<br \/>\nR\u016f\u017eov\u00e9 zlato 0,750.<br \/>\n1 Diament, szlif brylantowy, o masie 0,13ct, barwa G, czysto\u015b\u0107 SI1.<br \/>\n1 Diament, szlif brylantowy, o masie 0,01ct, barwa G, czysto\u015b\u0107 SI1.<\/p>\n<p>Z\u00e1snubn\u00ed prsten<br \/>\nK dispozici jsou pouze n\u011bkter\u00e9 velikosti - zeptejte se<\/p>\n<p>&#8212;&#8212;&#8212;&#8212;&#8212;&#8212;&#8211;<br \/>\nOrigin\u00e1ln\u00ed a n\u00e1dhern\u00fd z\u00e1snubn\u00ed prsten z r\u016f\u017eov\u00e9ho zlata. Spojuje v sob\u011b jemnost \u0159et\u00edzku a kr\u00e1su italsk\u00e9ho designu. Tento neobvykl\u00fd model ukr\u00fdv\u00e1 dva diamanty. Jeden o hmotnosti 0,13 ct zasazen\u00fd v dokonal\u00e9m ko\u0161\u00ed\u010dku a osl\u0148uj\u00edc\u00ed ka\u017ed\u00e9ho sv\u00fdm leskem. Druh\u00fd je zasazen v z\u00e1kladn\u011b prstenu, co\u017e jej \u010din\u00ed je\u0161t\u011b v\u00fdjime\u010dn\u011bj\u0161\u00edm.<br \/>\nJedn\u00e1 se o model pro v\u00fdjime\u010dn\u00e9 osoby, kter\u00e9 oce\u0148uj\u00ed individualitu a kr\u00e1su v jej\u00ed \u010dist\u00e9 podob\u011b.<\/p>","protected":false},"excerpt":{"rendered":"<p>Oryginalny i zachwycaj\u0105cy pier\u015bcionek zar\u0119czynowy wykonany z r\u00f3\u017cowego z\u0142ota pr\u00f3by 0,750. Delikatna forma \u0142a\u0144cuszka \u0142\u0105czy si\u0119 tu z ol\u015bniewaj\u0105cym blaskiem dw\u00f3ch diament\u00f3w. G\u0142\u00f3wny kamie\u0144 o masie 0,13 ct, oprawiony w klasycznym koszyczku, przyci\u0105ga spojrzenia swoim czystym blaskiem. Dodatkowy diament umieszczony u podstawy pier\u015bcionka dodaje temu projektowi wyj\u0105tkowej symboliki i charakteru. To idealna propozycja dla kobiet ceni\u0105cych niepowtarzalny styl, subtelno\u015b\u0107 i w\u0142osk\u0105 elegancj\u0119.<\/p>","protected":false},"featured_media":5686,"comment_status":"closed","ping_status":"closed","template":"","meta":{"om_disable_all_campaigns":false},"product_brand":[2284],"product_cat":[1803,1838,6752,2182,801],"product_tag":[4679,2384,5159,5155,5156,4686,4687,5157,5158],"class_list":{"0":"post-15183","1":"product","2":"type-product","3":"status-publish","4":"has-post-thumbnail","6":"product_brand-staviori","7":"product_cat-brylanty-exclusive","8":"product_cat-diamenty","9":"product_cat-kolekcja-staviori-must-have","10":"product_cat-pierscionek-z-diamentem","11":"product_cat-pierscionki","12":"product_tag-delikatny-pierscionek","13":"product_tag-minimalistyczna-bizuteria","14":"product_tag-oryginalny-pierscionek-zareczynowy","15":"product_tag-pcr1013","16":"product_tag-pierscionek-lancuszkowy","17":"product_tag-pierscionek-z-diamentem","18":"product_tag-romantyczny-pierscionek","19":"product_tag-rozowe-zloto-750","20":"product_tag-wloska-bizuteria","21":"pa_barwa-g-2","22":"pa_czystosc-si1","23":"pa_kamien-brylant","24":"pa_kolor-rozowe","25":"pa_kruszec-zloto","26":"pa_proba-0-750","27":"pa_rozmiar-4355","28":"pa_rozmiar-2351","29":"pa_rozmiar-2352","30":"pa_rozmiar-2353","31":"pa_rozmiar-2354","32":"pa_rozmiar-4862","33":"pa_waga-045g","35":"first","36":"instock","37":"sold-individually","38":"purchasable","39":"product-type-simple"},"aioseo_notices":[],"_links":{"self":[{"href":"https:\/\/staviori.com.pl\/cs\/wp-json\/wp\/v2\/product\/15183","targetHints":{"allow":["GET"]}}],"collection":[{"href":"https:\/\/staviori.com.pl\/cs\/wp-json\/wp\/v2\/product"}],"about":[{"href":"https:\/\/staviori.com.pl\/cs\/wp-json\/wp\/v2\/types\/product"}],"replies":[{"embeddable":true,"href":"https:\/\/staviori.com.pl\/cs\/wp-json\/wp\/v2\/comments?post=15183"}],"wp:featuredmedia":[{"embeddable":true,"href":"https:\/\/staviori.com.pl\/cs\/wp-json\/wp\/v2\/media\/5686"}],"wp:attachment":[{"href":"https:\/\/staviori.com.pl\/cs\/wp-json\/wp\/v2\/media?parent=15183"}],"wp:term":[{"taxonomy":"product_brand","embeddable":true,"href":"https:\/\/staviori.com.pl\/cs\/wp-json\/wp\/v2\/product_brand?post=15183"},{"taxonomy":"product_cat","embeddable":true,"href":"https:\/\/staviori.com.pl\/cs\/wp-json\/wp\/v2\/product_cat?post=15183"},{"taxonomy":"product_tag","embeddable":true,"href":"https:\/\/staviori.com.pl\/cs\/wp-json\/wp\/v2\/product_tag?post=15183"}],"curies":[{"name":"wp","href":"https:\/\/api.w.org\/{rel}","templated":true}]}}