{"id":15175,"date":"2025-02-24T22:48:18","date_gmt":"2025-02-24T21:48:18","guid":{"rendered":"https:\/\/staviori.com.pl\/product\/pierscionek-z-diamentem-pbd6103\/"},"modified":"2026-02-11T00:09:09","modified_gmt":"2026-02-10T23:09:09","slug":"pierscionek-z-diamentem-pbd6103","status":"publish","type":"product","link":"https:\/\/staviori.com.pl\/cs\/product\/pierscionek-z-diamentem-pbd6103\/","title":{"rendered":"Exkluzivn\u00ed | kr\u00e1sn\u00fd prsten s hv\u011bzdou a diamanty ze zlata 750"},"content":{"rendered":"<p>Model: PBD6103<br \/>\nWaga ok. 1,70g<\/p>\n<p>Prsten.<br \/>\nB\u00edl\u00e9 zlato 0,750.<br \/>\n17 Diament\u00f3w, szlif brylantowy, o masie 0,14ct, barwa G, czysto\u015b\u0107 VS1-SI2.<\/p>\n<p>Lze vyrobit v jin\u00e9 zlat\u00e9 barv\u011b.<br \/>\nV\u00fdrobek v libovoln\u00e9 velikosti, dostupn\u00fd pouze na vy\u017e\u00e1d\u00e1n\u00ed, doba dod\u00e1n\u00ed cca 2 t\u00fddny.<\/p>","protected":false},"excerpt":{"rendered":"<p>Okouzluj\u00edc\u00ed prsten z b\u00edl\u00e9ho zlata 0,750, jeho\u017e srdce tvo\u0159\u00ed kv\u011btinov\u00fd motiv tvo\u0159en\u00fd 17 brilianty (o celkov\u00e9 hmotnosti 0,14 ct). Jemn\u00fd prsten a slo\u017eit\u011b uspo\u0159\u00e1dan\u00e9 okv\u011btn\u00ed l\u00edstky vytv\u00e1\u0159ej\u00ed harmonick\u00fd celek pln\u00fd \u017eensk\u00e9ho p\u016fvabu a jemn\u00e9ho kouzla. Ide\u00e1ln\u00ed volba pro milovnice \u0161perk\u016f inspirovan\u00fdch p\u0159\u00edrodou - romantick\u00fdch, lehk\u00fdch a oslniv\u00fdch.<\/p>","protected":false},"featured_media":5638,"comment_status":"closed","ping_status":"closed","template":"","meta":{"om_disable_all_campaigns":false},"product_brand":[2284],"product_cat":[1803,1838,2182,6741,801],"product_tag":[2308,4679,5115,5114,4708,2579],"class_list":{"0":"post-15175","1":"product","2":"type-product","3":"status-publish","4":"has-post-thumbnail","6":"product_brand-staviori","7":"product_cat-brylanty-exclusive","8":"product_cat-diamenty","9":"product_cat-pierscionek-z-diamentem","10":"product_cat-pierscionki-brylanty-exclusive","11":"product_cat-pierscionki","12":"product_tag-biale-zloto","13":"product_tag-delikatny-pierscionek","14":"product_tag-elegancki-styl","15":"product_tag-motyw-kwiatu","16":"product_tag-pierscionek-z-diamentami","17":"product_tag-romantyczna-bizuteria","18":"pa_barwa-g-2","19":"pa_czystosc-vs1","20":"pa_dostawca-hosgor","21":"pa_kamien-brylanty","22":"pa_kolor-biale","23":"pa_kruszec-zloto","24":"pa_okazja-idealne-na-zareczyny","25":"pa_proba-0-750","26":"pa_waga-170g","28":"first","29":"onbackorder","30":"purchasable","31":"product-type-simple"},"aioseo_notices":[],"_links":{"self":[{"href":"https:\/\/staviori.com.pl\/cs\/wp-json\/wp\/v2\/product\/15175","targetHints":{"allow":["GET"]}}],"collection":[{"href":"https:\/\/staviori.com.pl\/cs\/wp-json\/wp\/v2\/product"}],"about":[{"href":"https:\/\/staviori.com.pl\/cs\/wp-json\/wp\/v2\/types\/product"}],"replies":[{"embeddable":true,"href":"https:\/\/staviori.com.pl\/cs\/wp-json\/wp\/v2\/comments?post=15175"}],"wp:featuredmedia":[{"embeddable":true,"href":"https:\/\/staviori.com.pl\/cs\/wp-json\/wp\/v2\/media\/5638"}],"wp:attachment":[{"href":"https:\/\/staviori.com.pl\/cs\/wp-json\/wp\/v2\/media?parent=15175"}],"wp:term":[{"taxonomy":"product_brand","embeddable":true,"href":"https:\/\/staviori.com.pl\/cs\/wp-json\/wp\/v2\/product_brand?post=15175"},{"taxonomy":"product_cat","embeddable":true,"href":"https:\/\/staviori.com.pl\/cs\/wp-json\/wp\/v2\/product_cat?post=15175"},{"taxonomy":"product_tag","embeddable":true,"href":"https:\/\/staviori.com.pl\/cs\/wp-json\/wp\/v2\/product_tag?post=15175"}],"curies":[{"name":"wp","href":"https:\/\/api.w.org\/{rel}","templated":true}]}}