{"id":15173,"date":"2025-02-24T22:48:18","date_gmt":"2025-02-24T21:48:18","guid":{"rendered":"https:\/\/staviori.com.pl\/product\/pierscionek-z-diamentem-pbd6097\/"},"modified":"2026-02-11T00:09:08","modified_gmt":"2026-02-10T23:09:08","slug":"pierscionek-z-diamentem-pbd6097","status":"publish","type":"product","link":"https:\/\/staviori.com.pl\/cs\/product\/pierscionek-z-diamentem-pbd6097\/","title":{"rendered":"Exkluzivn\u00ed | prsten ve tvaru slzy s diamanty z 18kar\u00e1tov\u00e9ho zlata"},"content":{"rendered":"<p>Model: PBD6097<br \/>\nHmotnost p\u0159ibli\u017en\u011b 2,40 g<\/p>\n<p>Prsten.<br \/>\nB\u00edl\u00e9 zlato 0,750.<br \/>\n1 Diament, szlif brylantowy, o masie 0,04ct, barwa G, czysto\u015b\u0107 VS1-SI2.<br \/>\n34 Diamenty, szlif brylantowy, o masie 0,13ct, barwa G, czysto\u015b\u0107 VS1-SI2.<\/p>\n<p>Lze vyrobit v jin\u00e9 zlat\u00e9 barv\u011b.<br \/>\nV\u00fdrobek v libovoln\u00e9 velikosti, dostupn\u00fd pouze na vy\u017e\u00e1d\u00e1n\u00ed, doba dod\u00e1n\u00ed cca 2 t\u00fddny.<\/p>","protected":false},"excerpt":{"rendered":"<p>Urokliwy pier\u015bcionek z bia\u0142ego z\u0142ota pr\u00f3by 0,750, ozdobiony centralnym diamentem o masie 0,04 ct, umieszczonym w fantazyjnej oprawie w kszta\u0142cie \u0142ezki. Kompozycj\u0119 dope\u0142niaj\u0105 34 drobne diamenty o \u0142\u0105cznej masie 0,13 ct, kt\u00f3re roz\u015bwietlaj\u0105 obr\u0105czk\u0119 i kontur oprawy, dodaj\u0105c ca\u0142o\u015bci wyj\u0105tkowego blasku. To subtelna i pe\u0142na wdzi\u0119ku bi\u017cuteria, idealna na prezent lub wyj\u0105tkowy gest mi\u0142o\u015bci.<\/p>","protected":false},"featured_media":5628,"comment_status":"closed","ping_status":"closed","template":"","meta":{"om_disable_all_campaigns":false},"product_brand":[2284],"product_cat":[1803,1838,2182,6741,801],"product_tag":[2308,3781,5103,3751,2296,3745,4672,4909,4913,4906,5105,5101,5100,4668,2607,5102,5104,3777,4910],"class_list":{"0":"post-15173","1":"product","2":"type-product","3":"status-publish","4":"has-post-thumbnail","6":"product_brand-staviori","7":"product_cat-brylanty-exclusive","8":"product_cat-diamenty","9":"product_cat-pierscionek-z-diamentem","10":"product_cat-pierscionki-brylanty-exclusive","11":"product_cat-pierscionki","12":"product_tag-biale-zloto","13":"product_tag-bile-zlato","14":"product_tag-delicate-jewelry","15":"product_tag-diamanty","16":"product_tag-diamenty","17":"product_tag-diamonds","18":"product_tag-elegancki-pierscionek","19":"product_tag-elegant-ring","20":"product_tag-elegantni-prsten","21":"product_tag-engagement-ring","22":"product_tag-jemny-sperk","23":"product_tag-ksztalt-lzy","24":"product_tag-pbd6097","25":"product_tag-pierscionek-zareczynowy","26":"product_tag-subtelna-bizuteria","27":"product_tag-teardrop-shape","28":"product_tag-tvar-kapky","29":"product_tag-white-gold","30":"product_tag-zasnubni-prsten","31":"pa_barwa-g-2","32":"pa_czystosc-vs1","33":"pa_dostawca-hosgor","34":"pa_kamien-diament","35":"pa_kolor-biale","36":"pa_kruszec-zloto","37":"pa_okazja-idealne-na-zareczyny","38":"pa_proba-0-750","39":"pa_waga-240g","41":"first","42":"onbackorder","43":"purchasable","44":"product-type-simple"},"aioseo_notices":[],"_links":{"self":[{"href":"https:\/\/staviori.com.pl\/cs\/wp-json\/wp\/v2\/product\/15173","targetHints":{"allow":["GET"]}}],"collection":[{"href":"https:\/\/staviori.com.pl\/cs\/wp-json\/wp\/v2\/product"}],"about":[{"href":"https:\/\/staviori.com.pl\/cs\/wp-json\/wp\/v2\/types\/product"}],"replies":[{"embeddable":true,"href":"https:\/\/staviori.com.pl\/cs\/wp-json\/wp\/v2\/comments?post=15173"}],"wp:featuredmedia":[{"embeddable":true,"href":"https:\/\/staviori.com.pl\/cs\/wp-json\/wp\/v2\/media\/5628"}],"wp:attachment":[{"href":"https:\/\/staviori.com.pl\/cs\/wp-json\/wp\/v2\/media?parent=15173"}],"wp:term":[{"taxonomy":"product_brand","embeddable":true,"href":"https:\/\/staviori.com.pl\/cs\/wp-json\/wp\/v2\/product_brand?post=15173"},{"taxonomy":"product_cat","embeddable":true,"href":"https:\/\/staviori.com.pl\/cs\/wp-json\/wp\/v2\/product_cat?post=15173"},{"taxonomy":"product_tag","embeddable":true,"href":"https:\/\/staviori.com.pl\/cs\/wp-json\/wp\/v2\/product_tag?post=15173"}],"curies":[{"name":"wp","href":"https:\/\/api.w.org\/{rel}","templated":true}]}}