{"id":15170,"date":"2025-02-24T22:48:18","date_gmt":"2025-02-24T21:48:18","guid":{"rendered":"https:\/\/staviori.com.pl\/product\/pierscionek-z-diamentem-pbd6093\/"},"modified":"2026-02-11T00:09:08","modified_gmt":"2026-02-10T23:09:08","slug":"pierscionek-z-diamentem-pbd6093","status":"publish","type":"product","link":"https:\/\/staviori.com.pl\/cs\/product\/pierscionek-z-diamentem-pbd6093\/","title":{"rendered":"Exkluzivn\u00ed | kr\u00e1sn\u00fd diamantov\u00fd kv\u011bt z 18kar\u00e1tov\u00e9ho zlata"},"content":{"rendered":"<p>Model: PBD6093<br \/>\nHmotnost p\u0159ibli\u017en\u011b 1,95 g<\/p>\n<p>Prsten.<br \/>\nB\u00edl\u00e9 zlato 0,750.<br \/>\n1 diamant, mark\u00fdzov\u00fd brus, hmotnost 0,09 ct, barva G, \u010distota VS1-SI2.<br \/>\n2 diamanty, hru\u0161kov\u00fd brus, hmotnost 0,28ct, barva G, \u010dirost VS1-SI2.<br \/>\n24 diamant\u016f, briliantov\u00fd brus, hmotnost 0,20ct, barva G, \u010dirost VS1-SI2.<\/p>\n<p>Lze vyrobit v jin\u00e9 zlat\u00e9 barv\u011b.<\/p>\n<p>V\u00fdrobek v libovoln\u00e9 velikosti, dostupn\u00fd pouze na vy\u017e\u00e1d\u00e1n\u00ed, doba dod\u00e1n\u00ed cca 2 t\u00fddny.<\/p>","protected":false},"excerpt":{"rendered":"<p>\u00da\u017easn\u00fd prsten z b\u00edl\u00e9ho zlata 0.750 s jedine\u010dn\u00fdm tvarem p\u0159ipom\u00ednaj\u00edc\u00edm jemn\u00e9ho mot\u00fdla nebo ma\u0161li. Kompozici tvo\u0159\u00ed diamanty v barv\u00e1ch marquise, pear a briliant - celkem a\u017e 27 kamen\u016f o celkov\u00e9 hmotnosti 0,57 ct. Jejich umn\u00e9 uspo\u0159\u00e1d\u00e1n\u00ed vytv\u00e1\u0159\u00ed okouzluj\u00edc\u00ed, mimo\u0159\u00e1dn\u011b \u017eensk\u00fd design. Ide\u00e1ln\u00ed pro ty, kdo hledaj\u00ed \u0161perk s du\u0161\u00ed - jemn\u00fd, lehk\u00fd, a p\u0159esto pln\u00fd presti\u017ee.<\/p>","protected":false},"featured_media":5614,"comment_status":"closed","ping_status":"closed","template":"","meta":{"om_disable_all_campaigns":false},"product_brand":[2284],"product_cat":[1803,1838,2182,801],"product_tag":[2308,3781,4995,5084,4923,4928,5083,5085,4988,2280,3747,4042,5086,5081,4708,5082,5087,3777],"class_list":{"0":"post-15170","1":"product","2":"type-product","3":"status-publish","4":"has-post-thumbnail","6":"product_brand-staviori","7":"product_cat-brylanty-exclusive","8":"product_cat-diamenty","9":"product_cat-pierscionek-z-diamentem","10":"product_cat-pierscionki","11":"product_tag-biale-zloto","12":"product_tag-bile-zlato","13":"product_tag-bow-ring","14":"product_tag-butterfly-motif","15":"product_tag-diamantovy-prsten","16":"product_tag-diamond-ring","17":"product_tag-elegancki-design","18":"product_tag-elegant-design","19":"product_tag-elegantni-design","20":"product_tag-luksusowa-bizuteria","21":"product_tag-luxury-jewelry","22":"product_tag-luxusni-sperk","23":"product_tag-motiv-motyla","24":"product_tag-motyw-motyla","25":"product_tag-pierscionek-z-diamentami","26":"product_tag-pierscionek-z-kokarda","27":"product_tag-prsten-s-masli","28":"product_tag-white-gold","29":"pa_barwa-g-2","30":"pa_czystosc-vs1","31":"pa_dostawca-hosgor","32":"pa_kamien-brylanty","33":"pa_kolor-biale","34":"pa_kruszec-zloto","35":"pa_motyw-kwiatek","36":"pa_proba-0-750","37":"pa_waga-195g","39":"first","40":"onbackorder","41":"purchasable","42":"product-type-simple"},"aioseo_notices":[],"_links":{"self":[{"href":"https:\/\/staviori.com.pl\/cs\/wp-json\/wp\/v2\/product\/15170","targetHints":{"allow":["GET"]}}],"collection":[{"href":"https:\/\/staviori.com.pl\/cs\/wp-json\/wp\/v2\/product"}],"about":[{"href":"https:\/\/staviori.com.pl\/cs\/wp-json\/wp\/v2\/types\/product"}],"replies":[{"embeddable":true,"href":"https:\/\/staviori.com.pl\/cs\/wp-json\/wp\/v2\/comments?post=15170"}],"wp:featuredmedia":[{"embeddable":true,"href":"https:\/\/staviori.com.pl\/cs\/wp-json\/wp\/v2\/media\/5614"}],"wp:attachment":[{"href":"https:\/\/staviori.com.pl\/cs\/wp-json\/wp\/v2\/media?parent=15170"}],"wp:term":[{"taxonomy":"product_brand","embeddable":true,"href":"https:\/\/staviori.com.pl\/cs\/wp-json\/wp\/v2\/product_brand?post=15170"},{"taxonomy":"product_cat","embeddable":true,"href":"https:\/\/staviori.com.pl\/cs\/wp-json\/wp\/v2\/product_cat?post=15170"},{"taxonomy":"product_tag","embeddable":true,"href":"https:\/\/staviori.com.pl\/cs\/wp-json\/wp\/v2\/product_tag?post=15170"}],"curies":[{"name":"wp","href":"https:\/\/api.w.org\/{rel}","templated":true}]}}