{"id":15167,"date":"2025-02-24T22:48:18","date_gmt":"2025-02-24T21:48:18","guid":{"rendered":"https:\/\/staviori.com.pl\/product\/pierscionek-z-diamentem-pbd6000s\/"},"modified":"2026-02-11T00:09:08","modified_gmt":"2026-02-10T23:09:08","slug":"pierscionek-z-diamentem-pbd6000s","status":"publish","type":"product","link":"https:\/\/staviori.com.pl\/cs\/product\/pierscionek-z-diamentem-pbd6000s\/","title":{"rendered":"Exkluzivn\u011b | kr\u00e1sn\u00fd prsten se saf\u00edrem a diamantem, 750 sterlingov\u00e9 st\u0159\u00edbro"},"content":{"rendered":"<p>Model: PBD6000S<br \/>\nHmotnost p\u0159ibli\u017en\u011b 1,80 g<\/p>\n<p>Prsten.<br \/>\nB\u00edl\u00e9 zlato 0,750.<br \/>\n34 Diamenty, szlif brylantowy, o masie 0,06ct, barwa G, czysto\u015b\u0107 VS2-SI1.<br \/>\n1 Szafir, o masie 0,48ct.<\/p>\n<p>\u015arednica korony ok. 8&#215;6 mm.<br \/>\nV\u00fdrobek v libovoln\u00e9 velikosti, dostupn\u00fd pouze na vy\u017e\u00e1d\u00e1n\u00ed, doba dod\u00e1n\u00ed cca 2 t\u00fddny.<\/p>\n<p>Przepi\u0119kny pier\u015bcionek z szafirem otoczonym brylantami.<br \/>\nDost\u0119pny w \u017c\u00f3\u0142tym, bia\u0142ym lub r\u00f3\u017cowym z\u0142ocie.<\/p>","protected":false},"excerpt":{"rendered":"<p>Kr\u00e1sn\u00fd prsten z b\u00edl\u00e9ho zlata 0.750, jeho\u017e srdcem je intenzivn\u00ed modr\u00fd saf\u00edr o v\u00e1ze 0,48 ct. Tento k\u00e1men je obklopen 34 t\u0159pytiv\u00fdmi diamanty o celkov\u00e9 hmotnosti 0,06 ct, kter\u00e9 vytv\u00e1\u0159ej\u00ed elegantn\u00ed korunku ov\u00e1ln\u00e9ho tvaru. Jemn\u00fd prsten zdoben\u00fd diamanty dod\u00e1v\u00e1 prstenu luxusn\u00ed n\u00e1dech. Ide\u00e1ln\u00ed volba pro \u017eeny, kter\u00e9 ocen\u00ed klasickou kr\u00e1su s n\u00e1dechem kr\u00e1lovsk\u00e9 elegance.<\/p>","protected":false},"featured_media":5604,"comment_status":"closed","ping_status":"closed","template":"","meta":{"om_disable_all_campaigns":false},"product_brand":[2284],"product_cat":[1803,1838,2182,801],"product_tag":[2308,3781,2689,5119,3751,2296,4928,5120,5123,2947,4042,5118,5122,5116,4685,5121,5117,3777],"class_list":{"0":"post-15167","1":"product","2":"type-product","3":"status-publish","4":"has-post-thumbnail","6":"product_brand-staviori","7":"product_cat-brylanty-exclusive","8":"product_cat-diamenty","9":"product_cat-pierscionek-z-diamentem","10":"product_cat-pierscionki","11":"product_tag-biale-zloto","12":"product_tag-bile-zlato","13":"product_tag-bizuteria-z-kamieniami-szlachetnymi","14":"product_tag-classic-elegance","15":"product_tag-diamanty","16":"product_tag-diamenty","17":"product_tag-diamond-ring","18":"product_tag-fine-gemstone-jewelry","19":"product_tag-klasicka-elegance","20":"product_tag-klasyczna-elegancja","21":"product_tag-luxusni-sperk","22":"product_tag-oval-ring","23":"product_tag-ovalny-prsten","24":"product_tag-pierscionek-owalny","25":"product_tag-pierscionek-z-szafirem","26":"product_tag-safirovy-prsten","27":"product_tag-sapphire-ring","28":"product_tag-white-gold","29":"pa_barwa-g-2","30":"pa_czystosc-vs2","31":"pa_dostawca-hosgor","32":"pa_kamien-brylanty","33":"pa_kamien-szafir","34":"pa_kolor-biale","35":"pa_kruszec-zloto","36":"pa_proba-0-750","37":"pa_srednica-korony-ok-8x6mm","38":"pa_waga-180g","40":"first","41":"onbackorder","42":"purchasable","43":"product-type-simple"},"aioseo_notices":[],"_links":{"self":[{"href":"https:\/\/staviori.com.pl\/cs\/wp-json\/wp\/v2\/product\/15167","targetHints":{"allow":["GET"]}}],"collection":[{"href":"https:\/\/staviori.com.pl\/cs\/wp-json\/wp\/v2\/product"}],"about":[{"href":"https:\/\/staviori.com.pl\/cs\/wp-json\/wp\/v2\/types\/product"}],"replies":[{"embeddable":true,"href":"https:\/\/staviori.com.pl\/cs\/wp-json\/wp\/v2\/comments?post=15167"}],"wp:featuredmedia":[{"embeddable":true,"href":"https:\/\/staviori.com.pl\/cs\/wp-json\/wp\/v2\/media\/5604"}],"wp:attachment":[{"href":"https:\/\/staviori.com.pl\/cs\/wp-json\/wp\/v2\/media?parent=15167"}],"wp:term":[{"taxonomy":"product_brand","embeddable":true,"href":"https:\/\/staviori.com.pl\/cs\/wp-json\/wp\/v2\/product_brand?post=15167"},{"taxonomy":"product_cat","embeddable":true,"href":"https:\/\/staviori.com.pl\/cs\/wp-json\/wp\/v2\/product_cat?post=15167"},{"taxonomy":"product_tag","embeddable":true,"href":"https:\/\/staviori.com.pl\/cs\/wp-json\/wp\/v2\/product_tag?post=15167"}],"curies":[{"name":"wp","href":"https:\/\/api.w.org\/{rel}","templated":true}]}}