{"id":15165,"date":"2025-02-24T22:48:18","date_gmt":"2025-02-24T21:48:18","guid":{"rendered":"https:\/\/staviori.com.pl\/product\/pierscionek-z-diamentem-pbd5400b\/"},"modified":"2026-02-11T00:09:08","modified_gmt":"2026-02-10T23:09:08","slug":"pierscionek-z-diamentem-pbd5400b","status":"publish","type":"product","link":"https:\/\/staviori.com.pl\/cs\/product\/pierscionek-z-diamentem-pbd5400b\/","title":{"rendered":"Kr\u00e1sn\u00fd jemn\u00fd prsten s \u010dern\u00fdmi diamanty z b\u00edl\u00e9ho zlata"},"content":{"rendered":"<p>Model: PBD5400B<br \/>\nWaga ok. 1,45g<\/p>\n<p>Prsten.<br \/>\nB\u00edl\u00e9 zlato 0,585.<br \/>\n9 Diament\u00f3w, kolor czarny, szlif brylantowy, o masie 0,20ct.<\/p>\n<p>Korunka 21 \u00d7 4 mm.<br \/>\n\u0160\u00ed\u0159ka krou\u017eku p\u0159ibli\u017en\u011b 1,2 mm.<\/p>\n<p>K dispozici jsou pouze n\u011bkter\u00e9 velikosti - zeptejte se<\/p>\n<p>Je\u015bli brak na magazynie &#8211; dost\u0119pny tylko na zam\u00f3wienie.<br \/>\nTermin realizacji oko\u0142o 4 tygodni.<\/p>","protected":false},"excerpt":{"rendered":"<p>Intryguj\u0105cy pier\u015bcionek z bia\u0142ego z\u0142ota pr\u00f3by 0,585 ozdobiony dziewi\u0119cioma czarnymi diamentami o szlifie brylantowym. Kompozycja nieregularnie rozmieszczonych kamieni tworzy subteln\u0105, a jednocze\u015bnie wyrazist\u0105 form\u0119, idealn\u0105 dla mi\u0142o\u015bniczek nowoczesnej i odwa\u017cnej bi\u017cuterii. Delikatna obr\u0105czka harmonijnie podkre\u015bla kontrast pomi\u0119dzy biel\u0105 z\u0142ota a g\u0142\u0119bi\u0105 czerni. Ten model doskonale sprawdzi si\u0119 zar\u00f3wno na co dzie\u0144, jak i jako wyj\u0105tkowy akcent stylizacji wieczorowej.<\/p>","protected":false},"featured_media":5587,"comment_status":"closed","ping_status":"closed","template":"","meta":{"om_disable_all_campaigns":false},"product_brand":[2284],"product_cat":[1838,6752,2182,801],"product_tag":[4807,2319,5149,5150,4856,2569,4767],"class_list":{"0":"post-15165","1":"product","2":"type-product","3":"status-publish","4":"has-post-thumbnail","6":"product_brand-staviori","7":"product_cat-diamenty","8":"product_cat-kolekcja-staviori-must-have","9":"product_cat-pierscionek-z-diamentem","10":"product_cat-pierscionki","11":"product_tag-biale-zloto-585","12":"product_tag-czarne-diamenty","13":"product_tag-czarny-pierscionek","14":"product_tag-diamenty-w-koronie","15":"product_tag-minimalistyczny-pierscionek","16":"product_tag-nowoczesna-bizuteria","17":"product_tag-pierscionek-z-bialego-zlota","18":"pa_barwa-czarna","19":"pa_dostawca-estrella","20":"pa_kamien-czarne-diamenty","21":"pa_kolor-biale","22":"pa_korona-21x4mm","23":"pa_kruszec-zloto","24":"pa_proba-0-585","25":"pa_rozmiar-2357","26":"pa_szerokosc-obraczki-ok-1-2mm","27":"pa_waga-145g","29":"first","30":"instock","31":"purchasable","32":"product-type-simple"},"aioseo_notices":[],"_links":{"self":[{"href":"https:\/\/staviori.com.pl\/cs\/wp-json\/wp\/v2\/product\/15165","targetHints":{"allow":["GET"]}}],"collection":[{"href":"https:\/\/staviori.com.pl\/cs\/wp-json\/wp\/v2\/product"}],"about":[{"href":"https:\/\/staviori.com.pl\/cs\/wp-json\/wp\/v2\/types\/product"}],"replies":[{"embeddable":true,"href":"https:\/\/staviori.com.pl\/cs\/wp-json\/wp\/v2\/comments?post=15165"}],"wp:featuredmedia":[{"embeddable":true,"href":"https:\/\/staviori.com.pl\/cs\/wp-json\/wp\/v2\/media\/5587"}],"wp:attachment":[{"href":"https:\/\/staviori.com.pl\/cs\/wp-json\/wp\/v2\/media?parent=15165"}],"wp:term":[{"taxonomy":"product_brand","embeddable":true,"href":"https:\/\/staviori.com.pl\/cs\/wp-json\/wp\/v2\/product_brand?post=15165"},{"taxonomy":"product_cat","embeddable":true,"href":"https:\/\/staviori.com.pl\/cs\/wp-json\/wp\/v2\/product_cat?post=15165"},{"taxonomy":"product_tag","embeddable":true,"href":"https:\/\/staviori.com.pl\/cs\/wp-json\/wp\/v2\/product_tag?post=15165"}],"curies":[{"name":"wp","href":"https:\/\/api.w.org\/{rel}","templated":true}]}}